{"id":336896,"date":"2023-11-06T09:45:54","date_gmt":"2023-11-06T09:45:54","guid":{"rendered":"https:\/\/poccky.com\/?post_type=product&#038;p=336896"},"modified":"2023-11-06T09:46:04","modified_gmt":"2023-11-06T09:46:04","slug":"cristina-hot-2","status":"publish","type":"product","link":"https:\/\/poccky.com\/index.php\/product\/cristina-hot-2\/","title":{"rendered":"Cristina-HoT"},"content":{"rendered":"","protected":false},"excerpt":{"rendered":"<p>Hallo ihre Liebhaber ? &#8230;.<br \/>\n&#8211;<br \/>\nfreue mich das du auf meinem Profil gelandet bist und ich dein Interesse wecken konnte.<br \/>\n&#8211;<br \/>\nUm meinen wohltuenden Service umfassend genie\u00dfen zu k\u00f6nnen. solltest Du viel Zeit mitbringen. dann sind wir vollkommen ungest\u00f6rt und k\u00f6nnen uns voller Leidenschaft unseren wilden Fantasien bis zur hei\u00dfen Extase hingeben.<br \/>\nIch warte schon ganz gespannt auf Dich !<br \/>\n?<br \/>\nDiskretion. Sauberkeit und Zuverl\u00e4ssigkeit werden geboten. sowie erwartet. Du wirst es toll finden. eine ungest\u00f6rte. sch\u00f6ne Zeit mit mir zu genie\u00dfen !<br \/>\nDaher w\u00fcrde ich mich freuen wenn du mich besuchen kommst und wir ein paar prickelnde. erotische Stunden zusammen verbringen k\u00f6nnen.<br \/>\n&#8211;<br \/>\n&#8211;<br \/>\n? P.S:<br \/>\nIch bin besuchbar. Ruf mich gerne an !<br \/>\n? Ein Treffen ist nur nach vorheriger Absprache m\u00f6glich! viele K\u00fcsse ? My details Below mentioned<\/p>\n<p>                Nationality:<br \/>\n                ENGLISH <\/p>\n<p>                Languages:<br \/>\n                ENGLISH<\/p>\n<p>                Age:<br \/>\n                21<\/p>\n<p>                Height:<br \/>\n                172<\/p>\n<p>                Weight:<br \/>\n                52<\/p>\n<p>                Hair:<br \/>\n                LONG BRUNET<\/p>\n<p>                Eyes:<br \/>\n                BROWN<\/p>\n<p>                Measurements:<br \/>\n                86-62-90phone_android Phone:<br \/>\n          01737840497<\/p>\n","protected":false},"featured_media":98071,"comment_status":"open","ping_status":"closed","template":"","meta":{"site-sidebar-layout":"default","site-content-layout":"","ast-site-content-layout":"","site-content-style":"default","site-sidebar-style":"default","ast-global-header-display":"","ast-banner-title-visibility":"","ast-main-header-display":"","ast-hfb-above-header-display":"","ast-hfb-below-header-display":"","ast-hfb-mobile-header-display":"","site-post-title":"","ast-breadcrumbs-content":"","ast-featured-img":"","footer-sml-layout":"","theme-transparent-header-meta":"","adv-header-id-meta":"","stick-header-meta":"","header-above-stick-meta":"","header-main-stick-meta":"","header-below-stick-meta":"","astra-migrate-meta-layouts":"default","ast-page-background-enabled":"default","ast-page-background-meta":{"desktop":{"background-color":"var(--ast-global-color-4)","background-image":"","background-repeat":"repeat","background-position":"center center","background-size":"auto","background-attachment":"scroll","background-type":"","background-media":"","overlay-type":"","overlay-color":"","overlay-opacity":"","overlay-gradient":""},"tablet":{"background-color":"","background-image":"","background-repeat":"repeat","background-position":"center center","background-size":"auto","background-attachment":"scroll","background-type":"","background-media":"","overlay-type":"","overlay-color":"","overlay-opacity":"","overlay-gradient":""},"mobile":{"background-color":"","background-image":"","background-repeat":"repeat","background-position":"center center","background-size":"auto","background-attachment":"scroll","background-type":"","background-media":"","overlay-type":"","overlay-color":"","overlay-opacity":"","overlay-gradient":""}},"ast-content-background-meta":{"desktop":{"background-color":"var(--ast-global-color-5)","background-image":"","background-repeat":"repeat","background-position":"center center","background-size":"auto","background-attachment":"scroll","background-type":"","background-media":"","overlay-type":"","overlay-color":"","overlay-opacity":"","overlay-gradient":""},"tablet":{"background-color":"var(--ast-global-color-5)","background-image":"","background-repeat":"repeat","background-position":"center center","background-size":"auto","background-attachment":"scroll","background-type":"","background-media":"","overlay-type":"","overlay-color":"","overlay-opacity":"","overlay-gradient":""},"mobile":{"background-color":"var(--ast-global-color-5)","background-image":"","background-repeat":"repeat","background-position":"center center","background-size":"auto","background-attachment":"scroll","background-type":"","background-media":"","overlay-type":"","overlay-color":"","overlay-opacity":"","overlay-gradient":""}}},"product_brand":[],"product_cat":[996,188,811],"product_tag":[],"class_list":{"0":"post-336896","1":"product","2":"type-product","3":"status-publish","4":"has-post-thumbnail","6":"product_cat-berlin","7":"product_cat-freelancer","8":"product_cat-germany","9":"desktop-align-left","10":"tablet-align-left","11":"mobile-align-left","13":"first","14":"instock","15":"shipping-taxable","16":"product-type-simple"},"_links":{"self":[{"href":"https:\/\/poccky.com\/index.php\/wp-json\/wp\/v2\/product\/336896","targetHints":{"allow":["GET"]}}],"collection":[{"href":"https:\/\/poccky.com\/index.php\/wp-json\/wp\/v2\/product"}],"about":[{"href":"https:\/\/poccky.com\/index.php\/wp-json\/wp\/v2\/types\/product"}],"replies":[{"embeddable":true,"href":"https:\/\/poccky.com\/index.php\/wp-json\/wp\/v2\/comments?post=336896"}],"wp:featuredmedia":[{"embeddable":true,"href":"https:\/\/poccky.com\/index.php\/wp-json\/wp\/v2\/media\/98071"}],"wp:attachment":[{"href":"https:\/\/poccky.com\/index.php\/wp-json\/wp\/v2\/media?parent=336896"}],"wp:term":[{"taxonomy":"product_brand","embeddable":true,"href":"https:\/\/poccky.com\/index.php\/wp-json\/wp\/v2\/product_brand?post=336896"},{"taxonomy":"product_cat","embeddable":true,"href":"https:\/\/poccky.com\/index.php\/wp-json\/wp\/v2\/product_cat?post=336896"},{"taxonomy":"product_tag","embeddable":true,"href":"https:\/\/poccky.com\/index.php\/wp-json\/wp\/v2\/product_tag?post=336896"}],"curies":[{"name":"wp","href":"https:\/\/api.w.org\/{rel}","templated":true}]}}