{"id":336515,"date":"2023-11-06T08:33:29","date_gmt":"2023-11-06T08:33:29","guid":{"rendered":"https:\/\/poccky.com\/?post_type=product&#038;p=336515"},"modified":"2023-11-06T08:33:30","modified_gmt":"2023-11-06T08:33:30","slug":"eat-and-fuck-my-pink-pussy-2","status":"publish","type":"product","link":"https:\/\/poccky.com\/index.php\/product\/eat-and-fuck-my-pink-pussy-2\/","title":{"rendered":"EAT AND FUCK MY PINK PUSSY"},"content":{"rendered":"","protected":false},"excerpt":{"rendered":"<p>Hej min k\u00e5ta v\u00e4n<\/p>\n<p>Jag \u00e4r en vacker sexig tjej med en sensuell kropp. Jag \u00e4r helrakad. L\u00e5ngt h\u00e5r med fina bruna \u00f6gon. Rund fin rumpa och br\u00f6st.<\/p>\n<p>Du vill kanske leka med min rosa v\u00e5ta fitta och slicka mig. Sedan tar du dina fingrar och stoppar in dem medan jag st\u00f6nar f\u00f6r din kuk. du tar ut fingrarna suger p\u00e5 mina br\u00f6stv\u00e5rtor och sedan tar du in din kuk och glider den in sakta i min varma v\u00e5ta fitta som vill bli knullad nu.<\/p>\n<p>Sedan tar du ut den och leker med min s\u00f6ta runda rumpa och leker med min h\u00e5la f\u00f6r att sedan ta din kuk och glider den i min anal. Du f\u00e5r knulla mig hur h\u00e5rdt du vill och f\u00e5r komma tv\u00e5 g\u00e5nger<\/p>\n<p>\u00c4r k\u00e5t alla timmar om dan<\/p>\n<p>.. Diskretion och renhet My details Below mentioned<\/p>\n<p>                Nationality:<br \/>\n                Afrian\/Swedish <\/p>\n<p>                Languages:<br \/>\n                English. Swedish<\/p>\n<p>                Age:<br \/>\n                20<\/p>\n<p>                Height:<br \/>\n                170<\/p>\n<p>                Weight:<br \/>\n                56<\/p>\n<p>                Hair:<br \/>\n                dark<\/p>\n<p>                Eyes:<br \/>\n                brown<\/p>\n","protected":false},"featured_media":91476,"comment_status":"open","ping_status":"closed","template":"","meta":{"site-sidebar-layout":"default","site-content-layout":"","ast-site-content-layout":"","site-content-style":"default","site-sidebar-style":"default","ast-global-header-display":"","ast-banner-title-visibility":"","ast-main-header-display":"","ast-hfb-above-header-display":"","ast-hfb-below-header-display":"","ast-hfb-mobile-header-display":"","site-post-title":"","ast-breadcrumbs-content":"","ast-featured-img":"","footer-sml-layout":"","theme-transparent-header-meta":"","adv-header-id-meta":"","stick-header-meta":"","header-above-stick-meta":"","header-main-stick-meta":"","header-below-stick-meta":"","astra-migrate-meta-layouts":"default","ast-page-background-enabled":"default","ast-page-background-meta":{"desktop":{"background-color":"var(--ast-global-color-4)","background-image":"","background-repeat":"repeat","background-position":"center center","background-size":"auto","background-attachment":"scroll","background-type":"","background-media":"","overlay-type":"","overlay-color":"","overlay-opacity":"","overlay-gradient":""},"tablet":{"background-color":"","background-image":"","background-repeat":"repeat","background-position":"center center","background-size":"auto","background-attachment":"scroll","background-type":"","background-media":"","overlay-type":"","overlay-color":"","overlay-opacity":"","overlay-gradient":""},"mobile":{"background-color":"","background-image":"","background-repeat":"repeat","background-position":"center center","background-size":"auto","background-attachment":"scroll","background-type":"","background-media":"","overlay-type":"","overlay-color":"","overlay-opacity":"","overlay-gradient":""}},"ast-content-background-meta":{"desktop":{"background-color":"var(--ast-global-color-5)","background-image":"","background-repeat":"repeat","background-position":"center center","background-size":"auto","background-attachment":"scroll","background-type":"","background-media":"","overlay-type":"","overlay-color":"","overlay-opacity":"","overlay-gradient":""},"tablet":{"background-color":"var(--ast-global-color-5)","background-image":"","background-repeat":"repeat","background-position":"center center","background-size":"auto","background-attachment":"scroll","background-type":"","background-media":"","overlay-type":"","overlay-color":"","overlay-opacity":"","overlay-gradient":""},"mobile":{"background-color":"var(--ast-global-color-5)","background-image":"","background-repeat":"repeat","background-position":"center center","background-size":"auto","background-attachment":"scroll","background-type":"","background-media":"","overlay-type":"","overlay-color":"","overlay-opacity":"","overlay-gradient":""}}},"product_brand":[],"product_cat":[188,803,804],"product_tag":[],"class_list":{"0":"post-336515","1":"product","2":"type-product","3":"status-publish","4":"has-post-thumbnail","6":"product_cat-freelancer","7":"product_cat-norway","8":"product_cat-oslo","9":"desktop-align-left","10":"tablet-align-left","11":"mobile-align-left","13":"first","14":"instock","15":"shipping-taxable","16":"product-type-simple"},"_links":{"self":[{"href":"https:\/\/poccky.com\/index.php\/wp-json\/wp\/v2\/product\/336515","targetHints":{"allow":["GET"]}}],"collection":[{"href":"https:\/\/poccky.com\/index.php\/wp-json\/wp\/v2\/product"}],"about":[{"href":"https:\/\/poccky.com\/index.php\/wp-json\/wp\/v2\/types\/product"}],"replies":[{"embeddable":true,"href":"https:\/\/poccky.com\/index.php\/wp-json\/wp\/v2\/comments?post=336515"}],"wp:featuredmedia":[{"embeddable":true,"href":"https:\/\/poccky.com\/index.php\/wp-json\/wp\/v2\/media\/91476"}],"wp:attachment":[{"href":"https:\/\/poccky.com\/index.php\/wp-json\/wp\/v2\/media?parent=336515"}],"wp:term":[{"taxonomy":"product_brand","embeddable":true,"href":"https:\/\/poccky.com\/index.php\/wp-json\/wp\/v2\/product_brand?post=336515"},{"taxonomy":"product_cat","embeddable":true,"href":"https:\/\/poccky.com\/index.php\/wp-json\/wp\/v2\/product_cat?post=336515"},{"taxonomy":"product_tag","embeddable":true,"href":"https:\/\/poccky.com\/index.php\/wp-json\/wp\/v2\/product_tag?post=336515"}],"curies":[{"name":"wp","href":"https:\/\/api.w.org\/{rel}","templated":true}]}}