{"id":336309,"date":"2023-11-06T07:51:46","date_gmt":"2023-11-06T07:51:46","guid":{"rendered":"https:\/\/poccky.com\/?post_type=product&#038;p=336309"},"modified":"2023-11-06T07:51:52","modified_gmt":"2023-11-06T07:51:52","slug":"l-a-2","status":"publish","type":"product","link":"https:\/\/poccky.com\/index.php\/product\/l-a-2\/","title":{"rendered":"L -A"},"content":{"rendered":"","protected":false},"excerpt":{"rendered":"<p>Trentenaire au corps magnifiquement scuplt\u00e9. L\u00e9a est une jeune escorte occasionnelle d\u00e9licieuse&#8230;..<\/p>\n<p>Alliant \u00e9l\u00e9gance. charme et sensualit\u00e9 de mani\u00e8re inn\u00e9e. elle est une pure merveille.<br \/>\nD\u2019un premier abord timide et r\u00e9serv\u00e9. L\u00e9a est en r\u00e9alit\u00e9 cr\u00e9ative et ouverte aux jeux les plus fous&#8230;&#8230;&#8230;<\/p>\n<p>Jeune femme de niveau universitaire. alliant la beaut\u00e9 raffin\u00e9e fran\u00e7aise \u00e0 la culture. L\u00e9a est une escorte girl de haut standing.<\/p>\n<p>Distingu\u00e9e et torride. elle est une jeune femme piquante. tendre et sensuelle qui ravira les gentlemen distingu\u00e9s les plus exigeants.<\/p>\n<p>il est imp\u00e9ratif de nous contacter 24 h \u00e0 l&#8217;avance pour organiser un rendez<br \/>\nvous avec L\u00e9a qui vous ravira au premier regard.<br \/>\nSes services exceptionnels sont r\u00e9serv\u00e9s uniquement aux gentlemen de plus de 35 ans de tr\u00e8s bon niveau. My details Below mentioned<\/p>\n<p>                Nationality:<br \/>\n                Fran\u00e7aise <\/p>\n<p>                Languages:<br \/>\n                Fran\u00e7ais.  anglais.  espagnol.  <\/p>\n<p>                Age:<br \/>\n                34<\/p>\n<p>                Height:<br \/>\n                174<\/p>\n<p>                Weight:<br \/>\n                58<\/p>\n<p>                Hair:<br \/>\n                Tr\u00e8s long<\/p>\n<p>                Eyes:<br \/>\n                Noisettes<\/p>\n<p>                Measurements:<br \/>\n                88 &#8211; 64 &#8211; 90<\/p>\n","protected":false},"featured_media":87753,"comment_status":"open","ping_status":"closed","template":"","meta":{"site-sidebar-layout":"default","site-content-layout":"","ast-site-content-layout":"","site-content-style":"default","site-sidebar-style":"default","ast-global-header-display":"","ast-banner-title-visibility":"","ast-main-header-display":"","ast-hfb-above-header-display":"","ast-hfb-below-header-display":"","ast-hfb-mobile-header-display":"","site-post-title":"","ast-breadcrumbs-content":"","ast-featured-img":"","footer-sml-layout":"","theme-transparent-header-meta":"","adv-header-id-meta":"","stick-header-meta":"","header-above-stick-meta":"","header-main-stick-meta":"","header-below-stick-meta":"","astra-migrate-meta-layouts":"default","ast-page-background-enabled":"default","ast-page-background-meta":{"desktop":{"background-color":"var(--ast-global-color-4)","background-image":"","background-repeat":"repeat","background-position":"center center","background-size":"auto","background-attachment":"scroll","background-type":"","background-media":"","overlay-type":"","overlay-color":"","overlay-opacity":"","overlay-gradient":""},"tablet":{"background-color":"","background-image":"","background-repeat":"repeat","background-position":"center center","background-size":"auto","background-attachment":"scroll","background-type":"","background-media":"","overlay-type":"","overlay-color":"","overlay-opacity":"","overlay-gradient":""},"mobile":{"background-color":"","background-image":"","background-repeat":"repeat","background-position":"center center","background-size":"auto","background-attachment":"scroll","background-type":"","background-media":"","overlay-type":"","overlay-color":"","overlay-opacity":"","overlay-gradient":""}},"ast-content-background-meta":{"desktop":{"background-color":"var(--ast-global-color-5)","background-image":"","background-repeat":"repeat","background-position":"center center","background-size":"auto","background-attachment":"scroll","background-type":"","background-media":"","overlay-type":"","overlay-color":"","overlay-opacity":"","overlay-gradient":""},"tablet":{"background-color":"var(--ast-global-color-5)","background-image":"","background-repeat":"repeat","background-position":"center center","background-size":"auto","background-attachment":"scroll","background-type":"","background-media":"","overlay-type":"","overlay-color":"","overlay-opacity":"","overlay-gradient":""},"mobile":{"background-color":"var(--ast-global-color-5)","background-image":"","background-repeat":"repeat","background-position":"center center","background-size":"auto","background-attachment":"scroll","background-type":"","background-media":"","overlay-type":"","overlay-color":"","overlay-opacity":"","overlay-gradient":""}}},"product_brand":[],"product_cat":[244,188,1118],"product_tag":[],"class_list":{"0":"post-336309","1":"product","2":"type-product","3":"status-publish","4":"has-post-thumbnail","6":"product_cat-france","7":"product_cat-freelancer","8":"product_cat-paris","9":"desktop-align-left","10":"tablet-align-left","11":"mobile-align-left","13":"first","14":"instock","15":"shipping-taxable","16":"product-type-simple"},"_links":{"self":[{"href":"https:\/\/poccky.com\/index.php\/wp-json\/wp\/v2\/product\/336309","targetHints":{"allow":["GET"]}}],"collection":[{"href":"https:\/\/poccky.com\/index.php\/wp-json\/wp\/v2\/product"}],"about":[{"href":"https:\/\/poccky.com\/index.php\/wp-json\/wp\/v2\/types\/product"}],"replies":[{"embeddable":true,"href":"https:\/\/poccky.com\/index.php\/wp-json\/wp\/v2\/comments?post=336309"}],"wp:featuredmedia":[{"embeddable":true,"href":"https:\/\/poccky.com\/index.php\/wp-json\/wp\/v2\/media\/87753"}],"wp:attachment":[{"href":"https:\/\/poccky.com\/index.php\/wp-json\/wp\/v2\/media?parent=336309"}],"wp:term":[{"taxonomy":"product_brand","embeddable":true,"href":"https:\/\/poccky.com\/index.php\/wp-json\/wp\/v2\/product_brand?post=336309"},{"taxonomy":"product_cat","embeddable":true,"href":"https:\/\/poccky.com\/index.php\/wp-json\/wp\/v2\/product_cat?post=336309"},{"taxonomy":"product_tag","embeddable":true,"href":"https:\/\/poccky.com\/index.php\/wp-json\/wp\/v2\/product_tag?post=336309"}],"curies":[{"name":"wp","href":"https:\/\/api.w.org\/{rel}","templated":true}]}}