{"id":336235,"date":"2023-11-06T07:37:50","date_gmt":"2023-11-06T07:37:50","guid":{"rendered":"https:\/\/poccky.com\/?post_type=product&#038;p=336235"},"modified":"2023-11-06T07:37:56","modified_gmt":"2023-11-06T07:37:56","slug":"madame-delia-2","status":"publish","type":"product","link":"https:\/\/poccky.com\/index.php\/product\/madame-delia-2\/","title":{"rendered":"Madame Delia"},"content":{"rendered":"","protected":false},"excerpt":{"rendered":"<p>Delia. mit s\u00fcdl\u00e4ndischem Esprit. bereichert nun das Madame Bell\u00e1 Team in Berlin. Eine clevere und ehrgeizige Dame von Welt.<\/p>\n<p>Mit Delias aufgeschlossener Art. wird sie schnell Ihre anf\u00e4ngliche &#8220;Hemmschwelle&#8221; brechen und nicht nur mit ihrem \u00fcberaus. ausgepr\u00e4gten Allgemeinwissen. witzigen Charme. als auch mit erotischer Begierde. das gemeinsame Date in Wallung bringen. My details Below mentioned<\/p>\n<p>                Nationality:<br \/>\n                Deutsche mit orientalischer Herkunft  <\/p>\n<p>                Languages:<br \/>\n                deutsch.  englisch<\/p>\n<p>                Age:<br \/>\n                27<\/p>\n<p>                Height:<br \/>\n                163 cm<\/p>\n<p>                Weight:<br \/>\n                53 kg<\/p>\n<p>                Hair:<br \/>\n                mittellan.G schwarz<\/p>\n<p>                Eyes:<br \/>\n                dunkelbraun<\/p>\n<p>                Measurements:<br \/>\n                91-63-92phone_android Phone:<br \/>\n          4917687414234<\/p>\n","protected":false},"featured_media":100806,"comment_status":"open","ping_status":"closed","template":"","meta":{"site-sidebar-layout":"default","site-content-layout":"","ast-site-content-layout":"","site-content-style":"default","site-sidebar-style":"default","ast-global-header-display":"","ast-banner-title-visibility":"","ast-main-header-display":"","ast-hfb-above-header-display":"","ast-hfb-below-header-display":"","ast-hfb-mobile-header-display":"","site-post-title":"","ast-breadcrumbs-content":"","ast-featured-img":"","footer-sml-layout":"","theme-transparent-header-meta":"","adv-header-id-meta":"","stick-header-meta":"","header-above-stick-meta":"","header-main-stick-meta":"","header-below-stick-meta":"","astra-migrate-meta-layouts":"default","ast-page-background-enabled":"default","ast-page-background-meta":{"desktop":{"background-color":"var(--ast-global-color-4)","background-image":"","background-repeat":"repeat","background-position":"center center","background-size":"auto","background-attachment":"scroll","background-type":"","background-media":"","overlay-type":"","overlay-color":"","overlay-opacity":"","overlay-gradient":""},"tablet":{"background-color":"","background-image":"","background-repeat":"repeat","background-position":"center center","background-size":"auto","background-attachment":"scroll","background-type":"","background-media":"","overlay-type":"","overlay-color":"","overlay-opacity":"","overlay-gradient":""},"mobile":{"background-color":"","background-image":"","background-repeat":"repeat","background-position":"center center","background-size":"auto","background-attachment":"scroll","background-type":"","background-media":"","overlay-type":"","overlay-color":"","overlay-opacity":"","overlay-gradient":""}},"ast-content-background-meta":{"desktop":{"background-color":"var(--ast-global-color-5)","background-image":"","background-repeat":"repeat","background-position":"center center","background-size":"auto","background-attachment":"scroll","background-type":"","background-media":"","overlay-type":"","overlay-color":"","overlay-opacity":"","overlay-gradient":""},"tablet":{"background-color":"var(--ast-global-color-5)","background-image":"","background-repeat":"repeat","background-position":"center center","background-size":"auto","background-attachment":"scroll","background-type":"","background-media":"","overlay-type":"","overlay-color":"","overlay-opacity":"","overlay-gradient":""},"mobile":{"background-color":"var(--ast-global-color-5)","background-image":"","background-repeat":"repeat","background-position":"center center","background-size":"auto","background-attachment":"scroll","background-type":"","background-media":"","overlay-type":"","overlay-color":"","overlay-opacity":"","overlay-gradient":""}}},"product_brand":[],"product_cat":[996,188,811],"product_tag":[],"class_list":{"0":"post-336235","1":"product","2":"type-product","3":"status-publish","4":"has-post-thumbnail","6":"product_cat-berlin","7":"product_cat-freelancer","8":"product_cat-germany","9":"desktop-align-left","10":"tablet-align-left","11":"mobile-align-left","13":"first","14":"instock","15":"shipping-taxable","16":"product-type-simple"},"_links":{"self":[{"href":"https:\/\/poccky.com\/index.php\/wp-json\/wp\/v2\/product\/336235","targetHints":{"allow":["GET"]}}],"collection":[{"href":"https:\/\/poccky.com\/index.php\/wp-json\/wp\/v2\/product"}],"about":[{"href":"https:\/\/poccky.com\/index.php\/wp-json\/wp\/v2\/types\/product"}],"replies":[{"embeddable":true,"href":"https:\/\/poccky.com\/index.php\/wp-json\/wp\/v2\/comments?post=336235"}],"wp:featuredmedia":[{"embeddable":true,"href":"https:\/\/poccky.com\/index.php\/wp-json\/wp\/v2\/media\/100806"}],"wp:attachment":[{"href":"https:\/\/poccky.com\/index.php\/wp-json\/wp\/v2\/media?parent=336235"}],"wp:term":[{"taxonomy":"product_brand","embeddable":true,"href":"https:\/\/poccky.com\/index.php\/wp-json\/wp\/v2\/product_brand?post=336235"},{"taxonomy":"product_cat","embeddable":true,"href":"https:\/\/poccky.com\/index.php\/wp-json\/wp\/v2\/product_cat?post=336235"},{"taxonomy":"product_tag","embeddable":true,"href":"https:\/\/poccky.com\/index.php\/wp-json\/wp\/v2\/product_tag?post=336235"}],"curies":[{"name":"wp","href":"https:\/\/api.w.org\/{rel}","templated":true}]}}