{"id":335539,"date":"2023-11-06T05:33:22","date_gmt":"2023-11-06T05:33:22","guid":{"rendered":"https:\/\/poccky.com\/?post_type=product&#038;p=335539"},"modified":"2023-11-06T05:33:27","modified_gmt":"2023-11-06T05:33:27","slug":"antalya-escort-2","status":"publish","type":"product","link":"https:\/\/poccky.com\/index.php\/product\/antalya-escort-2\/","title":{"rendered":"Antalya Escort"},"content":{"rendered":"","protected":false},"excerpt":{"rendered":"<p>Escort bayan. escortlar. bayan partner. escort arkada? arama servisi.<br \/>\nHakkimizda daha fazla bilgi edinmek i\u00e7in zaman ayirdiginiz i\u00e7in tesekk\u00fcr ederiz. Biz m\u00fckemmel m\u00fcsteri hizmetleri kendimizle gurur duyuyoruz. Bizim Antalyadaki Rus Escort Bayan Modellerimizi. profesyonel gizli keyifli. ve eglenceli olarak bulacaksiniz AntalyaBayan.EscortBook.COM Antalya Escort<br \/>\nG\u00fcn\u00fcm\u00fczde. ak?ll? ve g\u00fczel bayan partner a??rl???nca alt?n de?erindedir. bu kad?nlar ba?kalar? i\u00e7in k?skan\u00e7l?k ve gurur kayna??d?r. G\u00fczel. ak?ll? bak?ml? ve k\u00fclt\u00fcrl\u00fc Rus escort bayanlar i? yemekleri. seyahat. masaj. hem de sosyal ki?ilikleriyle size e?lik edebilir. Bizim Antalyada\u2019daki Rus escort bayan servisi. escort hizmeti arayan Beyler i\u00e7in bayan escort bulmakta size kolayl?k tan?yor.<br \/>\nEscort bayan sitemiz ile keyifli bir deneyim ya?ayabilirsiniz. Herhangi bir ?ehir d??? seyahatlerinizde Sinema. Tiyatro. Konser. Ya da Antalya\u2019da 4 veya 5 Y?ld?zl? Otel veTatil K\u00f6ylerinde size e?lik edebilecek<br \/>\nescort bayan bulmak sitemiz i\u00e7erisinde arama men\u00fcleri ile daha kolay olacak. Baz?lar?m?z partilerde arkada? ortam?nda \u00e7evresini etkilemek i\u00e7in g\u00fczel ve \u00e7ekici bir bayana ihtiya\u00e7 duyabilir. B\u00f6yle bir hizmete ihtiya\u00e7 duydu?unuzdada escort k?zlar bu isteklerinize cevap verecektir.<br \/>\nEscort bayan hizmeti veren \u00fcyelerimizle tan??madan \u00f6nce sistemimizde onlar hakk?nda bilgi edinebilir escort bayanlar?n resimlerini Servislerini inceleyebilirsiniz. Zevkinize g\u00f6re uzun boylu yada minyon k?zlar. sar???n veya esmer zay?f ya da bal?k etli eskort bayanlar? kategorilendirebilirsiniz.<br \/>\nSitemize \u00fcye olan hi\u00e7 bir escort bayan ile ba??m?z bulunmamaktad?r. \u00dcyeler kendi iradeleri ve istekleri ile \u00fcye olmu?lard?r. Escort k?zlar?n porfillerindeki bilgiler forum kurallar?na ba?l? olarak kendileri oldu?unu taahh\u00fct eder.<br \/>\nAntalya Rus Bayan Escort arama sitesi www.antalyabayan.EscortBook.com My details Below mentioned<\/p>\n<p>                Nationality:<br \/>\n                Russian <\/p>\n<p>                Languages:<br \/>\n                Turl\u00e7e.  Russian.  English<\/p>\n<p>                Age:<br \/>\n                21<\/p>\n<p>                Height:<br \/>\n                180<\/p>\n<p>                Weight:<br \/>\n                49<\/p>\n<p>                Hair:<br \/>\n                blonde<\/p>\n<p>                Eyes:<br \/>\n                BLUE<\/p>\n<p>                Measurements:<br \/>\n                90-60-90<\/p>\n","protected":false},"featured_media":99081,"comment_status":"open","ping_status":"closed","template":"","meta":{"site-sidebar-layout":"default","site-content-layout":"","ast-site-content-layout":"","site-content-style":"default","site-sidebar-style":"default","ast-global-header-display":"","ast-banner-title-visibility":"","ast-main-header-display":"","ast-hfb-above-header-display":"","ast-hfb-below-header-display":"","ast-hfb-mobile-header-display":"","site-post-title":"","ast-breadcrumbs-content":"","ast-featured-img":"","footer-sml-layout":"","theme-transparent-header-meta":"","adv-header-id-meta":"","stick-header-meta":"","header-above-stick-meta":"","header-main-stick-meta":"","header-below-stick-meta":"","astra-migrate-meta-layouts":"default","ast-page-background-enabled":"default","ast-page-background-meta":{"desktop":{"background-color":"var(--ast-global-color-4)","background-image":"","background-repeat":"repeat","background-position":"center center","background-size":"auto","background-attachment":"scroll","background-type":"","background-media":"","overlay-type":"","overlay-color":"","overlay-opacity":"","overlay-gradient":""},"tablet":{"background-color":"","background-image":"","background-repeat":"repeat","background-position":"center center","background-size":"auto","background-attachment":"scroll","background-type":"","background-media":"","overlay-type":"","overlay-color":"","overlay-opacity":"","overlay-gradient":""},"mobile":{"background-color":"","background-image":"","background-repeat":"repeat","background-position":"center center","background-size":"auto","background-attachment":"scroll","background-type":"","background-media":"","overlay-type":"","overlay-color":"","overlay-opacity":"","overlay-gradient":""}},"ast-content-background-meta":{"desktop":{"background-color":"var(--ast-global-color-5)","background-image":"","background-repeat":"repeat","background-position":"center center","background-size":"auto","background-attachment":"scroll","background-type":"","background-media":"","overlay-type":"","overlay-color":"","overlay-opacity":"","overlay-gradient":""},"tablet":{"background-color":"var(--ast-global-color-5)","background-image":"","background-repeat":"repeat","background-position":"center center","background-size":"auto","background-attachment":"scroll","background-type":"","background-media":"","overlay-type":"","overlay-color":"","overlay-opacity":"","overlay-gradient":""},"mobile":{"background-color":"var(--ast-global-color-5)","background-image":"","background-repeat":"repeat","background-position":"center center","background-size":"auto","background-attachment":"scroll","background-type":"","background-media":"","overlay-type":"","overlay-color":"","overlay-opacity":"","overlay-gradient":""}}},"product_brand":[],"product_cat":[188,1113,243],"product_tag":[],"class_list":{"0":"post-335539","1":"product","2":"type-product","3":"status-publish","4":"has-post-thumbnail","6":"product_cat-freelancer","7":"product_cat-istanbul","8":"product_cat-turky","9":"desktop-align-left","10":"tablet-align-left","11":"mobile-align-left","13":"first","14":"instock","15":"shipping-taxable","16":"product-type-simple"},"_links":{"self":[{"href":"https:\/\/poccky.com\/index.php\/wp-json\/wp\/v2\/product\/335539","targetHints":{"allow":["GET"]}}],"collection":[{"href":"https:\/\/poccky.com\/index.php\/wp-json\/wp\/v2\/product"}],"about":[{"href":"https:\/\/poccky.com\/index.php\/wp-json\/wp\/v2\/types\/product"}],"replies":[{"embeddable":true,"href":"https:\/\/poccky.com\/index.php\/wp-json\/wp\/v2\/comments?post=335539"}],"wp:featuredmedia":[{"embeddable":true,"href":"https:\/\/poccky.com\/index.php\/wp-json\/wp\/v2\/media\/99081"}],"wp:attachment":[{"href":"https:\/\/poccky.com\/index.php\/wp-json\/wp\/v2\/media?parent=335539"}],"wp:term":[{"taxonomy":"product_brand","embeddable":true,"href":"https:\/\/poccky.com\/index.php\/wp-json\/wp\/v2\/product_brand?post=335539"},{"taxonomy":"product_cat","embeddable":true,"href":"https:\/\/poccky.com\/index.php\/wp-json\/wp\/v2\/product_cat?post=335539"},{"taxonomy":"product_tag","embeddable":true,"href":"https:\/\/poccky.com\/index.php\/wp-json\/wp\/v2\/product_tag?post=335539"}],"curies":[{"name":"wp","href":"https:\/\/api.w.org\/{rel}","templated":true}]}}