{"id":335456,"date":"2023-11-06T05:18:44","date_gmt":"2023-11-06T05:18:44","guid":{"rendered":"https:\/\/poccky.com\/?post_type=product&#038;p=335456"},"modified":"2023-11-06T05:18:54","modified_gmt":"2023-11-06T05:18:54","slug":"sara-mille-2","status":"publish","type":"product","link":"https:\/\/poccky.com\/index.php\/product\/sara-mille-2\/","title":{"rendered":"SARA MILLE"},"content":{"rendered":"","protected":false},"excerpt":{"rendered":"<p>Je suis une jeune femme \u00e0 la beaut\u00e9 naturelle et raffin\u00e9e avec un visage d&#8217;un r\u00e9el charme : des traits fins et harmonieux. une bouche gourmande. un regard envo\u00fbtant. une longue chevelure noire naturelle et soyeuse tombant sur mes reins. dot\u00e9e d\u2019un physique de mannequin : 25 ans. 1m73 pour 56 kg . des jambes interminables. une peau de velours. un corps que l\u2019on r\u00eave d\u2019\u00e9treindre nue ou v\u00eatue. une silhouette que l\u2019on adore avoir \u00e0 son bras et \u00e0 sa table. Les moments pass\u00e9s avec moi vous para\u00eetront toujours trop courts.<br \/>\nJ\u2019aime les hommes aimant le raffinement supr\u00eame et le bien-\u00eatre absolu en toute discr\u00e9tion. J\u2019appr\u00e9cie par-dessus tout. les hommes exigeants et s\u00e9lectifs avec qui je pourrais partager confidences et moments complices. avec lesquels il est possible de d\u00e9clencher cette \u00e9tincelle qui fait qu\u2019une relation devient particuli\u00e8re et pr\u00e9cieuse. J\u2019aime les hommes qui poss\u00e8dent l\u2019\u00e9l\u00e9gance et l\u2019ouverture d\u2019esprit n\u00e9cessaire pour partager un moment sensuel entre adultes consentants. courtois. s\u00e9ducteurs. discrets. d\u00e9contract\u00e9. g\u00e9n\u00e9reux. mon exp\u00e9rience me permet ais\u00e9ment de g\u00e9rer des rencontres agr\u00e9ables entre gens &#8220;bien<\/p>\n<p>Mes ma\u00eetres mots sont \u00e9l\u00e9gances de c\u0153ur. verbale et vestimentaire. plaisir du corps et de l\u2019esprit. discr\u00e9tion. courtoisie. s\u00e9duction. d\u00e9contraction. sensualit\u00e9. exclusivit\u00e9. libert\u00e9. luxe. g\u00e9n\u00e9rosit\u00e9. intelligence.<\/p>\n<p>Courtisanement v\u00f4tre&#8230;.<\/p>\n<p>Sara mille My details Below mentioned<\/p>\n<p>                Nationality:<br \/>\n                FRANCAISE <\/p>\n<p>                Languages:<br \/>\n                FRAN\u00c7AIS .  ANGLAIS.  ITALIEN <\/p>\n<p>                Age:<br \/>\n                25<\/p>\n<p>                Height:<br \/>\n                173<\/p>\n<p>                Weight:<br \/>\n                56<\/p>\n<p>                Hair:<br \/>\n                NOIR LONG<\/p>\n<p>                Eyes:<br \/>\n                NOIR<\/p>\n<p>                Measurements:<br \/>\n                85-60-75<\/p>\n","protected":false},"featured_media":99027,"comment_status":"open","ping_status":"closed","template":"","meta":{"site-sidebar-layout":"default","site-content-layout":"","ast-site-content-layout":"","site-content-style":"default","site-sidebar-style":"default","ast-global-header-display":"","ast-banner-title-visibility":"","ast-main-header-display":"","ast-hfb-above-header-display":"","ast-hfb-below-header-display":"","ast-hfb-mobile-header-display":"","site-post-title":"","ast-breadcrumbs-content":"","ast-featured-img":"","footer-sml-layout":"","theme-transparent-header-meta":"","adv-header-id-meta":"","stick-header-meta":"","header-above-stick-meta":"","header-main-stick-meta":"","header-below-stick-meta":"","astra-migrate-meta-layouts":"default","ast-page-background-enabled":"default","ast-page-background-meta":{"desktop":{"background-color":"var(--ast-global-color-4)","background-image":"","background-repeat":"repeat","background-position":"center center","background-size":"auto","background-attachment":"scroll","background-type":"","background-media":"","overlay-type":"","overlay-color":"","overlay-opacity":"","overlay-gradient":""},"tablet":{"background-color":"","background-image":"","background-repeat":"repeat","background-position":"center center","background-size":"auto","background-attachment":"scroll","background-type":"","background-media":"","overlay-type":"","overlay-color":"","overlay-opacity":"","overlay-gradient":""},"mobile":{"background-color":"","background-image":"","background-repeat":"repeat","background-position":"center center","background-size":"auto","background-attachment":"scroll","background-type":"","background-media":"","overlay-type":"","overlay-color":"","overlay-opacity":"","overlay-gradient":""}},"ast-content-background-meta":{"desktop":{"background-color":"var(--ast-global-color-5)","background-image":"","background-repeat":"repeat","background-position":"center center","background-size":"auto","background-attachment":"scroll","background-type":"","background-media":"","overlay-type":"","overlay-color":"","overlay-opacity":"","overlay-gradient":""},"tablet":{"background-color":"var(--ast-global-color-5)","background-image":"","background-repeat":"repeat","background-position":"center center","background-size":"auto","background-attachment":"scroll","background-type":"","background-media":"","overlay-type":"","overlay-color":"","overlay-opacity":"","overlay-gradient":""},"mobile":{"background-color":"var(--ast-global-color-5)","background-image":"","background-repeat":"repeat","background-position":"center center","background-size":"auto","background-attachment":"scroll","background-type":"","background-media":"","overlay-type":"","overlay-color":"","overlay-opacity":"","overlay-gradient":""}}},"product_brand":[],"product_cat":[244,188,1118],"product_tag":[],"class_list":{"0":"post-335456","1":"product","2":"type-product","3":"status-publish","4":"has-post-thumbnail","6":"product_cat-france","7":"product_cat-freelancer","8":"product_cat-paris","9":"desktop-align-left","10":"tablet-align-left","11":"mobile-align-left","13":"first","14":"instock","15":"shipping-taxable","16":"product-type-simple"},"_links":{"self":[{"href":"https:\/\/poccky.com\/index.php\/wp-json\/wp\/v2\/product\/335456","targetHints":{"allow":["GET"]}}],"collection":[{"href":"https:\/\/poccky.com\/index.php\/wp-json\/wp\/v2\/product"}],"about":[{"href":"https:\/\/poccky.com\/index.php\/wp-json\/wp\/v2\/types\/product"}],"replies":[{"embeddable":true,"href":"https:\/\/poccky.com\/index.php\/wp-json\/wp\/v2\/comments?post=335456"}],"wp:featuredmedia":[{"embeddable":true,"href":"https:\/\/poccky.com\/index.php\/wp-json\/wp\/v2\/media\/99027"}],"wp:attachment":[{"href":"https:\/\/poccky.com\/index.php\/wp-json\/wp\/v2\/media?parent=335456"}],"wp:term":[{"taxonomy":"product_brand","embeddable":true,"href":"https:\/\/poccky.com\/index.php\/wp-json\/wp\/v2\/product_brand?post=335456"},{"taxonomy":"product_cat","embeddable":true,"href":"https:\/\/poccky.com\/index.php\/wp-json\/wp\/v2\/product_cat?post=335456"},{"taxonomy":"product_tag","embeddable":true,"href":"https:\/\/poccky.com\/index.php\/wp-json\/wp\/v2\/product_tag?post=335456"}],"curies":[{"name":"wp","href":"https:\/\/api.w.org\/{rel}","templated":true}]}}