{"id":335320,"date":"2023-11-05T20:27:44","date_gmt":"2023-11-05T20:27:44","guid":{"rendered":"https:\/\/poccky.com\/?post_type=product&#038;p=335320"},"modified":"2023-11-05T20:27:46","modified_gmt":"2023-11-05T20:27:46","slug":"janina-2","status":"publish","type":"product","link":"https:\/\/poccky.com\/index.php\/product\/janina-2\/","title":{"rendered":"Janina"},"content":{"rendered":"","protected":false},"excerpt":{"rendered":"<p>Janina ist unsere wundersch\u00f6ne kleine Elfe. Mit ihren zarten jugendlichen Formen. ihrem blassen Teint und ihrer Neugierde auf erotische Abenteuer wird Escort Janina Sie einfach verzaubern. Die junge Dame ist eine aufgeschlossene Escortlady. mit der Sie atemberaubende Momente erleben werden. Unser Escortservice in Hamburg empfiehlt das sexy Escort-Girl f\u00fcr ein aufregendes Abenteuer voller Leidenschaft und Genuss.<\/p>\n<p>Werden Sie ein Teil des erotischen Abenteuers. das Escort Janina f\u00fcr Sie bereith\u00e4lt! Jede Sekunde an ihrer Seite wird Ihnen wie ein Volltreffer vorkommen und Ihre Neugierde und Genuss f\u00fcr prickelnde Erotik steigern. Die junge Escort Dame ist eine besonders anschmiegsame und unkomplizierte Lady. die Ihnen jeden Wunsch von den Augen abliest. Verpassen Sie nicht. das charmante High Class Call Girl aus Hamburg kennen zu lernen. Sie ist jede S\u00fcnde Wert und noch viel mehr&#8230;<\/p>\n<p>Buchungen mit Escort Dame Janina im High Class Escort Service in Hamburg sind auch kurzfristig m\u00f6glich. My details Below mentioned<\/p>\n<p>                Nationality:<br \/>\n                Russian <\/p>\n<p>                Languages:<br \/>\n                German.  English.  Russian<\/p>\n<p>                Age:<br \/>\n                27<\/p>\n<p>                Height:<br \/>\n                 174 cn<\/p>\n<p>                Weight:<br \/>\n                56 kg<\/p>\n<p>                Hair:<br \/>\n                Blonde<\/p>\n<p>                Eyes:<br \/>\n                Brownphone_android Phone:<br \/>\n          +4901756767670<\/p>\n","protected":false},"featured_media":88159,"comment_status":"open","ping_status":"closed","template":"","meta":{"site-sidebar-layout":"default","site-content-layout":"","ast-site-content-layout":"","site-content-style":"default","site-sidebar-style":"default","ast-global-header-display":"","ast-banner-title-visibility":"","ast-main-header-display":"","ast-hfb-above-header-display":"","ast-hfb-below-header-display":"","ast-hfb-mobile-header-display":"","site-post-title":"","ast-breadcrumbs-content":"","ast-featured-img":"","footer-sml-layout":"","theme-transparent-header-meta":"","adv-header-id-meta":"","stick-header-meta":"","header-above-stick-meta":"","header-main-stick-meta":"","header-below-stick-meta":"","astra-migrate-meta-layouts":"default","ast-page-background-enabled":"default","ast-page-background-meta":{"desktop":{"background-color":"var(--ast-global-color-4)","background-image":"","background-repeat":"repeat","background-position":"center center","background-size":"auto","background-attachment":"scroll","background-type":"","background-media":"","overlay-type":"","overlay-color":"","overlay-opacity":"","overlay-gradient":""},"tablet":{"background-color":"","background-image":"","background-repeat":"repeat","background-position":"center center","background-size":"auto","background-attachment":"scroll","background-type":"","background-media":"","overlay-type":"","overlay-color":"","overlay-opacity":"","overlay-gradient":""},"mobile":{"background-color":"","background-image":"","background-repeat":"repeat","background-position":"center center","background-size":"auto","background-attachment":"scroll","background-type":"","background-media":"","overlay-type":"","overlay-color":"","overlay-opacity":"","overlay-gradient":""}},"ast-content-background-meta":{"desktop":{"background-color":"var(--ast-global-color-5)","background-image":"","background-repeat":"repeat","background-position":"center center","background-size":"auto","background-attachment":"scroll","background-type":"","background-media":"","overlay-type":"","overlay-color":"","overlay-opacity":"","overlay-gradient":""},"tablet":{"background-color":"var(--ast-global-color-5)","background-image":"","background-repeat":"repeat","background-position":"center center","background-size":"auto","background-attachment":"scroll","background-type":"","background-media":"","overlay-type":"","overlay-color":"","overlay-opacity":"","overlay-gradient":""},"mobile":{"background-color":"var(--ast-global-color-5)","background-image":"","background-repeat":"repeat","background-position":"center center","background-size":"auto","background-attachment":"scroll","background-type":"","background-media":"","overlay-type":"","overlay-color":"","overlay-opacity":"","overlay-gradient":""}}},"product_brand":[],"product_cat":[996,188,811],"product_tag":[],"class_list":{"0":"post-335320","1":"product","2":"type-product","3":"status-publish","4":"has-post-thumbnail","6":"product_cat-berlin","7":"product_cat-freelancer","8":"product_cat-germany","9":"desktop-align-left","10":"tablet-align-left","11":"mobile-align-left","13":"first","14":"instock","15":"shipping-taxable","16":"product-type-simple"},"_links":{"self":[{"href":"https:\/\/poccky.com\/index.php\/wp-json\/wp\/v2\/product\/335320","targetHints":{"allow":["GET"]}}],"collection":[{"href":"https:\/\/poccky.com\/index.php\/wp-json\/wp\/v2\/product"}],"about":[{"href":"https:\/\/poccky.com\/index.php\/wp-json\/wp\/v2\/types\/product"}],"replies":[{"embeddable":true,"href":"https:\/\/poccky.com\/index.php\/wp-json\/wp\/v2\/comments?post=335320"}],"wp:featuredmedia":[{"embeddable":true,"href":"https:\/\/poccky.com\/index.php\/wp-json\/wp\/v2\/media\/88159"}],"wp:attachment":[{"href":"https:\/\/poccky.com\/index.php\/wp-json\/wp\/v2\/media?parent=335320"}],"wp:term":[{"taxonomy":"product_brand","embeddable":true,"href":"https:\/\/poccky.com\/index.php\/wp-json\/wp\/v2\/product_brand?post=335320"},{"taxonomy":"product_cat","embeddable":true,"href":"https:\/\/poccky.com\/index.php\/wp-json\/wp\/v2\/product_cat?post=335320"},{"taxonomy":"product_tag","embeddable":true,"href":"https:\/\/poccky.com\/index.php\/wp-json\/wp\/v2\/product_tag?post=335320"}],"curies":[{"name":"wp","href":"https:\/\/api.w.org\/{rel}","templated":true}]}}