{"id":334953,"date":"2023-11-05T19:22:36","date_gmt":"2023-11-05T19:22:36","guid":{"rendered":"https:\/\/poccky.com\/?post_type=product&#038;p=334953"},"modified":"2023-11-05T19:22:46","modified_gmt":"2023-11-05T19:22:46","slug":"complicit-physique-et-cerebrale-2","status":"publish","type":"product","link":"https:\/\/poccky.com\/index.php\/product\/complicit-physique-et-cerebrale-2\/","title":{"rendered":"Complicit &#8211; Physique Et Cerebrale &#8211;"},"content":{"rendered":"","protected":false},"excerpt":{"rendered":"<p>Ch\u00e8r gentleman.<\/p>\n<p>Je suis une charmante etudiante de 21 ans.<br \/>\n1m76. longues jambes joliement galb\u00e9es. poitrine 90D naturelle peau douce &#038; dor\u00e9e. blonde aux jolis yeux clairs.<br \/>\nElegante et cultiv\u00e9e j&#8217;offre un temps haut de gamme en toute discretion<br \/>\no\u00f9 complicit\u00e9 physique et cerebrale eveillera nos sens.<br \/>\nCar j&#8217;appr\u00e9cie les moments de qualit\u00e9. je suis selective et occasionelle.<br \/>\nStyle vestimentaire tr\u00e9s chic. lingerie haut de gamme : Chantal Thomas. agent provocateur. aubade&#8230;<br \/>\nescort girl ind\u00e9pendante. compagne \u00e9l\u00e9gante et raffin\u00e9e je suis disponible de midi \u00e0 21h (hors soir\u00e9e) pour de delicieux moments sensuels.<br \/>\nje dispose d&#8217;un appartement \u00e0 Neuilly o\u00f9 je peux recevoir.<\/p>\n<p>mon cadeau est:<br \/>\n350 roses pour 1h<br \/>\n500 \/ 2<br \/>\n500 la soir\u00e9e incluant diner pour faire connaissance et se seduire avant de partager un dessert coquin &#8230;<\/p>\n<p>Cette annonce se destine aux hommes courtois et raffin\u00e9s uniquement.<\/p>\n<p>A tr\u00e8s bient\u00f4t dans notre jardin secret &#8230; My details Below mentioned<\/p>\n<p>                Nationality:<br \/>\n                francaise <\/p>\n<p>                Languages:<br \/>\n                french.  english.  spanish. <\/p>\n<p>                Age:<br \/>\n                21<\/p>\n<p>                Height:<br \/>\n                176<\/p>\n<p>                Weight:<br \/>\n                61<\/p>\n<p>                Hair:<br \/>\n                Long blonde<\/p>\n<p>                Eyes:<br \/>\n                brown<\/p>\n<p>                Measurements:<br \/>\n                91_60- 92<\/p>\n","protected":false},"featured_media":89393,"comment_status":"open","ping_status":"closed","template":"","meta":{"site-sidebar-layout":"default","site-content-layout":"","ast-site-content-layout":"","site-content-style":"default","site-sidebar-style":"default","ast-global-header-display":"","ast-banner-title-visibility":"","ast-main-header-display":"","ast-hfb-above-header-display":"","ast-hfb-below-header-display":"","ast-hfb-mobile-header-display":"","site-post-title":"","ast-breadcrumbs-content":"","ast-featured-img":"","footer-sml-layout":"","theme-transparent-header-meta":"","adv-header-id-meta":"","stick-header-meta":"","header-above-stick-meta":"","header-main-stick-meta":"","header-below-stick-meta":"","astra-migrate-meta-layouts":"default","ast-page-background-enabled":"default","ast-page-background-meta":{"desktop":{"background-color":"var(--ast-global-color-4)","background-image":"","background-repeat":"repeat","background-position":"center center","background-size":"auto","background-attachment":"scroll","background-type":"","background-media":"","overlay-type":"","overlay-color":"","overlay-opacity":"","overlay-gradient":""},"tablet":{"background-color":"","background-image":"","background-repeat":"repeat","background-position":"center center","background-size":"auto","background-attachment":"scroll","background-type":"","background-media":"","overlay-type":"","overlay-color":"","overlay-opacity":"","overlay-gradient":""},"mobile":{"background-color":"","background-image":"","background-repeat":"repeat","background-position":"center center","background-size":"auto","background-attachment":"scroll","background-type":"","background-media":"","overlay-type":"","overlay-color":"","overlay-opacity":"","overlay-gradient":""}},"ast-content-background-meta":{"desktop":{"background-color":"var(--ast-global-color-5)","background-image":"","background-repeat":"repeat","background-position":"center center","background-size":"auto","background-attachment":"scroll","background-type":"","background-media":"","overlay-type":"","overlay-color":"","overlay-opacity":"","overlay-gradient":""},"tablet":{"background-color":"var(--ast-global-color-5)","background-image":"","background-repeat":"repeat","background-position":"center center","background-size":"auto","background-attachment":"scroll","background-type":"","background-media":"","overlay-type":"","overlay-color":"","overlay-opacity":"","overlay-gradient":""},"mobile":{"background-color":"var(--ast-global-color-5)","background-image":"","background-repeat":"repeat","background-position":"center center","background-size":"auto","background-attachment":"scroll","background-type":"","background-media":"","overlay-type":"","overlay-color":"","overlay-opacity":"","overlay-gradient":""}}},"product_brand":[],"product_cat":[244,188,1118],"product_tag":[],"class_list":{"0":"post-334953","1":"product","2":"type-product","3":"status-publish","4":"has-post-thumbnail","6":"product_cat-france","7":"product_cat-freelancer","8":"product_cat-paris","9":"desktop-align-left","10":"tablet-align-left","11":"mobile-align-left","13":"first","14":"instock","15":"shipping-taxable","16":"product-type-simple"},"_links":{"self":[{"href":"https:\/\/poccky.com\/index.php\/wp-json\/wp\/v2\/product\/334953","targetHints":{"allow":["GET"]}}],"collection":[{"href":"https:\/\/poccky.com\/index.php\/wp-json\/wp\/v2\/product"}],"about":[{"href":"https:\/\/poccky.com\/index.php\/wp-json\/wp\/v2\/types\/product"}],"replies":[{"embeddable":true,"href":"https:\/\/poccky.com\/index.php\/wp-json\/wp\/v2\/comments?post=334953"}],"wp:featuredmedia":[{"embeddable":true,"href":"https:\/\/poccky.com\/index.php\/wp-json\/wp\/v2\/media\/89393"}],"wp:attachment":[{"href":"https:\/\/poccky.com\/index.php\/wp-json\/wp\/v2\/media?parent=334953"}],"wp:term":[{"taxonomy":"product_brand","embeddable":true,"href":"https:\/\/poccky.com\/index.php\/wp-json\/wp\/v2\/product_brand?post=334953"},{"taxonomy":"product_cat","embeddable":true,"href":"https:\/\/poccky.com\/index.php\/wp-json\/wp\/v2\/product_cat?post=334953"},{"taxonomy":"product_tag","embeddable":true,"href":"https:\/\/poccky.com\/index.php\/wp-json\/wp\/v2\/product_tag?post=334953"}],"curies":[{"name":"wp","href":"https:\/\/api.w.org\/{rel}","templated":true}]}}