{"id":334754,"date":"2023-11-05T18:08:40","date_gmt":"2023-11-05T18:08:40","guid":{"rendered":"https:\/\/poccky.com\/?post_type=product&#038;p=334754"},"modified":"2023-11-05T18:08:51","modified_gmt":"2023-11-05T18:08:51","slug":"sofiap-all-services-ws","status":"publish","type":"product","link":"https:\/\/poccky.com\/index.php\/product\/sofiap-all-services-ws\/","title":{"rendered":"Sofiap All Services Ws"},"content":{"rendered":"","protected":false},"excerpt":{"rendered":"<p>T\u00f4i l\u00e0 m?t c\u00f4 g\u00e1i m?i ? Bahrian. T? Philippines. T\u00f4i l\u00e0 c\u00f4 g\u00e1i t\u00f3c v\u00e0ng v?i l\u00e0n da tr?ng. M?t s? r?t ng?t ng\u00e0o. V\u00ec v?y. t\u00f4i th\u00edch h\u00f4n. T\u00f4i c\u00f3 k? n?ng ?i. Boobs t\u00f4i th?t v\u00e0 b\u00ecnh th??ng. T\u00f4i c\u00f3 k? n?ng v?i b? ng?c th\u00e2n y\u00eau. B?n s? c\u00f3 nh?ng tr?i nghi?m khi ??n v?i t\u00f4i. T\u00f4i ??m b?o r?ng b?n s? th\u00edch t\u00f4i. T\u00f4i c\u00f3 b? ng?c ??p t? nhi\u00ean 100%. Th? gi\u00e3n v\u00e0 vui v? l\u00e0 nh?ng g\u00ec t\u00f4i s? l\u00e0m cho b?n ??p tr? l?i. T?i sao ch\u00fang ta kh\u00f4ng g?p nhau ngay b\u00e2y gi?. ??ng b? l?<br \/>\nD?CH V? MANG L?I ??<br \/>\nKH\u00d4NG C\u00d3 CONDOM<br \/>\nCIM S? H?U RIM<br \/>\nKISS LIPS<br \/>\nFRENCH KISSING<br \/>\nMASSAGE B2B V?I D?U V\u00c0 NURU<br \/>\nDREEPTHOAT My details Below mentioned<\/p>\n<p>                Nationality:<br \/>\n                Filipino <\/p>\n<p>                Languages:<br \/>\n                English<\/p>\n<p>                Age:<br \/>\n                21<\/p>\n<p>                Height:<br \/>\n                170<\/p>\n<p>                Weight:<br \/>\n                59<\/p>\n<p>                Hair:<br \/>\n                 long gold<\/p>\n<p>                Eyes:<br \/>\n                 brown<\/p>\n<p>                Measurements:<br \/>\n                100\/60\/100Companionship rates:<\/p>\n<p>                  1 hour rate<br \/>\n                  50 BD<\/p>\n<p>                  2 hours rate<br \/>\n                  100 BD<\/p>\n<p>                  3 hours rate<br \/>\n                  150 BD<\/p>\n","protected":false},"featured_media":319717,"comment_status":"open","ping_status":"closed","template":"","meta":{"site-sidebar-layout":"default","site-content-layout":"","ast-site-content-layout":"","site-content-style":"default","site-sidebar-style":"default","ast-global-header-display":"","ast-banner-title-visibility":"","ast-main-header-display":"","ast-hfb-above-header-display":"","ast-hfb-below-header-display":"","ast-hfb-mobile-header-display":"","site-post-title":"","ast-breadcrumbs-content":"","ast-featured-img":"","footer-sml-layout":"","theme-transparent-header-meta":"","adv-header-id-meta":"","stick-header-meta":"","header-above-stick-meta":"","header-main-stick-meta":"","header-below-stick-meta":"","astra-migrate-meta-layouts":"default","ast-page-background-enabled":"default","ast-page-background-meta":{"desktop":{"background-color":"var(--ast-global-color-4)","background-image":"","background-repeat":"repeat","background-position":"center center","background-size":"auto","background-attachment":"scroll","background-type":"","background-media":"","overlay-type":"","overlay-color":"","overlay-opacity":"","overlay-gradient":""},"tablet":{"background-color":"","background-image":"","background-repeat":"repeat","background-position":"center center","background-size":"auto","background-attachment":"scroll","background-type":"","background-media":"","overlay-type":"","overlay-color":"","overlay-opacity":"","overlay-gradient":""},"mobile":{"background-color":"","background-image":"","background-repeat":"repeat","background-position":"center center","background-size":"auto","background-attachment":"scroll","background-type":"","background-media":"","overlay-type":"","overlay-color":"","overlay-opacity":"","overlay-gradient":""}},"ast-content-background-meta":{"desktop":{"background-color":"var(--ast-global-color-5)","background-image":"","background-repeat":"repeat","background-position":"center center","background-size":"auto","background-attachment":"scroll","background-type":"","background-media":"","overlay-type":"","overlay-color":"","overlay-opacity":"","overlay-gradient":""},"tablet":{"background-color":"var(--ast-global-color-5)","background-image":"","background-repeat":"repeat","background-position":"center center","background-size":"auto","background-attachment":"scroll","background-type":"","background-media":"","overlay-type":"","overlay-color":"","overlay-opacity":"","overlay-gradient":""},"mobile":{"background-color":"var(--ast-global-color-5)","background-image":"","background-repeat":"repeat","background-position":"center center","background-size":"auto","background-attachment":"scroll","background-type":"","background-media":"","overlay-type":"","overlay-color":"","overlay-opacity":"","overlay-gradient":""}}},"product_brand":[],"product_cat":[240,188,1121],"product_tag":[],"class_list":{"0":"post-334754","1":"product","2":"type-product","3":"status-publish","4":"has-post-thumbnail","6":"product_cat-bahrain","7":"product_cat-freelancer","8":"product_cat-manama","9":"desktop-align-left","10":"tablet-align-left","11":"mobile-align-left","13":"first","14":"instock","15":"shipping-taxable","16":"product-type-simple"},"_links":{"self":[{"href":"https:\/\/poccky.com\/index.php\/wp-json\/wp\/v2\/product\/334754","targetHints":{"allow":["GET"]}}],"collection":[{"href":"https:\/\/poccky.com\/index.php\/wp-json\/wp\/v2\/product"}],"about":[{"href":"https:\/\/poccky.com\/index.php\/wp-json\/wp\/v2\/types\/product"}],"replies":[{"embeddable":true,"href":"https:\/\/poccky.com\/index.php\/wp-json\/wp\/v2\/comments?post=334754"}],"wp:featuredmedia":[{"embeddable":true,"href":"https:\/\/poccky.com\/index.php\/wp-json\/wp\/v2\/media\/319717"}],"wp:attachment":[{"href":"https:\/\/poccky.com\/index.php\/wp-json\/wp\/v2\/media?parent=334754"}],"wp:term":[{"taxonomy":"product_brand","embeddable":true,"href":"https:\/\/poccky.com\/index.php\/wp-json\/wp\/v2\/product_brand?post=334754"},{"taxonomy":"product_cat","embeddable":true,"href":"https:\/\/poccky.com\/index.php\/wp-json\/wp\/v2\/product_cat?post=334754"},{"taxonomy":"product_tag","embeddable":true,"href":"https:\/\/poccky.com\/index.php\/wp-json\/wp\/v2\/product_tag?post=334754"}],"curies":[{"name":"wp","href":"https:\/\/api.w.org\/{rel}","templated":true}]}}