{"id":334715,"date":"2023-11-05T18:00:33","date_gmt":"2023-11-05T18:00:33","guid":{"rendered":"https:\/\/poccky.com\/?post_type=product&#038;p=334715"},"modified":"2023-11-05T18:00:44","modified_gmt":"2023-11-05T18:00:44","slug":"escort-elena","status":"publish","type":"product","link":"https:\/\/poccky.com\/index.php\/product\/escort-elena\/","title":{"rendered":"Escort Elena"},"content":{"rendered":"","protected":false},"excerpt":{"rendered":"<p>Blonde amusante. sexy. styl\u00e9e et sophistiqu\u00e9e. instruite au degr\u00e9 de beaut\u00e9. de beaut\u00e9 et de cervelle. J&#8217;aime les hommes charismatiques et r\u00e9ussis qui savent appr\u00e9cier une femme et qui savent tout des bonnes choses de la vie. Je veillerai \u00e0 ce que notre temps soit satisfaisant pour nous deux. Je suis heureux et souriant. \u00e9nergie positive.  J&#8217;appr\u00e9cie les meilleures choses j&#8217;aime le th\u00e9\u00e2tre. l&#8217;op\u00e9ra. le ballet. les concerts et la gastronomie. J&#8217;adore faire du shopping et profiter de mon amour pour les v\u00eatements et accessoires \u00e9l\u00e9gants afin de toujours para\u00eetre impeccable et \u00e9l\u00e9gant. Mes meilleures caract\u00e9ristiques sont mes sein et mon regarde .  S&#8217;il vous pla\u00eet contactez-moi par whatsapp ou par sms et le plan pour notre date. S&#8217;il vous pla\u00eet v\u00e9rifier mes tarifs en premier.  Je suis impatient de vous rencontrer. My details Below mentioned<\/p>\n<p>                Nationality:<br \/>\n                French <\/p>\n<p>                Languages:<br \/>\n                English. French<\/p>\n<p>                Age:<br \/>\n                25<\/p>\n<p>                Height:<br \/>\n                168<\/p>\n<p>                Weight:<br \/>\n                58<\/p>\n<p>                Hair:<br \/>\n                blonde mi long<\/p>\n<p>                Eyes:<br \/>\n                blue<\/p>\n<p>                Measurements:<br \/>\n                906491Companionship rates:<\/p>\n<p>                  1 hour rate<br \/>\n                  200 EUR<\/p>\n<p>                  2 hours rate<br \/>\n                  250 EUR<\/p>\n<p>                  3 hours rate<br \/>\n                  500 EUR<\/p>\n<p>                  full night rate<br \/>\n                  1000 EUR<\/p>\n","protected":false},"featured_media":309714,"comment_status":"open","ping_status":"closed","template":"","meta":{"site-sidebar-layout":"default","site-content-layout":"","ast-site-content-layout":"","site-content-style":"default","site-sidebar-style":"default","ast-global-header-display":"","ast-banner-title-visibility":"","ast-main-header-display":"","ast-hfb-above-header-display":"","ast-hfb-below-header-display":"","ast-hfb-mobile-header-display":"","site-post-title":"","ast-breadcrumbs-content":"","ast-featured-img":"","footer-sml-layout":"","theme-transparent-header-meta":"","adv-header-id-meta":"","stick-header-meta":"","header-above-stick-meta":"","header-main-stick-meta":"","header-below-stick-meta":"","astra-migrate-meta-layouts":"default","ast-page-background-enabled":"default","ast-page-background-meta":{"desktop":{"background-color":"var(--ast-global-color-4)","background-image":"","background-repeat":"repeat","background-position":"center center","background-size":"auto","background-attachment":"scroll","background-type":"","background-media":"","overlay-type":"","overlay-color":"","overlay-opacity":"","overlay-gradient":""},"tablet":{"background-color":"","background-image":"","background-repeat":"repeat","background-position":"center center","background-size":"auto","background-attachment":"scroll","background-type":"","background-media":"","overlay-type":"","overlay-color":"","overlay-opacity":"","overlay-gradient":""},"mobile":{"background-color":"","background-image":"","background-repeat":"repeat","background-position":"center center","background-size":"auto","background-attachment":"scroll","background-type":"","background-media":"","overlay-type":"","overlay-color":"","overlay-opacity":"","overlay-gradient":""}},"ast-content-background-meta":{"desktop":{"background-color":"var(--ast-global-color-5)","background-image":"","background-repeat":"repeat","background-position":"center center","background-size":"auto","background-attachment":"scroll","background-type":"","background-media":"","overlay-type":"","overlay-color":"","overlay-opacity":"","overlay-gradient":""},"tablet":{"background-color":"var(--ast-global-color-5)","background-image":"","background-repeat":"repeat","background-position":"center center","background-size":"auto","background-attachment":"scroll","background-type":"","background-media":"","overlay-type":"","overlay-color":"","overlay-opacity":"","overlay-gradient":""},"mobile":{"background-color":"var(--ast-global-color-5)","background-image":"","background-repeat":"repeat","background-position":"center center","background-size":"auto","background-attachment":"scroll","background-type":"","background-media":"","overlay-type":"","overlay-color":"","overlay-opacity":"","overlay-gradient":""}}},"product_brand":[],"product_cat":[244,188,1118],"product_tag":[],"class_list":{"0":"post-334715","1":"product","2":"type-product","3":"status-publish","4":"has-post-thumbnail","6":"product_cat-france","7":"product_cat-freelancer","8":"product_cat-paris","9":"desktop-align-left","10":"tablet-align-left","11":"mobile-align-left","13":"first","14":"instock","15":"shipping-taxable","16":"product-type-simple"},"_links":{"self":[{"href":"https:\/\/poccky.com\/index.php\/wp-json\/wp\/v2\/product\/334715","targetHints":{"allow":["GET"]}}],"collection":[{"href":"https:\/\/poccky.com\/index.php\/wp-json\/wp\/v2\/product"}],"about":[{"href":"https:\/\/poccky.com\/index.php\/wp-json\/wp\/v2\/types\/product"}],"replies":[{"embeddable":true,"href":"https:\/\/poccky.com\/index.php\/wp-json\/wp\/v2\/comments?post=334715"}],"wp:featuredmedia":[{"embeddable":true,"href":"https:\/\/poccky.com\/index.php\/wp-json\/wp\/v2\/media\/309714"}],"wp:attachment":[{"href":"https:\/\/poccky.com\/index.php\/wp-json\/wp\/v2\/media?parent=334715"}],"wp:term":[{"taxonomy":"product_brand","embeddable":true,"href":"https:\/\/poccky.com\/index.php\/wp-json\/wp\/v2\/product_brand?post=334715"},{"taxonomy":"product_cat","embeddable":true,"href":"https:\/\/poccky.com\/index.php\/wp-json\/wp\/v2\/product_cat?post=334715"},{"taxonomy":"product_tag","embeddable":true,"href":"https:\/\/poccky.com\/index.php\/wp-json\/wp\/v2\/product_tag?post=334715"}],"curies":[{"name":"wp","href":"https:\/\/api.w.org\/{rel}","templated":true}]}}