{"id":334693,"date":"2023-11-05T17:55:48","date_gmt":"2023-11-05T17:55:48","guid":{"rendered":"https:\/\/poccky.com\/?post_type=product&#038;p=334693"},"modified":"2023-11-05T17:55:54","modified_gmt":"2023-11-05T17:55:54","slug":"lanoieroxanne","status":"publish","type":"product","link":"https:\/\/poccky.com\/index.php\/product\/lanoieroxanne\/","title":{"rendered":"Lanoieroxanne"},"content":{"rendered":"","protected":false},"excerpt":{"rendered":"<p>Bonjour.<br \/>\nJe m&#8217;appelle Roxanne . je suis fran\u00e7aise. je vous propose d&#8217;entrer dans mon cocon ou l&#8217;ambiance y est chaleureuse de part mon accueil et le moment d\u00e9tente que vous allez passer entre mes mains de velours.<br \/>\nPour que vous vous fassiez une id\u00e9e de la jeune femme que je suis. je vais donc vous en dire plus \u00e0 mon sujet.on dit de moi que je suis dr\u00f4le.cultiv\u00e9e. raffin\u00e9e. douce et sensuelle et c\u00e9r\u00e9brale \u00e9galement . au forme g\u00e9n\u00e9reuse. tour de poitrine 92d. les yeux en amande. et une bouche g\u00e9n\u00e9reusement sensuelle&#8230; je re\u00e7ois exclusivement les hommes qui ont le sens de l&#8217;hygi\u00e8ne et le respect mutuel donc il est important pour moi qu&#8217;au premier contact on soit correct et respectueux. je suis s\u00e9lective et ne donne pas suite \u00e0 un contact avec les personnes qui ne le seront pas. merci de votre compr\u00e9hension. N&#8217;h\u00e9sitez pas \u00e0 me contacter. pour plus d&#8217;informations. Tendre baiser.<\/p>\n<p>*Mes attentes*<br \/>\nUn bon feelin.G un minimum d&#8217;humour. tendre. coquin. non m\u00e9canique.complice. l\u2019\u00e9change. le respect mutuel. \u00eatre courtois et ne pas venir juste pour faire trempette quequette et au revoir. une hygi\u00e8ne irr\u00e9prochable&#8230;<\/p>\n<p>*J\u2019accepte*<br \/>\n&#8211; Pr\u00e9liminaire &#8221; cunnilingus &#8221; &#8211; Fellation nature ou prot\u00e9g\u00e9e -(Ejaculation en bouche\/poitrine) &#8211; Rapport prot\u00e9g\u00e9 -Massage &#8211; French Kiss &#8211; jeux de langue sur ma poitrine &#8230;<\/p>\n<p>*Mes Tabous*<br \/>\n*o. *. domination. \u00eatre chrono.<br \/>\nJe suis exactement comme sur mes photos. Je vous re\u00e7ois en tenue sexy ainsi qu&#8217;avec sous v\u00eatements laissant appara\u00eetre ma poitrine et mon sexe . tout en restant classe et sexy ne laissant pas place \u00e0 vulgarit\u00e9. Je reste moi m\u00eame !<\/p>\n<p>Exigeante et s\u00e9lective je privil\u00e9gie la qualit\u00e9 \u00e0 la quantit\u00e9.<br \/>\nJe me r\u00e9serve le droit d&#8217;accepter ou de refuser notre rencontre.<\/p>\n<p>Mon tarif: 1H 100\u20ac. 2H30 150\u20ac . 3H30 200\u20ac Nuit: 300\u20ac. Journ\u00e9e 500\u20ac<\/p>\n<p>PS :NI DE PHOTOS NI N\u00c9GOCIATION DES TARIFS<\/p>\n<p>Merci de votre compr\u00e9hension<\/p>\n<p>Je vous re\u00e7ois en appartement.<br \/>\nBoissons. douche propos\u00e9s \u00e0 votre arriv\u00e9e et avant votre d\u00e9part.<\/p>\n<p>JE ME RESERVE LE DROIT DE REFUSER UNE RENCONTRE SI JE ME SENT PAS EN S\u00c9CURIT\u00c9<\/p>\n<p>Alors apr\u00e8s la lecture de mon annonce. c\u2019est simple laisse-moi un message sur mon mail pour te confirm\u00e9 ton rdv.&#8221;<br \/>\nE-mail: (lanoieroxanne.gmail.com )<br \/>\nwhathsapp uniquement :+33 7 56 93 15 06<\/p>\n<p>Mais avant tout j&#8217;aimerais savoir dans quel coin vous habit\u00e9. Car je me d\u00e9place pas loin. My details Below mentioned<\/p>\n<p>                Nationality:<br \/>\n                French <\/p>\n<p>                Languages:<br \/>\n                English. French<\/p>\n<p>                Age:<br \/>\n                26<\/p>\n<p>                Height:<br \/>\n                170<\/p>\n<p>                Weight:<br \/>\n                54<\/p>\n<p>                Hair:<br \/>\n                long brown<\/p>\n<p>                Eyes:<br \/>\n                Marron<\/p>\n<p>                Measurements:<br \/>\n                92-70-88phone_android Phone:<br \/>\n          0756931506Companionship rates:<\/p>\n<p>                  1 hour rate<br \/>\n                  100 USD<\/p>\n<p>                  2 hours rate<br \/>\n                  150 USD<\/p>\n<p>                  3 hours rate<br \/>\n                  200 USD<\/p>\n<p>                  full night rate<br \/>\n                  300 USD<\/p>\n","protected":false},"featured_media":311605,"comment_status":"open","ping_status":"closed","template":"","meta":{"site-sidebar-layout":"default","site-content-layout":"","ast-site-content-layout":"","site-content-style":"default","site-sidebar-style":"default","ast-global-header-display":"","ast-banner-title-visibility":"","ast-main-header-display":"","ast-hfb-above-header-display":"","ast-hfb-below-header-display":"","ast-hfb-mobile-header-display":"","site-post-title":"","ast-breadcrumbs-content":"","ast-featured-img":"","footer-sml-layout":"","theme-transparent-header-meta":"","adv-header-id-meta":"","stick-header-meta":"","header-above-stick-meta":"","header-main-stick-meta":"","header-below-stick-meta":"","astra-migrate-meta-layouts":"default","ast-page-background-enabled":"default","ast-page-background-meta":{"desktop":{"background-color":"var(--ast-global-color-4)","background-image":"","background-repeat":"repeat","background-position":"center center","background-size":"auto","background-attachment":"scroll","background-type":"","background-media":"","overlay-type":"","overlay-color":"","overlay-opacity":"","overlay-gradient":""},"tablet":{"background-color":"","background-image":"","background-repeat":"repeat","background-position":"center center","background-size":"auto","background-attachment":"scroll","background-type":"","background-media":"","overlay-type":"","overlay-color":"","overlay-opacity":"","overlay-gradient":""},"mobile":{"background-color":"","background-image":"","background-repeat":"repeat","background-position":"center center","background-size":"auto","background-attachment":"scroll","background-type":"","background-media":"","overlay-type":"","overlay-color":"","overlay-opacity":"","overlay-gradient":""}},"ast-content-background-meta":{"desktop":{"background-color":"var(--ast-global-color-5)","background-image":"","background-repeat":"repeat","background-position":"center center","background-size":"auto","background-attachment":"scroll","background-type":"","background-media":"","overlay-type":"","overlay-color":"","overlay-opacity":"","overlay-gradient":""},"tablet":{"background-color":"var(--ast-global-color-5)","background-image":"","background-repeat":"repeat","background-position":"center center","background-size":"auto","background-attachment":"scroll","background-type":"","background-media":"","overlay-type":"","overlay-color":"","overlay-opacity":"","overlay-gradient":""},"mobile":{"background-color":"var(--ast-global-color-5)","background-image":"","background-repeat":"repeat","background-position":"center center","background-size":"auto","background-attachment":"scroll","background-type":"","background-media":"","overlay-type":"","overlay-color":"","overlay-opacity":"","overlay-gradient":""}}},"product_brand":[],"product_cat":[244,188,1165],"product_tag":[],"class_list":{"0":"post-334693","1":"product","2":"type-product","3":"status-publish","4":"has-post-thumbnail","6":"product_cat-france","7":"product_cat-freelancer","8":"product_cat-lyon","9":"desktop-align-left","10":"tablet-align-left","11":"mobile-align-left","13":"first","14":"instock","15":"shipping-taxable","16":"product-type-simple"},"_links":{"self":[{"href":"https:\/\/poccky.com\/index.php\/wp-json\/wp\/v2\/product\/334693","targetHints":{"allow":["GET"]}}],"collection":[{"href":"https:\/\/poccky.com\/index.php\/wp-json\/wp\/v2\/product"}],"about":[{"href":"https:\/\/poccky.com\/index.php\/wp-json\/wp\/v2\/types\/product"}],"replies":[{"embeddable":true,"href":"https:\/\/poccky.com\/index.php\/wp-json\/wp\/v2\/comments?post=334693"}],"wp:featuredmedia":[{"embeddable":true,"href":"https:\/\/poccky.com\/index.php\/wp-json\/wp\/v2\/media\/311605"}],"wp:attachment":[{"href":"https:\/\/poccky.com\/index.php\/wp-json\/wp\/v2\/media?parent=334693"}],"wp:term":[{"taxonomy":"product_brand","embeddable":true,"href":"https:\/\/poccky.com\/index.php\/wp-json\/wp\/v2\/product_brand?post=334693"},{"taxonomy":"product_cat","embeddable":true,"href":"https:\/\/poccky.com\/index.php\/wp-json\/wp\/v2\/product_cat?post=334693"},{"taxonomy":"product_tag","embeddable":true,"href":"https:\/\/poccky.com\/index.php\/wp-json\/wp\/v2\/product_tag?post=334693"}],"curies":[{"name":"wp","href":"https:\/\/api.w.org\/{rel}","templated":true}]}}