{"id":334660,"date":"2023-11-05T17:49:27","date_gmt":"2023-11-05T17:49:27","guid":{"rendered":"https:\/\/poccky.com\/?post_type=product&#038;p=334660"},"modified":"2023-11-05T17:49:29","modified_gmt":"2023-11-05T17:49:29","slug":"monika-latina","status":"publish","type":"product","link":"https:\/\/poccky.com\/index.php\/product\/monika-latina\/","title":{"rendered":"Monika Latina"},"content":{"rendered":"","protected":false},"excerpt":{"rendered":"<p>Ich bin Monika ein 28<\/p>\n<p>Jahre altes aus dominikanischen Republik M\u00e4dchen. das jetzt in der Stadt verf\u00fcgbar ist.<\/p>\n<p>Ich liebe was ich tue und ich w\u00fcrde gerne verw\u00f6hnen und necken. bis du schwach in den Knien bist! Sie werden verw\u00f6hnt. Kommen Sie und erleben Sie wahre ungez\u00fcgelte Sinnlichkeit. Ich bin aufgeschlossen und liebe es. sexy Spa\u00df zu haben. s\u00fc\u00df wie Honig und hei\u00df wie Chili. Ich bin eine berauschende Mischung aus Gehirn und Sch\u00f6nheit. Hei\u00df. sexy und gut ausgebildet. Ich bin das Komplettpaket. nach dem Sie gesucht haben. Sie werden mich f\u00fcr meinen Intellekt. mein Selbstvertrauen und meinen witzigen Sinn f\u00fcr Humor lieben. Sie werden meinen super fit und straffen K\u00f6rper. mein freches L\u00e4cheln und meine W\u00e4rmepers\u00f6nlichkeit lieben.<\/p>\n<p>155 gro\u00dfe<br \/>\n58kilo<br \/>\nBlond Haare<br \/>\nLatina Typ<br \/>\n85c bh<br \/>\n34 cm\/s<\/p>\n<p>Service:<br \/>\n69<br \/>\nAnal<br \/>\nClassic sex<br \/>\nDeepthorat<br \/>\nErotik Massage<br \/>\nHandjob<br \/>\nMaturbation<br \/>\nSex toys My details Below mentioned<\/p>\n<p>                Nationality:<br \/>\n                Dominican <\/p>\n<p>                Languages:<br \/>\n                English. German. Italian. Spanish<\/p>\n<p>                Age:<br \/>\n                28<\/p>\n<p>                Height:<br \/>\n                155<\/p>\n<p>                Weight:<br \/>\n                55<\/p>\n<p>                Hair:<br \/>\n                Rubio largo <\/p>\n<p>                Eyes:<br \/>\n                Negros<\/p>\n<p>                Measurements:<br \/>\n                34phone_android Phone:<br \/>\n          +4917625057092Companionship rates:<\/p>\n<p>                  1 hour rate<br \/>\n                  250 EUR<\/p>\n<p>                  2 hours rate<br \/>\n                  500 EUR<\/p>\n<p>                  3 hours rate<br \/>\n                  750 EUR<\/p>\n<p>                  full night rate<br \/>\n                  1800 EUR<\/p>\n","protected":false},"featured_media":317481,"comment_status":"open","ping_status":"closed","template":"","meta":{"site-sidebar-layout":"default","site-content-layout":"","ast-site-content-layout":"","site-content-style":"default","site-sidebar-style":"default","ast-global-header-display":"","ast-banner-title-visibility":"","ast-main-header-display":"","ast-hfb-above-header-display":"","ast-hfb-below-header-display":"","ast-hfb-mobile-header-display":"","site-post-title":"","ast-breadcrumbs-content":"","ast-featured-img":"","footer-sml-layout":"","theme-transparent-header-meta":"","adv-header-id-meta":"","stick-header-meta":"","header-above-stick-meta":"","header-main-stick-meta":"","header-below-stick-meta":"","astra-migrate-meta-layouts":"default","ast-page-background-enabled":"default","ast-page-background-meta":{"desktop":{"background-color":"var(--ast-global-color-4)","background-image":"","background-repeat":"repeat","background-position":"center center","background-size":"auto","background-attachment":"scroll","background-type":"","background-media":"","overlay-type":"","overlay-color":"","overlay-opacity":"","overlay-gradient":""},"tablet":{"background-color":"","background-image":"","background-repeat":"repeat","background-position":"center center","background-size":"auto","background-attachment":"scroll","background-type":"","background-media":"","overlay-type":"","overlay-color":"","overlay-opacity":"","overlay-gradient":""},"mobile":{"background-color":"","background-image":"","background-repeat":"repeat","background-position":"center center","background-size":"auto","background-attachment":"scroll","background-type":"","background-media":"","overlay-type":"","overlay-color":"","overlay-opacity":"","overlay-gradient":""}},"ast-content-background-meta":{"desktop":{"background-color":"var(--ast-global-color-5)","background-image":"","background-repeat":"repeat","background-position":"center center","background-size":"auto","background-attachment":"scroll","background-type":"","background-media":"","overlay-type":"","overlay-color":"","overlay-opacity":"","overlay-gradient":""},"tablet":{"background-color":"var(--ast-global-color-5)","background-image":"","background-repeat":"repeat","background-position":"center center","background-size":"auto","background-attachment":"scroll","background-type":"","background-media":"","overlay-type":"","overlay-color":"","overlay-opacity":"","overlay-gradient":""},"mobile":{"background-color":"var(--ast-global-color-5)","background-image":"","background-repeat":"repeat","background-position":"center center","background-size":"auto","background-attachment":"scroll","background-type":"","background-media":"","overlay-type":"","overlay-color":"","overlay-opacity":"","overlay-gradient":""}}},"product_brand":[],"product_cat":[188,958,1127],"product_tag":[],"class_list":{"0":"post-334660","1":"product","2":"type-product","3":"status-publish","4":"has-post-thumbnail","6":"product_cat-freelancer","7":"product_cat-switzerland","8":"product_cat-zurich","9":"desktop-align-left","10":"tablet-align-left","11":"mobile-align-left","13":"first","14":"instock","15":"shipping-taxable","16":"product-type-simple"},"_links":{"self":[{"href":"https:\/\/poccky.com\/index.php\/wp-json\/wp\/v2\/product\/334660","targetHints":{"allow":["GET"]}}],"collection":[{"href":"https:\/\/poccky.com\/index.php\/wp-json\/wp\/v2\/product"}],"about":[{"href":"https:\/\/poccky.com\/index.php\/wp-json\/wp\/v2\/types\/product"}],"replies":[{"embeddable":true,"href":"https:\/\/poccky.com\/index.php\/wp-json\/wp\/v2\/comments?post=334660"}],"wp:featuredmedia":[{"embeddable":true,"href":"https:\/\/poccky.com\/index.php\/wp-json\/wp\/v2\/media\/317481"}],"wp:attachment":[{"href":"https:\/\/poccky.com\/index.php\/wp-json\/wp\/v2\/media?parent=334660"}],"wp:term":[{"taxonomy":"product_brand","embeddable":true,"href":"https:\/\/poccky.com\/index.php\/wp-json\/wp\/v2\/product_brand?post=334660"},{"taxonomy":"product_cat","embeddable":true,"href":"https:\/\/poccky.com\/index.php\/wp-json\/wp\/v2\/product_cat?post=334660"},{"taxonomy":"product_tag","embeddable":true,"href":"https:\/\/poccky.com\/index.php\/wp-json\/wp\/v2\/product_tag?post=334660"}],"curies":[{"name":"wp","href":"https:\/\/api.w.org\/{rel}","templated":true}]}}