{"id":334502,"date":"2023-11-05T17:22:16","date_gmt":"2023-11-05T17:22:16","guid":{"rendered":"https:\/\/poccky.com\/?post_type=product&#038;p=334502"},"modified":"2023-11-05T17:22:26","modified_gmt":"2023-11-05T17:22:26","slug":"henry-2","status":"publish","type":"product","link":"https:\/\/poccky.com\/index.php\/product\/henry-2\/","title":{"rendered":"Henry"},"content":{"rendered":"","protected":false},"excerpt":{"rendered":"<p>Ch\u00e0o c\u00e1c b?n! T\u00f4i l\u00e0 Henry t? Philippines. Ch\u00e0o m?ng ??n v?i th? gi?i c?a t\u00f4i.\u00a0B?n ?\u00e3 t\u00ecm th?y t\u00f4i cu?i c\u00f9ng.\u00a0T\u00f4i h?u nh? kh\u00f4ng th? ch? ??i ?? t?n h??ng s? sang tr?ng v\u00e0 ham mu?n v?i b?n N?u b?n l\u00e0 m?t qu\u00fd \u00f4ng ?u t\u00fa ?ang t\u00ecm ki?m m?t ng??i quy?n r? ?? chi?u chu?ng v\u00e0 t\u00f4n th? b?n. kh\u00f4ng c?n t\u00ecm ?\u00e2u xa.\u00a0Cho ph\u00e9p t\u00f4i gi?i thi?u v?i b?n nh?ng d?ch v? h? t?ng t?t nh?t ?? cung c?p cho nh?ng ng??i b?n ??ng h\u00e0nh sang tr?ng.\u00a0T\u00f4i s? th? gi\u00e3n c? th? c?a b?n v?i s?c m?nh ?\u00e1ng ghen t?. quy?n r? t\u00e2m tr\u00ed c?a b?n v?i m?t li?u ph\u00e1p m\u00e1t-xa b?ng d?u d? d\u00e0ng.\u00a0T\u00f4i tin r?ng sau m?t ng\u00e0y l\u00e0m vi?c m?t m?i t?i v?n ph\u00f2n.G c\u00e1ch kh?c ph?c t?t nh?t l\u00e0 m?t m\u00f4i tr??ng th? gi\u00e3n. massage g?i c?m t? ng??i ph? n? tuy?t ??p v?i \u00e1nh m?t d?u d\u00e0n.G gi?ng n\u00f3i khi\u00eau kh\u00edch v\u00e0 s? x\u00fac ??ng tinh t?.\u00a0T\u00f4i s? l\u00e0m tan bi?n nh?ng c?ng th?ng ?\u00f3 kh?i b?n v\u00e0 thay th? n\u00f3 b?ng vi?c kh\u00e1m ph\u00e1 nh?c d?c.\u00a0H\u00e3y c\u00f9ng t\u00f4i tr?i qua m?t qu\u00e3ng th?i gian c\u00f9ng nhau. My details Below mentioned<\/p>\n<p>                Nationality:<br \/>\n                Singaporean <\/p>\n<p>                Languages:<br \/>\n                Chinese (Mandarin). English<\/p>\n<p>                Age:<br \/>\n                23<\/p>\n<p>                Height:<br \/>\n                168<\/p>\n<p>                Weight:<br \/>\n                53<\/p>\n<p>                Hair:<br \/>\n                ?en d\u00e0i<\/p>\n<p>                Eyes:<br \/>\n                ?en<\/p>\n<p>                Measurements:<br \/>\n                89-62-91<\/p>\n","protected":false},"featured_media":320200,"comment_status":"open","ping_status":"closed","template":"","meta":{"site-sidebar-layout":"default","site-content-layout":"","ast-site-content-layout":"","site-content-style":"default","site-sidebar-style":"default","ast-global-header-display":"","ast-banner-title-visibility":"","ast-main-header-display":"","ast-hfb-above-header-display":"","ast-hfb-below-header-display":"","ast-hfb-mobile-header-display":"","site-post-title":"","ast-breadcrumbs-content":"","ast-featured-img":"","footer-sml-layout":"","theme-transparent-header-meta":"","adv-header-id-meta":"","stick-header-meta":"","header-above-stick-meta":"","header-main-stick-meta":"","header-below-stick-meta":"","astra-migrate-meta-layouts":"default","ast-page-background-enabled":"default","ast-page-background-meta":{"desktop":{"background-color":"var(--ast-global-color-4)","background-image":"","background-repeat":"repeat","background-position":"center center","background-size":"auto","background-attachment":"scroll","background-type":"","background-media":"","overlay-type":"","overlay-color":"","overlay-opacity":"","overlay-gradient":""},"tablet":{"background-color":"","background-image":"","background-repeat":"repeat","background-position":"center center","background-size":"auto","background-attachment":"scroll","background-type":"","background-media":"","overlay-type":"","overlay-color":"","overlay-opacity":"","overlay-gradient":""},"mobile":{"background-color":"","background-image":"","background-repeat":"repeat","background-position":"center center","background-size":"auto","background-attachment":"scroll","background-type":"","background-media":"","overlay-type":"","overlay-color":"","overlay-opacity":"","overlay-gradient":""}},"ast-content-background-meta":{"desktop":{"background-color":"var(--ast-global-color-5)","background-image":"","background-repeat":"repeat","background-position":"center center","background-size":"auto","background-attachment":"scroll","background-type":"","background-media":"","overlay-type":"","overlay-color":"","overlay-opacity":"","overlay-gradient":""},"tablet":{"background-color":"var(--ast-global-color-5)","background-image":"","background-repeat":"repeat","background-position":"center center","background-size":"auto","background-attachment":"scroll","background-type":"","background-media":"","overlay-type":"","overlay-color":"","overlay-opacity":"","overlay-gradient":""},"mobile":{"background-color":"var(--ast-global-color-5)","background-image":"","background-repeat":"repeat","background-position":"center center","background-size":"auto","background-attachment":"scroll","background-type":"","background-media":"","overlay-type":"","overlay-color":"","overlay-opacity":"","overlay-gradient":""}}},"product_brand":[],"product_cat":[235,188,815],"product_tag":[],"class_list":{"0":"post-334502","1":"product","2":"type-product","3":"status-publish","4":"has-post-thumbnail","6":"product_cat-dubai","7":"product_cat-freelancer","8":"product_cat-uae","9":"desktop-align-left","10":"tablet-align-left","11":"mobile-align-left","13":"first","14":"instock","15":"shipping-taxable","16":"product-type-simple"},"_links":{"self":[{"href":"https:\/\/poccky.com\/index.php\/wp-json\/wp\/v2\/product\/334502","targetHints":{"allow":["GET"]}}],"collection":[{"href":"https:\/\/poccky.com\/index.php\/wp-json\/wp\/v2\/product"}],"about":[{"href":"https:\/\/poccky.com\/index.php\/wp-json\/wp\/v2\/types\/product"}],"replies":[{"embeddable":true,"href":"https:\/\/poccky.com\/index.php\/wp-json\/wp\/v2\/comments?post=334502"}],"wp:featuredmedia":[{"embeddable":true,"href":"https:\/\/poccky.com\/index.php\/wp-json\/wp\/v2\/media\/320200"}],"wp:attachment":[{"href":"https:\/\/poccky.com\/index.php\/wp-json\/wp\/v2\/media?parent=334502"}],"wp:term":[{"taxonomy":"product_brand","embeddable":true,"href":"https:\/\/poccky.com\/index.php\/wp-json\/wp\/v2\/product_brand?post=334502"},{"taxonomy":"product_cat","embeddable":true,"href":"https:\/\/poccky.com\/index.php\/wp-json\/wp\/v2\/product_cat?post=334502"},{"taxonomy":"product_tag","embeddable":true,"href":"https:\/\/poccky.com\/index.php\/wp-json\/wp\/v2\/product_tag?post=334502"}],"curies":[{"name":"wp","href":"https:\/\/api.w.org\/{rel}","templated":true}]}}