{"id":334293,"date":"2023-11-05T16:44:54","date_gmt":"2023-11-05T16:44:54","guid":{"rendered":"https:\/\/poccky.com\/?post_type=product&#038;p=334293"},"modified":"2023-11-05T16:45:01","modified_gmt":"2023-11-05T16:45:01","slug":"belda","status":"publish","type":"product","link":"https:\/\/poccky.com\/index.php\/product\/belda\/","title":{"rendered":"Belda"},"content":{"rendered":"","protected":false},"excerpt":{"rendered":"<p>Bonjour messieurs.<\/p>\n<p>je suis Belda. une femme m\u00fbre ravissante. tr\u00e8s exp\u00e9riment\u00e9e. J\u2019ai 24 ans. 1m70. 57k.G poitrine naturelle et de belles courbes. sensuelles et sexy. qui vous feront r\u00eaver pendant notre rencontre.<\/p>\n<p>Je me consid\u00e8re une femme charmante et raffin\u00e9 et j&#8217;esp\u00e8re que mon regard vous s\u00e9duira. J\u2019aime les rencontres avec les hommes respectueux. g\u00e9n\u00e9reux et galants. c&#8217;est pour cela que je vous propose. chers messieurs. de passer ensemble un moment de complicit\u00e9 et de partage. qui vous d\u00e9tendra et vous fera beaucoup de plaisir.<\/p>\n<p>Je suis pr\u00eate \u00e0 r\u00e9aliser tous vos fantasmes. m\u00eame les plus secrets. Je pratique tout avec plaisir. je suis une vraie femme qui sait comment vous rendre heureux et je vous rassure que vous ne serez pas d\u00e9\u00e7us&#8230; Je suis passionnelle et tr\u00e8s chaude. je me permets de vous proposer des services complets.<\/p>\n<p>Hangouts ou email ( beldasublimegirl987 .gmail. com )<\/p>\n<p>0756967566 contact par sms et par whatsapp<\/p>\n<p>Tout contact sera pris en compte sauf les num\u00e9ros masqu\u00e9s<\/p>\n<p>Je vous attends habill\u00e9e en lingerie de luxe. on fera connaissance. puis ma priorit\u00e9 sera de vous faire passer un moment inoubliable. Mes photos sont r\u00e9elles \u00e0 100% et r\u00e9centes. donc ne vous inqui\u00e9tez pas. Je vous re\u00e7ois dans un appartement discret. propre. tr\u00e8s calme&#8230; Je vous attends avec plaisir.<\/p>\n<p>Tendre bisous \u00e0 vous My details Below mentioned<\/p>\n<p>                Nationality:<br \/>\n                French <\/p>\n<p>                Languages:<br \/>\n                French<\/p>\n<p>                Age:<br \/>\n                24<\/p>\n<p>                Height:<br \/>\n                168<\/p>\n<p>                Weight:<br \/>\n                57<\/p>\n<p>                Hair:<br \/>\n                long blonde<\/p>\n<p>                Eyes:<br \/>\n                marron<\/p>\n<p>                Measurements:<br \/>\n                80-50-80Companionship rates:<\/p>\n<p>                  1 hour rate<br \/>\n                  150 EUR<\/p>\n<p>                  2 hours rate<br \/>\n                  200 EUR<\/p>\n<p>                  3 hours rate<br \/>\n                  250 EUR<\/p>\n<p>                  full night rate<br \/>\n                  500 EUR<\/p>\n","protected":false},"featured_media":307705,"comment_status":"open","ping_status":"closed","template":"","meta":{"site-sidebar-layout":"default","site-content-layout":"","ast-site-content-layout":"","site-content-style":"default","site-sidebar-style":"default","ast-global-header-display":"","ast-banner-title-visibility":"","ast-main-header-display":"","ast-hfb-above-header-display":"","ast-hfb-below-header-display":"","ast-hfb-mobile-header-display":"","site-post-title":"","ast-breadcrumbs-content":"","ast-featured-img":"","footer-sml-layout":"","theme-transparent-header-meta":"","adv-header-id-meta":"","stick-header-meta":"","header-above-stick-meta":"","header-main-stick-meta":"","header-below-stick-meta":"","astra-migrate-meta-layouts":"default","ast-page-background-enabled":"default","ast-page-background-meta":{"desktop":{"background-color":"var(--ast-global-color-4)","background-image":"","background-repeat":"repeat","background-position":"center center","background-size":"auto","background-attachment":"scroll","background-type":"","background-media":"","overlay-type":"","overlay-color":"","overlay-opacity":"","overlay-gradient":""},"tablet":{"background-color":"","background-image":"","background-repeat":"repeat","background-position":"center center","background-size":"auto","background-attachment":"scroll","background-type":"","background-media":"","overlay-type":"","overlay-color":"","overlay-opacity":"","overlay-gradient":""},"mobile":{"background-color":"","background-image":"","background-repeat":"repeat","background-position":"center center","background-size":"auto","background-attachment":"scroll","background-type":"","background-media":"","overlay-type":"","overlay-color":"","overlay-opacity":"","overlay-gradient":""}},"ast-content-background-meta":{"desktop":{"background-color":"var(--ast-global-color-5)","background-image":"","background-repeat":"repeat","background-position":"center center","background-size":"auto","background-attachment":"scroll","background-type":"","background-media":"","overlay-type":"","overlay-color":"","overlay-opacity":"","overlay-gradient":""},"tablet":{"background-color":"var(--ast-global-color-5)","background-image":"","background-repeat":"repeat","background-position":"center center","background-size":"auto","background-attachment":"scroll","background-type":"","background-media":"","overlay-type":"","overlay-color":"","overlay-opacity":"","overlay-gradient":""},"mobile":{"background-color":"var(--ast-global-color-5)","background-image":"","background-repeat":"repeat","background-position":"center center","background-size":"auto","background-attachment":"scroll","background-type":"","background-media":"","overlay-type":"","overlay-color":"","overlay-opacity":"","overlay-gradient":""}}},"product_brand":[],"product_cat":[244,188,1118],"product_tag":[],"class_list":{"0":"post-334293","1":"product","2":"type-product","3":"status-publish","4":"has-post-thumbnail","6":"product_cat-france","7":"product_cat-freelancer","8":"product_cat-paris","9":"desktop-align-left","10":"tablet-align-left","11":"mobile-align-left","13":"first","14":"instock","15":"shipping-taxable","16":"product-type-simple"},"_links":{"self":[{"href":"https:\/\/poccky.com\/index.php\/wp-json\/wp\/v2\/product\/334293","targetHints":{"allow":["GET"]}}],"collection":[{"href":"https:\/\/poccky.com\/index.php\/wp-json\/wp\/v2\/product"}],"about":[{"href":"https:\/\/poccky.com\/index.php\/wp-json\/wp\/v2\/types\/product"}],"replies":[{"embeddable":true,"href":"https:\/\/poccky.com\/index.php\/wp-json\/wp\/v2\/comments?post=334293"}],"wp:featuredmedia":[{"embeddable":true,"href":"https:\/\/poccky.com\/index.php\/wp-json\/wp\/v2\/media\/307705"}],"wp:attachment":[{"href":"https:\/\/poccky.com\/index.php\/wp-json\/wp\/v2\/media?parent=334293"}],"wp:term":[{"taxonomy":"product_brand","embeddable":true,"href":"https:\/\/poccky.com\/index.php\/wp-json\/wp\/v2\/product_brand?post=334293"},{"taxonomy":"product_cat","embeddable":true,"href":"https:\/\/poccky.com\/index.php\/wp-json\/wp\/v2\/product_cat?post=334293"},{"taxonomy":"product_tag","embeddable":true,"href":"https:\/\/poccky.com\/index.php\/wp-json\/wp\/v2\/product_tag?post=334293"}],"curies":[{"name":"wp","href":"https:\/\/api.w.org\/{rel}","templated":true}]}}