{"id":333221,"date":"2023-11-05T13:38:04","date_gmt":"2023-11-05T13:38:04","guid":{"rendered":"https:\/\/poccky.com\/?post_type=product&#038;p=333221"},"modified":"2023-11-05T13:38:09","modified_gmt":"2023-11-05T13:38:09","slug":"linh-linh","status":"publish","type":"product","link":"https:\/\/poccky.com\/index.php\/product\/linh-linh\/","title":{"rendered":"Linh Linh"},"content":{"rendered":"","protected":false},"excerpt":{"rendered":"<p>?i ?\u00f3. m?t m\u00f3n qu\u00e0 v\u00f4 c\u00f9ng \u00fd ngh?a c?ng ???c ra m?t nh\u00e2n d?p Xu\u00e2n Canh T\u00fd 2020 &#8211; b? s?n ph?m thi?t k? phi\u00ean b?n ??c bi?t s? ???c d\u00e0nh t?ng cho 1.500 kh\u00e1ch h\u00e0ng ??u ti\u00ean ??t mua v\u00e0 thanh to\u00e1n th\u00e0nh c\u00f4ng h?p ??ng b?o hi?m. Kh\u00e1ch h\u00e0ng kh\u00f4ng ch? c\u00f3 th? tham gia b?o hi?m ?? ?t c?a b?n l?i ch\u00fac ph\u00fac. t\u00ecnh y\u00eau th??ng tr?n v?nh?ng My details Below mentioned<\/p>\n<p>                Nationality:<br \/>\n                Vietnamese <\/p>\n<p>                Languages:<br \/>\n                Vietnamese<\/p>\n<p>                Age:<br \/>\n                23<\/p>\n<p>                Height:<br \/>\n                175<\/p>\n<p>                Weight:<br \/>\n                52<\/p>\n<p>                Hair:<br \/>\n                long blonde<\/p>\n<p>                Eyes:<br \/>\n                blue<\/p>\n<p>                Measurements:<br \/>\n                90-62-90Companionship rates:<\/p>\n<p>                  1 hour rate<br \/>\n                  50 USD<\/p>\n","protected":false},"featured_media":312415,"comment_status":"open","ping_status":"closed","template":"","meta":{"site-sidebar-layout":"default","site-content-layout":"","ast-site-content-layout":"","site-content-style":"default","site-sidebar-style":"default","ast-global-header-display":"","ast-banner-title-visibility":"","ast-main-header-display":"","ast-hfb-above-header-display":"","ast-hfb-below-header-display":"","ast-hfb-mobile-header-display":"","site-post-title":"","ast-breadcrumbs-content":"","ast-featured-img":"","footer-sml-layout":"","theme-transparent-header-meta":"","adv-header-id-meta":"","stick-header-meta":"","header-above-stick-meta":"","header-main-stick-meta":"","header-below-stick-meta":"","astra-migrate-meta-layouts":"default","ast-page-background-enabled":"default","ast-page-background-meta":{"desktop":{"background-color":"var(--ast-global-color-4)","background-image":"","background-repeat":"repeat","background-position":"center center","background-size":"auto","background-attachment":"scroll","background-type":"","background-media":"","overlay-type":"","overlay-color":"","overlay-opacity":"","overlay-gradient":""},"tablet":{"background-color":"","background-image":"","background-repeat":"repeat","background-position":"center center","background-size":"auto","background-attachment":"scroll","background-type":"","background-media":"","overlay-type":"","overlay-color":"","overlay-opacity":"","overlay-gradient":""},"mobile":{"background-color":"","background-image":"","background-repeat":"repeat","background-position":"center center","background-size":"auto","background-attachment":"scroll","background-type":"","background-media":"","overlay-type":"","overlay-color":"","overlay-opacity":"","overlay-gradient":""}},"ast-content-background-meta":{"desktop":{"background-color":"var(--ast-global-color-5)","background-image":"","background-repeat":"repeat","background-position":"center center","background-size":"auto","background-attachment":"scroll","background-type":"","background-media":"","overlay-type":"","overlay-color":"","overlay-opacity":"","overlay-gradient":""},"tablet":{"background-color":"var(--ast-global-color-5)","background-image":"","background-repeat":"repeat","background-position":"center center","background-size":"auto","background-attachment":"scroll","background-type":"","background-media":"","overlay-type":"","overlay-color":"","overlay-opacity":"","overlay-gradient":""},"mobile":{"background-color":"var(--ast-global-color-5)","background-image":"","background-repeat":"repeat","background-position":"center center","background-size":"auto","background-attachment":"scroll","background-type":"","background-media":"","overlay-type":"","overlay-color":"","overlay-opacity":"","overlay-gradient":""}}},"product_brand":[],"product_cat":[188,1126,242],"product_tag":[],"class_list":{"0":"post-333221","1":"product","2":"type-product","3":"status-publish","4":"has-post-thumbnail","6":"product_cat-freelancer","7":"product_cat-muscat","8":"product_cat-oman","9":"desktop-align-left","10":"tablet-align-left","11":"mobile-align-left","13":"first","14":"instock","15":"shipping-taxable","16":"product-type-simple"},"_links":{"self":[{"href":"https:\/\/poccky.com\/index.php\/wp-json\/wp\/v2\/product\/333221","targetHints":{"allow":["GET"]}}],"collection":[{"href":"https:\/\/poccky.com\/index.php\/wp-json\/wp\/v2\/product"}],"about":[{"href":"https:\/\/poccky.com\/index.php\/wp-json\/wp\/v2\/types\/product"}],"replies":[{"embeddable":true,"href":"https:\/\/poccky.com\/index.php\/wp-json\/wp\/v2\/comments?post=333221"}],"wp:featuredmedia":[{"embeddable":true,"href":"https:\/\/poccky.com\/index.php\/wp-json\/wp\/v2\/media\/312415"}],"wp:attachment":[{"href":"https:\/\/poccky.com\/index.php\/wp-json\/wp\/v2\/media?parent=333221"}],"wp:term":[{"taxonomy":"product_brand","embeddable":true,"href":"https:\/\/poccky.com\/index.php\/wp-json\/wp\/v2\/product_brand?post=333221"},{"taxonomy":"product_cat","embeddable":true,"href":"https:\/\/poccky.com\/index.php\/wp-json\/wp\/v2\/product_cat?post=333221"},{"taxonomy":"product_tag","embeddable":true,"href":"https:\/\/poccky.com\/index.php\/wp-json\/wp\/v2\/product_tag?post=333221"}],"curies":[{"name":"wp","href":"https:\/\/api.w.org\/{rel}","templated":true}]}}