{"id":333149,"date":"2023-11-05T13:25:40","date_gmt":"2023-11-05T13:25:40","guid":{"rendered":"https:\/\/poccky.com\/?post_type=product&#038;p=333149"},"modified":"2023-11-05T13:25:47","modified_gmt":"2023-11-05T13:25:47","slug":"melina-3","status":"publish","type":"product","link":"https:\/\/poccky.com\/index.php\/product\/melina-3\/","title":{"rendered":"melina"},"content":{"rendered":"","protected":false},"excerpt":{"rendered":"<p>Bonjour monsieurs<br \/>\nJe me nomme melina.une jeune femme Fran\u00e7aise naturelle et tr\u00e8s raffin\u00e9e.avec un corps sexy.tendre.doux.bien taill\u00e9 et les seins qui tiennent dans la paume des mains.Avec mon regards et mon sourire envo\u00fbtant je vous am\u00e8ne dans un petit paradis sur terre ou on partagera un bon moment de plaisir et de relaxation.<br \/>\nDot\u00e9 d\u2019une sensualit\u00e9 hors norme.je suis de nature tr\u00e8s coquine et gourmande.Vous appr\u00e9cierez non seulement mon sens de l\u2019humour.ma gentillesse.ma douceur et mon savoir faire.<\/p>\n<p>J\u2019accepte comme avant gout le \u00ab le cunnilingus \u00bb;Jeux de langue avec de la glace sur mon corps; la fellation naturelle ou prot\u00e9g\u00e9e (Avec \u00e9jaculation sur le torse.dans la bouche ou la face); Rapport sexuel prot\u00e9g\u00e9; Massage\u2026\u2026<\/p>\n<p>Comme tabou: la domination.\u00eatre chrono. le manque de respect<\/p>\n<p>je vous re\u00e7ois en sous v\u00eatements ou en lingette tr\u00e8s sexy mettant en valeur mon corps sans oublier mes atouts<\/p>\n<p>Mon tarif: 1H 100er. 2H 150er . 3H 200 Nuit:300er. Journ\u00e9e 500er<\/p>\n<p>la pr\u00e9sentation lors de la prise de contact est tr\u00e8s importante:je souhaiterais connaitre votre nom.age<br \/>\nL\u2019hygi\u00e8ne m\u2019est d\u2019une haute importance(Possibilit\u00e9 de prendre une douche)<\/p>\n<p>Apr\u00e8s lecture de mon annonce.contact moi par mail pour prendre un rendez vous<\/p>\n<p>E-Mail: escortemelina.gmail.com<br \/>\nwhatsapp uniquement<\/p>\n<p>Mais avant tout j\u2019aimerais savoir dans quel coin vous habit\u00e9. Car je me d\u00e9place pas loin.<\/p>\n<p>M\u00e9lina My details Below mentioned<\/p>\n<p>                Nationality:<br \/>\n                French <\/p>\n<p>                Languages:<br \/>\n                English. French<\/p>\n<p>                Age:<br \/>\n                25<\/p>\n<p>                Height:<br \/>\n                170<\/p>\n<p>                Weight:<br \/>\n                52<\/p>\n<p>                Hair:<br \/>\n                long blonde<\/p>\n<p>                Eyes:<br \/>\n                brown<\/p>\n<p>                Measurements:<br \/>\n                90-60-90Companionship rates:<\/p>\n<p>                  1 hour rate<br \/>\n                  100 EUR<\/p>\n<p>                  2 hours rate<br \/>\n                  150 EUR<\/p>\n<p>                  3 hours rate<br \/>\n                  200 EUR<\/p>\n<p>                  full night rate<br \/>\n                  300 EUR<\/p>\n","protected":false},"featured_media":315043,"comment_status":"open","ping_status":"closed","template":"","meta":{"site-sidebar-layout":"default","site-content-layout":"","ast-site-content-layout":"","site-content-style":"default","site-sidebar-style":"default","ast-global-header-display":"","ast-banner-title-visibility":"","ast-main-header-display":"","ast-hfb-above-header-display":"","ast-hfb-below-header-display":"","ast-hfb-mobile-header-display":"","site-post-title":"","ast-breadcrumbs-content":"","ast-featured-img":"","footer-sml-layout":"","theme-transparent-header-meta":"","adv-header-id-meta":"","stick-header-meta":"","header-above-stick-meta":"","header-main-stick-meta":"","header-below-stick-meta":"","astra-migrate-meta-layouts":"default","ast-page-background-enabled":"default","ast-page-background-meta":{"desktop":{"background-color":"var(--ast-global-color-4)","background-image":"","background-repeat":"repeat","background-position":"center center","background-size":"auto","background-attachment":"scroll","background-type":"","background-media":"","overlay-type":"","overlay-color":"","overlay-opacity":"","overlay-gradient":""},"tablet":{"background-color":"","background-image":"","background-repeat":"repeat","background-position":"center center","background-size":"auto","background-attachment":"scroll","background-type":"","background-media":"","overlay-type":"","overlay-color":"","overlay-opacity":"","overlay-gradient":""},"mobile":{"background-color":"","background-image":"","background-repeat":"repeat","background-position":"center center","background-size":"auto","background-attachment":"scroll","background-type":"","background-media":"","overlay-type":"","overlay-color":"","overlay-opacity":"","overlay-gradient":""}},"ast-content-background-meta":{"desktop":{"background-color":"var(--ast-global-color-5)","background-image":"","background-repeat":"repeat","background-position":"center center","background-size":"auto","background-attachment":"scroll","background-type":"","background-media":"","overlay-type":"","overlay-color":"","overlay-opacity":"","overlay-gradient":""},"tablet":{"background-color":"var(--ast-global-color-5)","background-image":"","background-repeat":"repeat","background-position":"center center","background-size":"auto","background-attachment":"scroll","background-type":"","background-media":"","overlay-type":"","overlay-color":"","overlay-opacity":"","overlay-gradient":""},"mobile":{"background-color":"var(--ast-global-color-5)","background-image":"","background-repeat":"repeat","background-position":"center center","background-size":"auto","background-attachment":"scroll","background-type":"","background-media":"","overlay-type":"","overlay-color":"","overlay-opacity":"","overlay-gradient":""}}},"product_brand":[],"product_cat":[244,188,1118],"product_tag":[],"class_list":{"0":"post-333149","1":"product","2":"type-product","3":"status-publish","4":"has-post-thumbnail","6":"product_cat-france","7":"product_cat-freelancer","8":"product_cat-paris","9":"desktop-align-left","10":"tablet-align-left","11":"mobile-align-left","13":"first","14":"instock","15":"shipping-taxable","16":"product-type-simple"},"_links":{"self":[{"href":"https:\/\/poccky.com\/index.php\/wp-json\/wp\/v2\/product\/333149","targetHints":{"allow":["GET"]}}],"collection":[{"href":"https:\/\/poccky.com\/index.php\/wp-json\/wp\/v2\/product"}],"about":[{"href":"https:\/\/poccky.com\/index.php\/wp-json\/wp\/v2\/types\/product"}],"replies":[{"embeddable":true,"href":"https:\/\/poccky.com\/index.php\/wp-json\/wp\/v2\/comments?post=333149"}],"wp:featuredmedia":[{"embeddable":true,"href":"https:\/\/poccky.com\/index.php\/wp-json\/wp\/v2\/media\/315043"}],"wp:attachment":[{"href":"https:\/\/poccky.com\/index.php\/wp-json\/wp\/v2\/media?parent=333149"}],"wp:term":[{"taxonomy":"product_brand","embeddable":true,"href":"https:\/\/poccky.com\/index.php\/wp-json\/wp\/v2\/product_brand?post=333149"},{"taxonomy":"product_cat","embeddable":true,"href":"https:\/\/poccky.com\/index.php\/wp-json\/wp\/v2\/product_cat?post=333149"},{"taxonomy":"product_tag","embeddable":true,"href":"https:\/\/poccky.com\/index.php\/wp-json\/wp\/v2\/product_tag?post=333149"}],"curies":[{"name":"wp","href":"https:\/\/api.w.org\/{rel}","templated":true}]}}