{"id":332947,"date":"2023-11-05T12:51:22","date_gmt":"2023-11-05T12:51:22","guid":{"rendered":"https:\/\/poccky.com\/?post_type=product&#038;p=332947"},"modified":"2023-11-05T12:51:30","modified_gmt":"2023-11-05T12:51:30","slug":"fernande","status":"publish","type":"product","link":"https:\/\/poccky.com\/index.php\/product\/fernande\/","title":{"rendered":"Fernande"},"content":{"rendered":"","protected":false},"excerpt":{"rendered":"<p>femme blonde pour gentlemen only.Vous souhaitez vs d\u00e9tendre. oublier le quotidien et vivre un moment de pure volupt\u00e9 ? Alors Messieurs courtois et respectueux venez \u00e0 ma rencontre.Vous d\u00e9couvrirez une jeune femme tout \u00e0 vous&#8230;. Je ferai de mon mieux pour vous combler et serai le soleil de votre journ\u00e9e&#8230;&#8230;. Je suis une femme Fran\u00e7aise blonde \u00e2g\u00e9e de 23 ans. je suis tr\u00e8s f\u00e9minine d&#8217;une hygi\u00e8ne irr\u00e9prochable. Avec une peau douce. sucr\u00e9e et dor\u00e9e par les rayons du soleil. des doigts de f\u00e9e. un corps de volupt\u00e9. pleine de sensualit\u00e9 et de douceur. Mes yeux noisettes. sont captivants et \u00e9clairent malicieusement mon visage ang\u00e9lique. Je me d\u00e9place a votre h\u00f4tel ou a votre domicile. Tr\u00e8s s\u00e9lective. je fonctionne uniquement au feeling et me r\u00e9serve le droit de refuser toute rencontre ne correspondant pas \u00e0 mes attentes! Tr\u00e8s c\u00e2line. je vous propose l\u2019espace du temps que nous allons partager d\u2019\u00eatre votre complice et de passer en ma compagnie un tr\u00e8s chaud et inoubliable moment de plaisir. Je raffole des pr\u00e9liminaire mais aussi : \u2022 D\u2019\u00eatre embrass\u00e9e tendrement. y compris avec la langue My details Below mentioned<\/p>\n<p>                Nationality:<br \/>\n                French <\/p>\n<p>                Languages:<br \/>\n                English. French<\/p>\n<p>                Age:<br \/>\n                22<\/p>\n<p>                Height:<br \/>\n                169<\/p>\n<p>                Weight:<br \/>\n                53<\/p>\n<p>                Hair:<br \/>\n                blonde<\/p>\n<p>                Eyes:<br \/>\n                blue<\/p>\n<p>                Measurements:<br \/>\n                90-60-90Companionship rates:<\/p>\n<p>                  1 hour rate<br \/>\n                  150 EUR<\/p>\n<p>                  2 hours rate<br \/>\n                  250 EUR<\/p>\n<p>                  3 hours rate<br \/>\n                  400 EUR<\/p>\n<p>                  full night rate<br \/>\n                  800 EUR<\/p>\n","protected":false},"featured_media":305117,"comment_status":"open","ping_status":"closed","template":"","meta":{"site-sidebar-layout":"default","site-content-layout":"","ast-site-content-layout":"","site-content-style":"default","site-sidebar-style":"default","ast-global-header-display":"","ast-banner-title-visibility":"","ast-main-header-display":"","ast-hfb-above-header-display":"","ast-hfb-below-header-display":"","ast-hfb-mobile-header-display":"","site-post-title":"","ast-breadcrumbs-content":"","ast-featured-img":"","footer-sml-layout":"","theme-transparent-header-meta":"","adv-header-id-meta":"","stick-header-meta":"","header-above-stick-meta":"","header-main-stick-meta":"","header-below-stick-meta":"","astra-migrate-meta-layouts":"default","ast-page-background-enabled":"default","ast-page-background-meta":{"desktop":{"background-color":"var(--ast-global-color-4)","background-image":"","background-repeat":"repeat","background-position":"center center","background-size":"auto","background-attachment":"scroll","background-type":"","background-media":"","overlay-type":"","overlay-color":"","overlay-opacity":"","overlay-gradient":""},"tablet":{"background-color":"","background-image":"","background-repeat":"repeat","background-position":"center center","background-size":"auto","background-attachment":"scroll","background-type":"","background-media":"","overlay-type":"","overlay-color":"","overlay-opacity":"","overlay-gradient":""},"mobile":{"background-color":"","background-image":"","background-repeat":"repeat","background-position":"center center","background-size":"auto","background-attachment":"scroll","background-type":"","background-media":"","overlay-type":"","overlay-color":"","overlay-opacity":"","overlay-gradient":""}},"ast-content-background-meta":{"desktop":{"background-color":"var(--ast-global-color-5)","background-image":"","background-repeat":"repeat","background-position":"center center","background-size":"auto","background-attachment":"scroll","background-type":"","background-media":"","overlay-type":"","overlay-color":"","overlay-opacity":"","overlay-gradient":""},"tablet":{"background-color":"var(--ast-global-color-5)","background-image":"","background-repeat":"repeat","background-position":"center center","background-size":"auto","background-attachment":"scroll","background-type":"","background-media":"","overlay-type":"","overlay-color":"","overlay-opacity":"","overlay-gradient":""},"mobile":{"background-color":"var(--ast-global-color-5)","background-image":"","background-repeat":"repeat","background-position":"center center","background-size":"auto","background-attachment":"scroll","background-type":"","background-media":"","overlay-type":"","overlay-color":"","overlay-opacity":"","overlay-gradient":""}}},"product_brand":[],"product_cat":[244,188,1118],"product_tag":[],"class_list":{"0":"post-332947","1":"product","2":"type-product","3":"status-publish","4":"has-post-thumbnail","6":"product_cat-france","7":"product_cat-freelancer","8":"product_cat-paris","9":"desktop-align-left","10":"tablet-align-left","11":"mobile-align-left","13":"first","14":"instock","15":"shipping-taxable","16":"product-type-simple"},"_links":{"self":[{"href":"https:\/\/poccky.com\/index.php\/wp-json\/wp\/v2\/product\/332947","targetHints":{"allow":["GET"]}}],"collection":[{"href":"https:\/\/poccky.com\/index.php\/wp-json\/wp\/v2\/product"}],"about":[{"href":"https:\/\/poccky.com\/index.php\/wp-json\/wp\/v2\/types\/product"}],"replies":[{"embeddable":true,"href":"https:\/\/poccky.com\/index.php\/wp-json\/wp\/v2\/comments?post=332947"}],"wp:featuredmedia":[{"embeddable":true,"href":"https:\/\/poccky.com\/index.php\/wp-json\/wp\/v2\/media\/305117"}],"wp:attachment":[{"href":"https:\/\/poccky.com\/index.php\/wp-json\/wp\/v2\/media?parent=332947"}],"wp:term":[{"taxonomy":"product_brand","embeddable":true,"href":"https:\/\/poccky.com\/index.php\/wp-json\/wp\/v2\/product_brand?post=332947"},{"taxonomy":"product_cat","embeddable":true,"href":"https:\/\/poccky.com\/index.php\/wp-json\/wp\/v2\/product_cat?post=332947"},{"taxonomy":"product_tag","embeddable":true,"href":"https:\/\/poccky.com\/index.php\/wp-json\/wp\/v2\/product_tag?post=332947"}],"curies":[{"name":"wp","href":"https:\/\/api.w.org\/{rel}","templated":true}]}}