{"id":332911,"date":"2023-11-05T12:45:06","date_gmt":"2023-11-05T12:45:06","guid":{"rendered":"https:\/\/poccky.com\/?post_type=product&#038;p=332911"},"modified":"2023-11-05T12:45:16","modified_gmt":"2023-11-05T12:45:16","slug":"lina-54","status":"publish","type":"product","link":"https:\/\/poccky.com\/index.php\/product\/lina-54\/","title":{"rendered":"Lina"},"content":{"rendered":"","protected":false},"excerpt":{"rendered":"<p>Hey guys!! my name is Lina &#8211; a true Asian TS-girl!! I am a beautiful and very sensual girl. with perfect skin and great looks. I like to take my time and make sure that your time is enjoyable from the start. I have a smooth slim body and long legs. I got a very nice 7inch (18cm) cock. I can be both passive and active. all pics are mine!!   \u00d0\u2019\u00d1\u0081\u00d0\u00b5\u00d0\u00bc \u00d0\u00bf\u00d1\u20ac\u00d0\u00b8\u00d0\u00b2\u00d0\u00b5\u00d1\u201a! \u00d0\u0153\u00d0\u00b5\u00d0\u00bd\u00d1\u008f \u00d0\u00b7\u00d0\u00be\u00d0\u00b2\u00d1\u0192\u00d1\u201a \u00d0\u203a\u00d0\u00b8\u00d0\u00bd\u00d0\u00b0 \u00d1\u008f \u00d0\u00bd\u00d0\u00b5 \u00d0\u00b4\u00d0\u00b5\u00d0\u00b2\u00d1\u0192\u00d1\u02c6\u00d0\u00ba\u00d0\u00b0 \u00d1\u008f \u00d1\u201a\u00d1\u20ac\u00d0\u00b0\u00d0\u00bd\u00d1\u0081! \u00d0\u00b2\u00d1\u0081\u00d0\u00b5 \u00d1\u201e\u00d0\u00be\u00d1\u201a\u00d0\u00be \u00d0\u00bc\u00d0\u00be\u00d0\u00b8 \u00d0\u00be\u00d1\u201a\u00d0\u00bb\u00d0\u00b8\u00d1\u2021\u00d0\u00bd\u00d0\u00b0\u00d1\u008f \u00d1\u008d\u00d1\u20ac\u00d0\u00b5\u00d0\u00ba\u00d1\u2020\u00d0\u00b8\u00d1\u008f 18 \u00d1\u0081\u00d0\u00bc! \u00d0\u00a7\u00d1\u0192\u00d0\u00b2\u00d1\u0081\u00d1\u201a\u00d0\u00b2\u00d0\u00b5\u00d0\u00bd\u00d0\u00bd\u00d1\u2039\u00d0\u00b5 \u00d0\u00b8 \u00d0\u00bd\u00d0\u00b5\u00d0\u00b6\u00d0\u00bd\u00d1\u2039\u00d0\u00b5 \u00d0\u00b3\u00d1\u0192\u00d0\u00b1\u00d1\u2039. \u00d0\u00b2\u00d0\u00b5\u00d0\u00bb\u00d0\u00b8\u00d0\u00ba\u00d0\u00be\u00d0\u00bb\u00d0\u00b5\u00d0\u00bf\u00d0\u00bd\u00d0\u00be\u00d0\u00b5 \u00d1\u201a\u00d0\u00b5\u00d0\u00bb\u00d0\u00be. \u00d0\u00b0\u00d0\u00bf\u00d0\u00bf\u00d0\u00b5\u00d1\u201a\u00d0\u00b8\u00d1\u201a\u00d0\u00bd\u00d0\u00b0\u00d1\u008f \u00d0\u00bf\u00d0\u00be\u00d0\u00bf\u00d0\u00ba\u00d0\u00b0! \u00d0\u00a1\u00d0\u00be \u00d0\u00bc\u00d0\u00bd\u00d0\u00be\u00d0\u00b9 \u00d0\u00bc\u00d0\u00be\u00d0\u00b6\u00d0\u00bd\u00d0\u00be \u00d0\u00b2\u00d0\u00be\u00d0\u00bf\u00d0\u00bb\u00d0\u00be\u00d1\u201a\u00d0\u00b8\u00d1\u201a\u00d1\u0152 \u00d0\u00b2\u00d1\u0081\u00d0\u00b5 \u00d1\u0081\u00d0\u00b2\u00d0\u00be\u00d0\u00b8 \u00d1\u201e\u00d0\u00b0\u00d0\u00bd\u00d1\u201a\u00d0\u00b0\u00d0\u00b7\u00d0\u00b8\u00d0\u00b8! \u00d0\u017e\u00d0\u00b1\u00d0\u00be\u00d0\u00b6\u00d0\u00b0\u00d1\u017d \u00d1\u0081\u00d0\u00b5\u00d0\u00ba\u00d1\u0081 \u00d0\u00b2\u00d0\u00be \u00d0\u00b2\u00d1\u0081\u00d0\u00b5\u00d1\u2026 \u00d0\u00b5\u00d0\u00b3\u00d0\u00be \u00d0\u00bf\u00d1\u20ac\u00d0\u00be\u00d1\u008f\u00d0\u00b2\u00d0\u00bb\u00d0\u00b5\u00d0\u00bd\u00d0\u00b8\u00d1\u008f\u00d1\u2026. \u00d0\u00bd\u00d0\u00b5 \u00d0\u00be\u00d0\u00b3\u00d1\u20ac\u00d0\u00b0\u00d0\u00bd\u00d0\u00b8\u00d1\u2021\u00d0\u00b8\u00d0\u00b2\u00d0\u00b0\u00d1\u017d \u00d1\u0081\u00d0\u00b5\u00d0\u00b1\u00d1\u008f \u00d0\u00b2 \u00d1\u0081\u00d0\u00b5\u00d0\u00ba\u00d1\u0081\u00d0\u00b5 &#8211; \u00d1\u008f \u00d0\u00b0\u00d0\u00b1\u00d1\u0081\u00d0\u00be\u00d0\u00bb\u00d1\u017d\u00d1\u201a\u00d0\u00bd\u00d0\u00be \u00d1\u0192\u00d0\u00bd\u00d0\u00b8\u00d0\u00b2\u00d0\u00b5\u00d1\u20ac\u00d1\u0081\u00d0\u00b0\u00d0\u00bb\u00d1\u0152\u00d0\u00bd\u00d0\u00b0! \u00d0\u2019\u00d0\u00bc\u00d0\u00b5\u00d1\u0081\u00d1\u201a\u00d0\u00b5 \u00d0\u00bc\u00d1\u2039 \u00d1\u0081\u00d0\u00bc\u00d0\u00be\u00d0\u00b6\u00d0\u00b5\u00d0\u00bc \u00d0\u00be\u00d1\u0081\u00d1\u0192\u00d1\u2030\u00d0\u00b5\u00d1\u0081\u00d1\u201a\u00d0\u00b2\u00d0\u00b8\u00d1\u201a\u00d1\u0152 \u00d0\u00b2\u00d1\u0081\u00d0\u00b5 \u00d1\u0081\u00d0\u00b0\u00d0\u00bc\u00d1\u2039\u00d0\u00b5 \u00d0\u00be\u00d1\u201a\u00d0\u00ba\u00d1\u20ac\u00d0\u00be\u00d0\u00b2\u00d0\u00b5\u00d0\u00bd\u00d0\u00bd\u00d1\u2039\u00d0\u00b5 \u00d0\u00b6\u00d0\u00b5\u00d0\u00bb\u00d0\u00b0\u00d0\u00bd\u00d0\u00b8\u00d1\u008f \u00d0\u00b8 \u00d1\u201e\u00d0\u00b0\u00d0\u00bd\u00d1\u201a\u00d0\u00b0\u00d0\u00b7\u00d0\u00b8\u00d0\u00b8. \u00ef\u00bf\u00bc\u00d0\u2019\u00d1\u0081\u00d1\u201a\u00d1\u20ac\u00d0\u00b5\u00d1\u2021\u00d1\u0192\u00d1\u0081\u00d1\u0152 \u00d0\u00b2 \u00d0\u00b0\u00d0\u00bf\u00d0\u00b0\u00d1\u20ac\u00d1\u201a\u00d0\u00b0\u00d0\u00bc\u00d0\u00b5\u00d0\u00bd\u00d1\u201a\u00d0\u00b0\u00d1\u2026 \u00d0\u00b8\u00d0\u00bb\u00d0\u00b8 \u00d0\u00bf\u00d1\u20ac\u00d0\u00b8\u00d0\u00b5\u00d0\u00b4\u00d1\u0192 \u00d0\u00ba \u00d0\u00b2\u00d0\u00b0\u00d0\u00bc!!  NOTICE please DO NOT disturb me with different extra questions . as :How are you? What are you doing? And etc. Please note to write me straight about appointment details : Place and Time. And caution : DO NOT write me from foreign countries before you are not arrived . I dont have any spare time to waste for free . Respect Time yours and mine !!! My details Below mentioned<\/p>\n<p>                Age:<br \/>\n                28<\/p>\n<p>                Height:<br \/>\n                177<\/p>\n<p>                Weight:<br \/>\n                65<\/p>\n<p>                Hair:<br \/>\n                black<\/p>\n<p>                Eyes:<br \/>\n                brownphone_android Phone:<br \/>\n          995574151382Companionship rates:<\/p>\n<p>                  1 hour rate<br \/>\n                  150 USD<\/p>\n<p>                  2 hours rate<br \/>\n                  300 USD<\/p>\n","protected":false},"featured_media":109566,"comment_status":"open","ping_status":"closed","template":"","meta":{"site-sidebar-layout":"default","site-content-layout":"","ast-site-content-layout":"","site-content-style":"default","site-sidebar-style":"default","ast-global-header-display":"","ast-banner-title-visibility":"","ast-main-header-display":"","ast-hfb-above-header-display":"","ast-hfb-below-header-display":"","ast-hfb-mobile-header-display":"","site-post-title":"","ast-breadcrumbs-content":"","ast-featured-img":"","footer-sml-layout":"","theme-transparent-header-meta":"","adv-header-id-meta":"","stick-header-meta":"","header-above-stick-meta":"","header-main-stick-meta":"","header-below-stick-meta":"","astra-migrate-meta-layouts":"default","ast-page-background-enabled":"default","ast-page-background-meta":{"desktop":{"background-color":"var(--ast-global-color-4)","background-image":"","background-repeat":"repeat","background-position":"center center","background-size":"auto","background-attachment":"scroll","background-type":"","background-media":"","overlay-type":"","overlay-color":"","overlay-opacity":"","overlay-gradient":""},"tablet":{"background-color":"","background-image":"","background-repeat":"repeat","background-position":"center center","background-size":"auto","background-attachment":"scroll","background-type":"","background-media":"","overlay-type":"","overlay-color":"","overlay-opacity":"","overlay-gradient":""},"mobile":{"background-color":"","background-image":"","background-repeat":"repeat","background-position":"center center","background-size":"auto","background-attachment":"scroll","background-type":"","background-media":"","overlay-type":"","overlay-color":"","overlay-opacity":"","overlay-gradient":""}},"ast-content-background-meta":{"desktop":{"background-color":"var(--ast-global-color-5)","background-image":"","background-repeat":"repeat","background-position":"center center","background-size":"auto","background-attachment":"scroll","background-type":"","background-media":"","overlay-type":"","overlay-color":"","overlay-opacity":"","overlay-gradient":""},"tablet":{"background-color":"var(--ast-global-color-5)","background-image":"","background-repeat":"repeat","background-position":"center center","background-size":"auto","background-attachment":"scroll","background-type":"","background-media":"","overlay-type":"","overlay-color":"","overlay-opacity":"","overlay-gradient":""},"mobile":{"background-color":"var(--ast-global-color-5)","background-image":"","background-repeat":"repeat","background-position":"center center","background-size":"auto","background-attachment":"scroll","background-type":"","background-media":"","overlay-type":"","overlay-color":"","overlay-opacity":"","overlay-gradient":""}}},"product_brand":[],"product_cat":[188,871,1194],"product_tag":[],"class_list":{"0":"post-332911","1":"product","2":"type-product","3":"status-publish","4":"has-post-thumbnail","6":"product_cat-freelancer","7":"product_cat-georgia","8":"product_cat-tbilisi","9":"desktop-align-left","10":"tablet-align-left","11":"mobile-align-left","13":"first","14":"instock","15":"shipping-taxable","16":"product-type-simple"},"_links":{"self":[{"href":"https:\/\/poccky.com\/index.php\/wp-json\/wp\/v2\/product\/332911","targetHints":{"allow":["GET"]}}],"collection":[{"href":"https:\/\/poccky.com\/index.php\/wp-json\/wp\/v2\/product"}],"about":[{"href":"https:\/\/poccky.com\/index.php\/wp-json\/wp\/v2\/types\/product"}],"replies":[{"embeddable":true,"href":"https:\/\/poccky.com\/index.php\/wp-json\/wp\/v2\/comments?post=332911"}],"wp:featuredmedia":[{"embeddable":true,"href":"https:\/\/poccky.com\/index.php\/wp-json\/wp\/v2\/media\/109566"}],"wp:attachment":[{"href":"https:\/\/poccky.com\/index.php\/wp-json\/wp\/v2\/media?parent=332911"}],"wp:term":[{"taxonomy":"product_brand","embeddable":true,"href":"https:\/\/poccky.com\/index.php\/wp-json\/wp\/v2\/product_brand?post=332911"},{"taxonomy":"product_cat","embeddable":true,"href":"https:\/\/poccky.com\/index.php\/wp-json\/wp\/v2\/product_cat?post=332911"},{"taxonomy":"product_tag","embeddable":true,"href":"https:\/\/poccky.com\/index.php\/wp-json\/wp\/v2\/product_tag?post=332911"}],"curies":[{"name":"wp","href":"https:\/\/api.w.org\/{rel}","templated":true}]}}