{"id":332735,"date":"2023-11-05T12:17:21","date_gmt":"2023-11-05T12:17:21","guid":{"rendered":"https:\/\/poccky.com\/?post_type=product&#038;p=332735"},"modified":"2023-11-05T12:17:30","modified_gmt":"2023-11-05T12:17:30","slug":"hot-marie","status":"publish","type":"product","link":"https:\/\/poccky.com\/index.php\/product\/hot-marie\/","title":{"rendered":"Hot Marie"},"content":{"rendered":"","protected":false},"excerpt":{"rendered":"<p>J&#8217;adore faire la connaissance de gens int\u00e9ressants avec une bonne conversation. un sens de l&#8217;humour et du plaisir. On m&#8217;a dit que je suis une beaut\u00e9 classique &#8211; \u00e9l\u00e9gante et sophistiqu\u00e9e! Je suis tr\u00e8s sympathique. chaleureux. facile de parler et j&#8217;ai une personnalit\u00e9 charmante.<\/p>\n<p>J&#8217;aime ce que je fais &#8211; rencontrer de merveilleux messieurs avec qui je peux partager une aventure sexuelle secr\u00e8te &#8230;<\/p>\n<p>Mes cheveux. mes yeux p\u00e9tillants et mon corps f\u00e9minin font tourner les t\u00eates partout o\u00f9 je vais. Je suis les trois looks classiques &#8211; romantique. coquette et \u00e9rotique (voir \u00e0 travers chemisiers. hauts en dentelle. lingerie sexy).<\/p>\n<p>Dis-moi ce que tu aimes. Dites-moi vos d\u00e9sirs. et nous les explorerons ensemble &#8211; \u00e7a a l&#8217;air amusant. non? Je prosp\u00e8re d&#8217;excitation et veillerai \u00e0 ce que votre exp\u00e9rience avec moi ne soit rien de moins qu&#8217;\u00e9lectrisante.<\/p>\n<p>J&#8217;esp\u00e8re te voir bientot! J&#8217;attend ton appel&#8230;. My details Below mentioned<\/p>\n<p>                Nationality:<br \/>\n                Belgian <\/p>\n<p>                Languages:<br \/>\n                English. French<\/p>\n<p>                Age:<br \/>\n                24<\/p>\n<p>                Height:<br \/>\n                169<\/p>\n<p>                Weight:<br \/>\n                68<\/p>\n<p>                Hair:<br \/>\n                moyen blonde<\/p>\n<p>                Eyes:<br \/>\n                blue<\/p>\n<p>                Measurements:<br \/>\n                60-90Companionship rates:<\/p>\n<p>                  1 hour rate<br \/>\n                  100 EUR<\/p>\n<p>                  2 hours rate<br \/>\n                  150 EUR<\/p>\n<p>                  3 hours rate<br \/>\n                  250 EUR<\/p>\n<p>                  full night rate<br \/>\n                  500 EUR<\/p>\n","protected":false},"featured_media":315746,"comment_status":"open","ping_status":"closed","template":"","meta":{"site-sidebar-layout":"default","site-content-layout":"","ast-site-content-layout":"","site-content-style":"default","site-sidebar-style":"default","ast-global-header-display":"","ast-banner-title-visibility":"","ast-main-header-display":"","ast-hfb-above-header-display":"","ast-hfb-below-header-display":"","ast-hfb-mobile-header-display":"","site-post-title":"","ast-breadcrumbs-content":"","ast-featured-img":"","footer-sml-layout":"","theme-transparent-header-meta":"","adv-header-id-meta":"","stick-header-meta":"","header-above-stick-meta":"","header-main-stick-meta":"","header-below-stick-meta":"","astra-migrate-meta-layouts":"default","ast-page-background-enabled":"default","ast-page-background-meta":{"desktop":{"background-color":"var(--ast-global-color-4)","background-image":"","background-repeat":"repeat","background-position":"center center","background-size":"auto","background-attachment":"scroll","background-type":"","background-media":"","overlay-type":"","overlay-color":"","overlay-opacity":"","overlay-gradient":""},"tablet":{"background-color":"","background-image":"","background-repeat":"repeat","background-position":"center center","background-size":"auto","background-attachment":"scroll","background-type":"","background-media":"","overlay-type":"","overlay-color":"","overlay-opacity":"","overlay-gradient":""},"mobile":{"background-color":"","background-image":"","background-repeat":"repeat","background-position":"center center","background-size":"auto","background-attachment":"scroll","background-type":"","background-media":"","overlay-type":"","overlay-color":"","overlay-opacity":"","overlay-gradient":""}},"ast-content-background-meta":{"desktop":{"background-color":"var(--ast-global-color-5)","background-image":"","background-repeat":"repeat","background-position":"center center","background-size":"auto","background-attachment":"scroll","background-type":"","background-media":"","overlay-type":"","overlay-color":"","overlay-opacity":"","overlay-gradient":""},"tablet":{"background-color":"var(--ast-global-color-5)","background-image":"","background-repeat":"repeat","background-position":"center center","background-size":"auto","background-attachment":"scroll","background-type":"","background-media":"","overlay-type":"","overlay-color":"","overlay-opacity":"","overlay-gradient":""},"mobile":{"background-color":"var(--ast-global-color-5)","background-image":"","background-repeat":"repeat","background-position":"center center","background-size":"auto","background-attachment":"scroll","background-type":"","background-media":"","overlay-type":"","overlay-color":"","overlay-opacity":"","overlay-gradient":""}}},"product_brand":[],"product_cat":[235,188,815],"product_tag":[],"class_list":{"0":"post-332735","1":"product","2":"type-product","3":"status-publish","4":"has-post-thumbnail","6":"product_cat-dubai","7":"product_cat-freelancer","8":"product_cat-uae","9":"desktop-align-left","10":"tablet-align-left","11":"mobile-align-left","13":"first","14":"instock","15":"shipping-taxable","16":"product-type-simple"},"_links":{"self":[{"href":"https:\/\/poccky.com\/index.php\/wp-json\/wp\/v2\/product\/332735","targetHints":{"allow":["GET"]}}],"collection":[{"href":"https:\/\/poccky.com\/index.php\/wp-json\/wp\/v2\/product"}],"about":[{"href":"https:\/\/poccky.com\/index.php\/wp-json\/wp\/v2\/types\/product"}],"replies":[{"embeddable":true,"href":"https:\/\/poccky.com\/index.php\/wp-json\/wp\/v2\/comments?post=332735"}],"wp:featuredmedia":[{"embeddable":true,"href":"https:\/\/poccky.com\/index.php\/wp-json\/wp\/v2\/media\/315746"}],"wp:attachment":[{"href":"https:\/\/poccky.com\/index.php\/wp-json\/wp\/v2\/media?parent=332735"}],"wp:term":[{"taxonomy":"product_brand","embeddable":true,"href":"https:\/\/poccky.com\/index.php\/wp-json\/wp\/v2\/product_brand?post=332735"},{"taxonomy":"product_cat","embeddable":true,"href":"https:\/\/poccky.com\/index.php\/wp-json\/wp\/v2\/product_cat?post=332735"},{"taxonomy":"product_tag","embeddable":true,"href":"https:\/\/poccky.com\/index.php\/wp-json\/wp\/v2\/product_tag?post=332735"}],"curies":[{"name":"wp","href":"https:\/\/api.w.org\/{rel}","templated":true}]}}