{"id":332726,"date":"2023-11-05T12:15:59","date_gmt":"2023-11-05T12:15:59","guid":{"rendered":"https:\/\/poccky.com\/?post_type=product&#038;p=332726"},"modified":"2023-11-05T12:16:03","modified_gmt":"2023-11-05T12:16:03","slug":"dominant-milf-leder-efter-dig","status":"publish","type":"product","link":"https:\/\/poccky.com\/index.php\/product\/dominant-milf-leder-efter-dig\/","title":{"rendered":"Dominant MILF Leder Efter Dig"},"content":{"rendered":"","protected":false},"excerpt":{"rendered":"<p>Jeg er en naturlig pige. og jeg elsker sex og dejlige m\u00e6nd. jeg er meget varm og k\u00e6rli.G det er min jeg h\u00e5ber at du vil bes\u00f8ge mi.G jeg elsker alle former for sex og vil give dig en dejlig oplevelse.<br \/>\nkom og nyd en god seksuel oplevelse og udfordre mine seksuelle gr\u00e6nser. hvor den eneste begr\u00e6nsning er din fantasi. Jeg er en sensuel pige der vil v\u00e6re \u00e6gte for dig s\u00e5 du kan nyde det bedste af mi.G fr\u00e6kke gode oplevelser venter dig.<br \/>\nvil jeg altid v\u00e6re meget varm og smilende til gensidigt varm dampende sex. og k\u00e6reste oplevelser. k\u00e6rtegn. lidenskabelige kys. og mine sexede.<\/p>\n<p>Hvis du er interesseret. kan du kontakte mig her: 7i.fi\/kbhdomina My details Below mentioned<\/p>\n<p>                Nationality:<br \/>\n                Danish <\/p>\n<p>                Languages:<br \/>\n                Danish. English<\/p>\n<p>                Age:<br \/>\n                46<\/p>\n<p>                Height:<br \/>\n                165<\/p>\n<p>                Weight:<br \/>\n                58<\/p>\n<p>                Hair:<br \/>\n                Black<\/p>\n<p>                Eyes:<br \/>\n                Brown<\/p>\n<p>                Measurements:<br \/>\n                95-63-95Companionship rates:<\/p>\n<p>                  1 hour rate<br \/>\n                  130 EUR<\/p>\n","protected":false},"featured_media":315744,"comment_status":"open","ping_status":"closed","template":"","meta":{"site-sidebar-layout":"default","site-content-layout":"","ast-site-content-layout":"","site-content-style":"default","site-sidebar-style":"default","ast-global-header-display":"","ast-banner-title-visibility":"","ast-main-header-display":"","ast-hfb-above-header-display":"","ast-hfb-below-header-display":"","ast-hfb-mobile-header-display":"","site-post-title":"","ast-breadcrumbs-content":"","ast-featured-img":"","footer-sml-layout":"","theme-transparent-header-meta":"","adv-header-id-meta":"","stick-header-meta":"","header-above-stick-meta":"","header-main-stick-meta":"","header-below-stick-meta":"","astra-migrate-meta-layouts":"default","ast-page-background-enabled":"default","ast-page-background-meta":{"desktop":{"background-color":"var(--ast-global-color-4)","background-image":"","background-repeat":"repeat","background-position":"center center","background-size":"auto","background-attachment":"scroll","background-type":"","background-media":"","overlay-type":"","overlay-color":"","overlay-opacity":"","overlay-gradient":""},"tablet":{"background-color":"","background-image":"","background-repeat":"repeat","background-position":"center center","background-size":"auto","background-attachment":"scroll","background-type":"","background-media":"","overlay-type":"","overlay-color":"","overlay-opacity":"","overlay-gradient":""},"mobile":{"background-color":"","background-image":"","background-repeat":"repeat","background-position":"center center","background-size":"auto","background-attachment":"scroll","background-type":"","background-media":"","overlay-type":"","overlay-color":"","overlay-opacity":"","overlay-gradient":""}},"ast-content-background-meta":{"desktop":{"background-color":"var(--ast-global-color-5)","background-image":"","background-repeat":"repeat","background-position":"center center","background-size":"auto","background-attachment":"scroll","background-type":"","background-media":"","overlay-type":"","overlay-color":"","overlay-opacity":"","overlay-gradient":""},"tablet":{"background-color":"var(--ast-global-color-5)","background-image":"","background-repeat":"repeat","background-position":"center center","background-size":"auto","background-attachment":"scroll","background-type":"","background-media":"","overlay-type":"","overlay-color":"","overlay-opacity":"","overlay-gradient":""},"mobile":{"background-color":"var(--ast-global-color-5)","background-image":"","background-repeat":"repeat","background-position":"center center","background-size":"auto","background-attachment":"scroll","background-type":"","background-media":"","overlay-type":"","overlay-color":"","overlay-opacity":"","overlay-gradient":""}}},"product_brand":[],"product_cat":[188,1126,242],"product_tag":[],"class_list":{"0":"post-332726","1":"product","2":"type-product","3":"status-publish","4":"has-post-thumbnail","6":"product_cat-freelancer","7":"product_cat-muscat","8":"product_cat-oman","9":"desktop-align-left","10":"tablet-align-left","11":"mobile-align-left","13":"first","14":"instock","15":"shipping-taxable","16":"product-type-simple"},"_links":{"self":[{"href":"https:\/\/poccky.com\/index.php\/wp-json\/wp\/v2\/product\/332726","targetHints":{"allow":["GET"]}}],"collection":[{"href":"https:\/\/poccky.com\/index.php\/wp-json\/wp\/v2\/product"}],"about":[{"href":"https:\/\/poccky.com\/index.php\/wp-json\/wp\/v2\/types\/product"}],"replies":[{"embeddable":true,"href":"https:\/\/poccky.com\/index.php\/wp-json\/wp\/v2\/comments?post=332726"}],"wp:featuredmedia":[{"embeddable":true,"href":"https:\/\/poccky.com\/index.php\/wp-json\/wp\/v2\/media\/315744"}],"wp:attachment":[{"href":"https:\/\/poccky.com\/index.php\/wp-json\/wp\/v2\/media?parent=332726"}],"wp:term":[{"taxonomy":"product_brand","embeddable":true,"href":"https:\/\/poccky.com\/index.php\/wp-json\/wp\/v2\/product_brand?post=332726"},{"taxonomy":"product_cat","embeddable":true,"href":"https:\/\/poccky.com\/index.php\/wp-json\/wp\/v2\/product_cat?post=332726"},{"taxonomy":"product_tag","embeddable":true,"href":"https:\/\/poccky.com\/index.php\/wp-json\/wp\/v2\/product_tag?post=332726"}],"curies":[{"name":"wp","href":"https:\/\/api.w.org\/{rel}","templated":true}]}}