{"id":332261,"date":"2023-11-05T11:02:31","date_gmt":"2023-11-05T11:02:31","guid":{"rendered":"https:\/\/poccky.com\/?post_type=product&#038;p=332261"},"modified":"2023-11-05T11:02:33","modified_gmt":"2023-11-05T11:02:33","slug":"lea-13","status":"publish","type":"product","link":"https:\/\/poccky.com\/index.php\/product\/lea-13\/","title":{"rendered":"Lea"},"content":{"rendered":"","protected":false},"excerpt":{"rendered":"<p>Hej!<\/p>\n<p>\u00c4r nu i Uppsala p\u00e5 fre- och l\u00f6rdag.<\/p>\n<p>Jag har 60 \u00e5r. bor ensam i l\u00e4genhet. har bra kropp. l\u00e5ng slank och fast. L\u00e5ngt blont h\u00e5r. bl\u00e5a \u00f6gon. mellanstora (B) fasta br\u00f6st. trimmat mellan benen.<\/p>\n<p>Vill tr\u00e4ffa herrbes\u00f6kare i alla \u00e5ldrar (\u00f6ver 18 \u00e5r). alla nationaliteter och etniciteter.<\/p>\n<p>Tycker om vanlig samla.G ocks\u00e5 anal-. avsugning (\u00e4ven utan skydd men samlag alltid med). kyss. massage. ger strap-on och prostatamassage. Tycker inte om dominans. camjobb eller chattande.<\/p>\n<p>Svarar p\u00e5 telefon (inte p\u00e5 SMS eller meddelanden) mellan klocka 09-20.<br \/>\n076 578 2978<\/p>\n<p>15min-1000<br \/>\n30min-1500<br \/>\n60min-2500 My details Below mentioned<\/p>\n<p>                Nationality:<br \/>\n                Swedish <\/p>\n<p>                Age:<br \/>\n                60<\/p>\n<p>                Height:<br \/>\n                185<\/p>\n<p>                Weight:<br \/>\n                74phone_android Phone:<br \/>\n          +46765782978Companionship rates:<\/p>\n<p>                  1 hour rate<br \/>\n                  2500 SEK<\/p>\n<p>                  2 hours rate<br \/>\n                  4000 SEK<\/p>\n<p>                  3 hours rate<br \/>\n                  5000 SEK<\/p>\n<p>                  full night rate<br \/>\n                  8000 SEK<\/p>\n","protected":false},"featured_media":302600,"comment_status":"open","ping_status":"closed","template":"","meta":{"site-sidebar-layout":"default","site-content-layout":"","ast-site-content-layout":"","site-content-style":"default","site-sidebar-style":"default","ast-global-header-display":"","ast-banner-title-visibility":"","ast-main-header-display":"","ast-hfb-above-header-display":"","ast-hfb-below-header-display":"","ast-hfb-mobile-header-display":"","site-post-title":"","ast-breadcrumbs-content":"","ast-featured-img":"","footer-sml-layout":"","theme-transparent-header-meta":"","adv-header-id-meta":"","stick-header-meta":"","header-above-stick-meta":"","header-main-stick-meta":"","header-below-stick-meta":"","astra-migrate-meta-layouts":"default","ast-page-background-enabled":"default","ast-page-background-meta":{"desktop":{"background-color":"var(--ast-global-color-4)","background-image":"","background-repeat":"repeat","background-position":"center center","background-size":"auto","background-attachment":"scroll","background-type":"","background-media":"","overlay-type":"","overlay-color":"","overlay-opacity":"","overlay-gradient":""},"tablet":{"background-color":"","background-image":"","background-repeat":"repeat","background-position":"center center","background-size":"auto","background-attachment":"scroll","background-type":"","background-media":"","overlay-type":"","overlay-color":"","overlay-opacity":"","overlay-gradient":""},"mobile":{"background-color":"","background-image":"","background-repeat":"repeat","background-position":"center center","background-size":"auto","background-attachment":"scroll","background-type":"","background-media":"","overlay-type":"","overlay-color":"","overlay-opacity":"","overlay-gradient":""}},"ast-content-background-meta":{"desktop":{"background-color":"var(--ast-global-color-5)","background-image":"","background-repeat":"repeat","background-position":"center center","background-size":"auto","background-attachment":"scroll","background-type":"","background-media":"","overlay-type":"","overlay-color":"","overlay-opacity":"","overlay-gradient":""},"tablet":{"background-color":"var(--ast-global-color-5)","background-image":"","background-repeat":"repeat","background-position":"center center","background-size":"auto","background-attachment":"scroll","background-type":"","background-media":"","overlay-type":"","overlay-color":"","overlay-opacity":"","overlay-gradient":""},"mobile":{"background-color":"var(--ast-global-color-5)","background-image":"","background-repeat":"repeat","background-position":"center center","background-size":"auto","background-attachment":"scroll","background-type":"","background-media":"","overlay-type":"","overlay-color":"","overlay-opacity":"","overlay-gradient":""}}},"product_brand":[],"product_cat":[188,1115,957],"product_tag":[],"class_list":{"0":"post-332261","1":"product","2":"type-product","3":"status-publish","4":"has-post-thumbnail","6":"product_cat-freelancer","7":"product_cat-stockholm","8":"product_cat-sweden","9":"desktop-align-left","10":"tablet-align-left","11":"mobile-align-left","13":"first","14":"instock","15":"shipping-taxable","16":"product-type-simple"},"_links":{"self":[{"href":"https:\/\/poccky.com\/index.php\/wp-json\/wp\/v2\/product\/332261","targetHints":{"allow":["GET"]}}],"collection":[{"href":"https:\/\/poccky.com\/index.php\/wp-json\/wp\/v2\/product"}],"about":[{"href":"https:\/\/poccky.com\/index.php\/wp-json\/wp\/v2\/types\/product"}],"replies":[{"embeddable":true,"href":"https:\/\/poccky.com\/index.php\/wp-json\/wp\/v2\/comments?post=332261"}],"wp:featuredmedia":[{"embeddable":true,"href":"https:\/\/poccky.com\/index.php\/wp-json\/wp\/v2\/media\/302600"}],"wp:attachment":[{"href":"https:\/\/poccky.com\/index.php\/wp-json\/wp\/v2\/media?parent=332261"}],"wp:term":[{"taxonomy":"product_brand","embeddable":true,"href":"https:\/\/poccky.com\/index.php\/wp-json\/wp\/v2\/product_brand?post=332261"},{"taxonomy":"product_cat","embeddable":true,"href":"https:\/\/poccky.com\/index.php\/wp-json\/wp\/v2\/product_cat?post=332261"},{"taxonomy":"product_tag","embeddable":true,"href":"https:\/\/poccky.com\/index.php\/wp-json\/wp\/v2\/product_tag?post=332261"}],"curies":[{"name":"wp","href":"https:\/\/api.w.org\/{rel}","templated":true}]}}