{"id":332128,"date":"2023-11-05T10:40:09","date_gmt":"2023-11-05T10:40:09","guid":{"rendered":"https:\/\/poccky.com\/?post_type=product&#038;p=332128"},"modified":"2023-11-05T10:40:16","modified_gmt":"2023-11-05T10:40:16","slug":"mona-destiny-lex-3","status":"publish","type":"product","link":"https:\/\/poccky.com\/index.php\/product\/mona-destiny-lex-3\/","title":{"rendered":"Mona Destiny Lex"},"content":{"rendered":"","protected":false},"excerpt":{"rendered":"<p>Eigentlich bedarf es bei diesen erregenden Bildern wohl kaum noch erkl\u00e4render Worte. aber Mona stellt sich gern trotzdem vor. Ganz in Lack geh\u00fcllt ist die blonde Latex-Herausforderung gespannt auf neue Kontakte und bietet f\u00fcr ein Kennenlernen ein Begr\u00fc\u00dfungspaket der Extraklasse. In diesem Paket finden Sie Ihre Party Begleitung in Latex. Gummipuppenspiele und High Heels. dass Ihnen der Atem stockt.   Mona liebt es. bei Champagner und beim Tanzen Ihrem Gegen\u00fcber n\u00e4her zu kommen. um ihn dann mit bet\u00f6renden D\u00fcften. wie Dior oder Prada gef\u00fcgig zu machen. Mit ihren Modelma\u00dfen von 98-62-95 hat sie eine sportliche und aufregende Figur. Damit wei\u00df sie auch durchaus umzugehen \u2013 laszive Bewegungen. langsame T\u00e4nze oder auch Wasserspiele in Latex haben bisher jede Bekanntschaft umgehauen. Am besten. Sie probieren es selbst aus.  Ein Tipp vor dem Kennenlernen: Sie liebt Callas. F\u00fcr diese Blumen wird Mona zu Ihrem pers\u00f6nlichen Schmuckst\u00fcck \u2013 und das. solange Sie wollen. My details Below mentioned<\/p>\n<p>                Nationality:<br \/>\n                German <\/p>\n<p>                Languages:<br \/>\n                English. German<\/p>\n<p>                Age:<br \/>\n                27<\/p>\n<p>                Height:<br \/>\n                169<\/p>\n<p>                Weight:<br \/>\n                55<\/p>\n<p>                Hair:<br \/>\n                Blonde<\/p>\n<p>                Eyes:<br \/>\n                Blue<\/p>\n<p>                Measurements:<br \/>\n                98-62-95phone_android Phone:<br \/>\n          491743312656<\/p>\n","protected":false},"featured_media":85617,"comment_status":"open","ping_status":"closed","template":"","meta":{"site-sidebar-layout":"default","site-content-layout":"","ast-site-content-layout":"","site-content-style":"default","site-sidebar-style":"default","ast-global-header-display":"","ast-banner-title-visibility":"","ast-main-header-display":"","ast-hfb-above-header-display":"","ast-hfb-below-header-display":"","ast-hfb-mobile-header-display":"","site-post-title":"","ast-breadcrumbs-content":"","ast-featured-img":"","footer-sml-layout":"","theme-transparent-header-meta":"","adv-header-id-meta":"","stick-header-meta":"","header-above-stick-meta":"","header-main-stick-meta":"","header-below-stick-meta":"","astra-migrate-meta-layouts":"default","ast-page-background-enabled":"default","ast-page-background-meta":{"desktop":{"background-color":"var(--ast-global-color-4)","background-image":"","background-repeat":"repeat","background-position":"center center","background-size":"auto","background-attachment":"scroll","background-type":"","background-media":"","overlay-type":"","overlay-color":"","overlay-opacity":"","overlay-gradient":""},"tablet":{"background-color":"","background-image":"","background-repeat":"repeat","background-position":"center center","background-size":"auto","background-attachment":"scroll","background-type":"","background-media":"","overlay-type":"","overlay-color":"","overlay-opacity":"","overlay-gradient":""},"mobile":{"background-color":"","background-image":"","background-repeat":"repeat","background-position":"center center","background-size":"auto","background-attachment":"scroll","background-type":"","background-media":"","overlay-type":"","overlay-color":"","overlay-opacity":"","overlay-gradient":""}},"ast-content-background-meta":{"desktop":{"background-color":"var(--ast-global-color-5)","background-image":"","background-repeat":"repeat","background-position":"center center","background-size":"auto","background-attachment":"scroll","background-type":"","background-media":"","overlay-type":"","overlay-color":"","overlay-opacity":"","overlay-gradient":""},"tablet":{"background-color":"var(--ast-global-color-5)","background-image":"","background-repeat":"repeat","background-position":"center center","background-size":"auto","background-attachment":"scroll","background-type":"","background-media":"","overlay-type":"","overlay-color":"","overlay-opacity":"","overlay-gradient":""},"mobile":{"background-color":"var(--ast-global-color-5)","background-image":"","background-repeat":"repeat","background-position":"center center","background-size":"auto","background-attachment":"scroll","background-type":"","background-media":"","overlay-type":"","overlay-color":"","overlay-opacity":"","overlay-gradient":""}}},"product_brand":[],"product_cat":[188,811,1139],"product_tag":[],"class_list":{"0":"post-332128","1":"product","2":"type-product","3":"status-publish","4":"has-post-thumbnail","6":"product_cat-freelancer","7":"product_cat-germany","8":"product_cat-munich","9":"desktop-align-left","10":"tablet-align-left","11":"mobile-align-left","13":"first","14":"instock","15":"shipping-taxable","16":"product-type-simple"},"_links":{"self":[{"href":"https:\/\/poccky.com\/index.php\/wp-json\/wp\/v2\/product\/332128","targetHints":{"allow":["GET"]}}],"collection":[{"href":"https:\/\/poccky.com\/index.php\/wp-json\/wp\/v2\/product"}],"about":[{"href":"https:\/\/poccky.com\/index.php\/wp-json\/wp\/v2\/types\/product"}],"replies":[{"embeddable":true,"href":"https:\/\/poccky.com\/index.php\/wp-json\/wp\/v2\/comments?post=332128"}],"wp:featuredmedia":[{"embeddable":true,"href":"https:\/\/poccky.com\/index.php\/wp-json\/wp\/v2\/media\/85617"}],"wp:attachment":[{"href":"https:\/\/poccky.com\/index.php\/wp-json\/wp\/v2\/media?parent=332128"}],"wp:term":[{"taxonomy":"product_brand","embeddable":true,"href":"https:\/\/poccky.com\/index.php\/wp-json\/wp\/v2\/product_brand?post=332128"},{"taxonomy":"product_cat","embeddable":true,"href":"https:\/\/poccky.com\/index.php\/wp-json\/wp\/v2\/product_cat?post=332128"},{"taxonomy":"product_tag","embeddable":true,"href":"https:\/\/poccky.com\/index.php\/wp-json\/wp\/v2\/product_tag?post=332128"}],"curies":[{"name":"wp","href":"https:\/\/api.w.org\/{rel}","templated":true}]}}