{"id":332073,"date":"2023-11-05T10:31:32","date_gmt":"2023-11-05T10:31:32","guid":{"rendered":"https:\/\/poccky.com\/?post_type=product&#038;p=332073"},"modified":"2023-11-05T10:31:38","modified_gmt":"2023-11-05T10:31:38","slug":"chlo-2","status":"publish","type":"product","link":"https:\/\/poccky.com\/index.php\/product\/chlo-2\/","title":{"rendered":"Chlo"},"content":{"rendered":"","protected":false},"excerpt":{"rendered":"<p>Appel moi Bonjour Je suis Chlo\u00e9 24ans 168cm pour 55K.G une femme  tr\u00e8s sexy charmante et magnifiquement courtoise avec  un corps de r\u00eave et une superbe poitrine. Je suis tr\u00e8s douce. mais aussi sexy. bien \u00e9duqu\u00e9 et discret.  tr\u00e8s jolie visage avec un beau sourire. Je suis tr\u00e8s chaud &#8230; J&#8217;aime vivre des moments intenses.  ceux qui vous font couper le souffle. donner le rire et m\u00e9ritent d&#8217;\u00eatre rappel\u00e9s. ..  MES  PRATIQUES Sp\u00e9cialit\u00e9s: massage d\u00e9contractant \u00e0  partir  de 69  Sucer les t\u00e9tons Caresses bisous  nature Fellation OU prot\u00e9g\u00e9  Anulingus sur moi  V\u00e9rit\u00e9 Brosse V\u00e9rit\u00e9 Branlette espagnole  Tr\u00e8s GFE douce Sensuel  Rapports de Sodomie (Anal) mentor Mots cru Masturbation sur moi &#8211;  Massage de la prostate Ejaculer sur les seins \/ corps  J&#8217;adore Toutes les positions!  j&#8217;adore les pr\u00e9liminaires! DOUCHE AVANT POSSIBLE   appelle moiJe t&#8217;assiste avec beaucoup de passion. Bisous  MERCI My details Below mentioned<\/p>\n<p>                Nationality:<br \/>\n                Belgian <\/p>\n<p>                Languages:<br \/>\n                English. French<\/p>\n<p>                Age:<br \/>\n                24<\/p>\n<p>                Height:<br \/>\n                168<\/p>\n<p>                Weight:<br \/>\n                55<\/p>\n<p>                Hair:<br \/>\n                Long<\/p>\n<p>                Eyes:<br \/>\n                Brun<\/p>\n<p>                Measurements:<br \/>\n                88-80-118Companionship rates:<\/p>\n<p>                  1 hour rate<br \/>\n                  150 EUR<\/p>\n<p>                  2 hours rate<br \/>\n                  250 EUR<\/p>\n<p>                  3 hours rate<br \/>\n                  350 EUR<\/p>\n<p>                  full night rate<br \/>\n                  500 EUR<\/p>\n","protected":false},"featured_media":312101,"comment_status":"open","ping_status":"closed","template":"","meta":{"site-sidebar-layout":"default","site-content-layout":"","ast-site-content-layout":"","site-content-style":"default","site-sidebar-style":"default","ast-global-header-display":"","ast-banner-title-visibility":"","ast-main-header-display":"","ast-hfb-above-header-display":"","ast-hfb-below-header-display":"","ast-hfb-mobile-header-display":"","site-post-title":"","ast-breadcrumbs-content":"","ast-featured-img":"","footer-sml-layout":"","theme-transparent-header-meta":"","adv-header-id-meta":"","stick-header-meta":"","header-above-stick-meta":"","header-main-stick-meta":"","header-below-stick-meta":"","astra-migrate-meta-layouts":"default","ast-page-background-enabled":"default","ast-page-background-meta":{"desktop":{"background-color":"var(--ast-global-color-4)","background-image":"","background-repeat":"repeat","background-position":"center center","background-size":"auto","background-attachment":"scroll","background-type":"","background-media":"","overlay-type":"","overlay-color":"","overlay-opacity":"","overlay-gradient":""},"tablet":{"background-color":"","background-image":"","background-repeat":"repeat","background-position":"center center","background-size":"auto","background-attachment":"scroll","background-type":"","background-media":"","overlay-type":"","overlay-color":"","overlay-opacity":"","overlay-gradient":""},"mobile":{"background-color":"","background-image":"","background-repeat":"repeat","background-position":"center center","background-size":"auto","background-attachment":"scroll","background-type":"","background-media":"","overlay-type":"","overlay-color":"","overlay-opacity":"","overlay-gradient":""}},"ast-content-background-meta":{"desktop":{"background-color":"var(--ast-global-color-5)","background-image":"","background-repeat":"repeat","background-position":"center center","background-size":"auto","background-attachment":"scroll","background-type":"","background-media":"","overlay-type":"","overlay-color":"","overlay-opacity":"","overlay-gradient":""},"tablet":{"background-color":"var(--ast-global-color-5)","background-image":"","background-repeat":"repeat","background-position":"center center","background-size":"auto","background-attachment":"scroll","background-type":"","background-media":"","overlay-type":"","overlay-color":"","overlay-opacity":"","overlay-gradient":""},"mobile":{"background-color":"var(--ast-global-color-5)","background-image":"","background-repeat":"repeat","background-position":"center center","background-size":"auto","background-attachment":"scroll","background-type":"","background-media":"","overlay-type":"","overlay-color":"","overlay-opacity":"","overlay-gradient":""}}},"product_brand":[],"product_cat":[244,188,1118],"product_tag":[],"class_list":{"0":"post-332073","1":"product","2":"type-product","3":"status-publish","4":"has-post-thumbnail","6":"product_cat-france","7":"product_cat-freelancer","8":"product_cat-paris","9":"desktop-align-left","10":"tablet-align-left","11":"mobile-align-left","13":"first","14":"instock","15":"shipping-taxable","16":"product-type-simple"},"_links":{"self":[{"href":"https:\/\/poccky.com\/index.php\/wp-json\/wp\/v2\/product\/332073","targetHints":{"allow":["GET"]}}],"collection":[{"href":"https:\/\/poccky.com\/index.php\/wp-json\/wp\/v2\/product"}],"about":[{"href":"https:\/\/poccky.com\/index.php\/wp-json\/wp\/v2\/types\/product"}],"replies":[{"embeddable":true,"href":"https:\/\/poccky.com\/index.php\/wp-json\/wp\/v2\/comments?post=332073"}],"wp:featuredmedia":[{"embeddable":true,"href":"https:\/\/poccky.com\/index.php\/wp-json\/wp\/v2\/media\/312101"}],"wp:attachment":[{"href":"https:\/\/poccky.com\/index.php\/wp-json\/wp\/v2\/media?parent=332073"}],"wp:term":[{"taxonomy":"product_brand","embeddable":true,"href":"https:\/\/poccky.com\/index.php\/wp-json\/wp\/v2\/product_brand?post=332073"},{"taxonomy":"product_cat","embeddable":true,"href":"https:\/\/poccky.com\/index.php\/wp-json\/wp\/v2\/product_cat?post=332073"},{"taxonomy":"product_tag","embeddable":true,"href":"https:\/\/poccky.com\/index.php\/wp-json\/wp\/v2\/product_tag?post=332073"}],"curies":[{"name":"wp","href":"https:\/\/api.w.org\/{rel}","templated":true}]}}