{"id":331913,"date":"2023-11-05T09:41:39","date_gmt":"2023-11-05T09:41:39","guid":{"rendered":"https:\/\/poccky.com\/?post_type=product&#038;p=331913"},"modified":"2023-11-05T09:41:44","modified_gmt":"2023-11-05T09:41:44","slug":"ruby-26","status":"publish","type":"product","link":"https:\/\/poccky.com\/index.php\/product\/ruby-26\/","title":{"rendered":"Ruby"},"content":{"rendered":"","protected":false},"excerpt":{"rendered":"<p>Hallo Herren und willkommen in meinem Profil !!!<br \/>\nMein Name ist Ruby. wenn Sie nach einem sexy. attraktiven. jungen M\u00e4dchen suchen. um sich zu entspannen &#8230; Rufen Sie mich an &#8230;<br \/>\nSie werden mich sehr interessant finden und sich auch wirklich f\u00fcr Sie interessieren. Konversation ist nie ein Problem und ich bin ein M\u00e4dchen. das es liebt. ihren Mann zu verw\u00f6hnen.<br \/>\nIch bin ein gro\u00dfartiger Begleiter. sehr bodenst\u00e4ndig und lebenslustig. Die Zeit mit mir wird entspannt und macht viel Spa\u00df.<br \/>\nIch bin leidenschaftlich. k\u00fcmmere mich um das. was du brauchst und willst. Ich kann auch sehr ungezogen sein. Lass mich meine verf\u00fchrerischen Reize nutzen. um dich in meine Welt der erotischen Freuden zu entf\u00fchren.<br \/>\nIch bin sehr aufrichti.G sympathisch. gut ausgebildet und leicht zu erreichen. Egal. ob Sie sich entschieden haben. einmal mit mir zu verbringen. Sie werden meine ungeteilte Aufmerksamkeit haben und sich niemals gehetzt f\u00fchlen. Ich liebe es. einem Gentleman viel Aufmerksamkeit zu schenken und mich um jeden seiner W\u00fcnsche zu k\u00fcmmern!<br \/>\nIch bin zuverl\u00e4ssi.G diskret &#8211; und w\u00fcrde gerne dein heimlicher Spielkamerad sein!<br \/>\nFavoriten liegen in meinem eigenen Ermessen !!!<br \/>\nEin gutes Benehmen und ein Auffrischen sind ein Muss !!!<br \/>\nLeidenschaftlich deine.<br \/>\nMit Liebe. &#8230;&#8230; xo.xo<br \/>\nPS: Ich antworte nicht auf private Nummern oder Textnachrichten My details Below mentioned<\/p>\n<p>                Nationality:<br \/>\n                Maltese <\/p>\n<p>                Languages:<br \/>\n                English. German<\/p>\n<p>                Age:<br \/>\n                25<\/p>\n<p>                Height:<br \/>\n                171<\/p>\n<p>                Weight:<br \/>\n                55<\/p>\n<p>                Hair:<br \/>\n                medium brown <\/p>\n<p>                Eyes:<br \/>\n                brownphone_android Phone:<br \/>\n          015171448707<\/p>\n","protected":false},"featured_media":315528,"comment_status":"open","ping_status":"closed","template":"","meta":{"site-sidebar-layout":"default","site-content-layout":"","ast-site-content-layout":"","site-content-style":"default","site-sidebar-style":"default","ast-global-header-display":"","ast-banner-title-visibility":"","ast-main-header-display":"","ast-hfb-above-header-display":"","ast-hfb-below-header-display":"","ast-hfb-mobile-header-display":"","site-post-title":"","ast-breadcrumbs-content":"","ast-featured-img":"","footer-sml-layout":"","theme-transparent-header-meta":"","adv-header-id-meta":"","stick-header-meta":"","header-above-stick-meta":"","header-main-stick-meta":"","header-below-stick-meta":"","astra-migrate-meta-layouts":"default","ast-page-background-enabled":"default","ast-page-background-meta":{"desktop":{"background-color":"var(--ast-global-color-4)","background-image":"","background-repeat":"repeat","background-position":"center center","background-size":"auto","background-attachment":"scroll","background-type":"","background-media":"","overlay-type":"","overlay-color":"","overlay-opacity":"","overlay-gradient":""},"tablet":{"background-color":"","background-image":"","background-repeat":"repeat","background-position":"center center","background-size":"auto","background-attachment":"scroll","background-type":"","background-media":"","overlay-type":"","overlay-color":"","overlay-opacity":"","overlay-gradient":""},"mobile":{"background-color":"","background-image":"","background-repeat":"repeat","background-position":"center center","background-size":"auto","background-attachment":"scroll","background-type":"","background-media":"","overlay-type":"","overlay-color":"","overlay-opacity":"","overlay-gradient":""}},"ast-content-background-meta":{"desktop":{"background-color":"var(--ast-global-color-5)","background-image":"","background-repeat":"repeat","background-position":"center center","background-size":"auto","background-attachment":"scroll","background-type":"","background-media":"","overlay-type":"","overlay-color":"","overlay-opacity":"","overlay-gradient":""},"tablet":{"background-color":"var(--ast-global-color-5)","background-image":"","background-repeat":"repeat","background-position":"center center","background-size":"auto","background-attachment":"scroll","background-type":"","background-media":"","overlay-type":"","overlay-color":"","overlay-opacity":"","overlay-gradient":""},"mobile":{"background-color":"var(--ast-global-color-5)","background-image":"","background-repeat":"repeat","background-position":"center center","background-size":"auto","background-attachment":"scroll","background-type":"","background-media":"","overlay-type":"","overlay-color":"","overlay-opacity":"","overlay-gradient":""}}},"product_brand":[],"product_cat":[188,811,1139],"product_tag":[],"class_list":{"0":"post-331913","1":"product","2":"type-product","3":"status-publish","4":"has-post-thumbnail","6":"product_cat-freelancer","7":"product_cat-germany","8":"product_cat-munich","9":"desktop-align-left","10":"tablet-align-left","11":"mobile-align-left","13":"first","14":"instock","15":"shipping-taxable","16":"product-type-simple"},"_links":{"self":[{"href":"https:\/\/poccky.com\/index.php\/wp-json\/wp\/v2\/product\/331913","targetHints":{"allow":["GET"]}}],"collection":[{"href":"https:\/\/poccky.com\/index.php\/wp-json\/wp\/v2\/product"}],"about":[{"href":"https:\/\/poccky.com\/index.php\/wp-json\/wp\/v2\/types\/product"}],"replies":[{"embeddable":true,"href":"https:\/\/poccky.com\/index.php\/wp-json\/wp\/v2\/comments?post=331913"}],"wp:featuredmedia":[{"embeddable":true,"href":"https:\/\/poccky.com\/index.php\/wp-json\/wp\/v2\/media\/315528"}],"wp:attachment":[{"href":"https:\/\/poccky.com\/index.php\/wp-json\/wp\/v2\/media?parent=331913"}],"wp:term":[{"taxonomy":"product_brand","embeddable":true,"href":"https:\/\/poccky.com\/index.php\/wp-json\/wp\/v2\/product_brand?post=331913"},{"taxonomy":"product_cat","embeddable":true,"href":"https:\/\/poccky.com\/index.php\/wp-json\/wp\/v2\/product_cat?post=331913"},{"taxonomy":"product_tag","embeddable":true,"href":"https:\/\/poccky.com\/index.php\/wp-json\/wp\/v2\/product_tag?post=331913"}],"curies":[{"name":"wp","href":"https:\/\/api.w.org\/{rel}","templated":true}]}}