{"id":331809,"date":"2023-11-05T09:25:14","date_gmt":"2023-11-05T09:25:14","guid":{"rendered":"https:\/\/poccky.com\/?post_type=product&#038;p=331809"},"modified":"2023-11-05T09:25:23","modified_gmt":"2023-11-05T09:25:23","slug":"kenza-sub","status":"publish","type":"product","link":"https:\/\/poccky.com\/index.php\/product\/kenza-sub\/","title":{"rendered":"Kenza Sub"},"content":{"rendered":"","protected":false},"excerpt":{"rendered":"<p>Discr\u00e9tion. hygi\u00e8ne et respect sont de rigueur<br \/>\nOutcalls uniquement.<\/p>\n<p>Je suis tr\u00e8s soumise. j&#8217;aime le bondage. le sm. l&#8217;humiliation..<\/p>\n<p>Je propose des prestations sans aucune prise de risque (je ne fais rien sans protection. donc fellation prot\u00e9g\u00e9e uniquement)<\/p>\n<p>Je ne pratique pas : cuni. cim. cof. scato<\/p>\n<p>Je pratique avec gourmandise : exhibition. gorge profonde. anal. double p\u00e9n\u00e9tration. fess\u00e9es. coups de fouet\/martinet. pinces. uro (donne uniquement. re\u00e7oit si suppl\u00e9ment)<br \/>\nJe switch parfois. donc domination soft possible \u00e9galement<\/p>\n<p>Je ne re\u00e7ois jamais. je me d\u00e9place uniquement.<br \/>\nEn semaine avant 13h et \u00e0 partir de 20h<\/p>\n<p>1h : 300 \/ 2h : 500 \/ 3h : 700<\/p>\n<p>Merci de prendre contact avec moi avant la date souhait\u00e9e du rdv. qu\u2019on prenne le temps de d\u00e9finir vos envies. En plus je suis occasionnelle et je me permet donc une vraie s\u00e9lection dans mes clients.<\/p>\n<p>Je me r\u00e9serve le droit de refuser un client qui ne correspond pas \u00e0 mes crit\u00e8res. merci de ne pas insister et cas de refus de ma part.<br \/>\nDe la m\u00eame fa\u00e7ons. mes conditions et tabous ne sont pas n\u00e9gociables.<\/p>\n<p>Par ailleurs si vous avez des requ\u00eates : je suis ouverte d\u2019esprit et pas port\u00e9e sur le jugement.<\/p>\n<p>Je suis joignable par whatsapp ou sms. My details Below mentioned<\/p>\n<p>                Nationality:<br \/>\n                French <\/p>\n<p>                Languages:<br \/>\n                English. French<\/p>\n<p>                Age:<br \/>\n                24<\/p>\n<p>                Height:<br \/>\n                177<\/p>\n<p>                Weight:<br \/>\n                56<\/p>\n<p>                Hair:<br \/>\n                short dark blond<\/p>\n<p>                Eyes:<br \/>\n                brownCompanionship rates:<\/p>\n<p>                  1 hour rate<br \/>\n                  300 EUR<\/p>\n<p>                  2 hours rate<br \/>\n                  500 EUR<\/p>\n<p>                  3 hours rate<br \/>\n                  700 EUR<\/p>\n","protected":false},"featured_media":304714,"comment_status":"open","ping_status":"closed","template":"","meta":{"site-sidebar-layout":"default","site-content-layout":"","ast-site-content-layout":"","site-content-style":"default","site-sidebar-style":"default","ast-global-header-display":"","ast-banner-title-visibility":"","ast-main-header-display":"","ast-hfb-above-header-display":"","ast-hfb-below-header-display":"","ast-hfb-mobile-header-display":"","site-post-title":"","ast-breadcrumbs-content":"","ast-featured-img":"","footer-sml-layout":"","theme-transparent-header-meta":"","adv-header-id-meta":"","stick-header-meta":"","header-above-stick-meta":"","header-main-stick-meta":"","header-below-stick-meta":"","astra-migrate-meta-layouts":"default","ast-page-background-enabled":"default","ast-page-background-meta":{"desktop":{"background-color":"var(--ast-global-color-4)","background-image":"","background-repeat":"repeat","background-position":"center center","background-size":"auto","background-attachment":"scroll","background-type":"","background-media":"","overlay-type":"","overlay-color":"","overlay-opacity":"","overlay-gradient":""},"tablet":{"background-color":"","background-image":"","background-repeat":"repeat","background-position":"center center","background-size":"auto","background-attachment":"scroll","background-type":"","background-media":"","overlay-type":"","overlay-color":"","overlay-opacity":"","overlay-gradient":""},"mobile":{"background-color":"","background-image":"","background-repeat":"repeat","background-position":"center center","background-size":"auto","background-attachment":"scroll","background-type":"","background-media":"","overlay-type":"","overlay-color":"","overlay-opacity":"","overlay-gradient":""}},"ast-content-background-meta":{"desktop":{"background-color":"var(--ast-global-color-5)","background-image":"","background-repeat":"repeat","background-position":"center center","background-size":"auto","background-attachment":"scroll","background-type":"","background-media":"","overlay-type":"","overlay-color":"","overlay-opacity":"","overlay-gradient":""},"tablet":{"background-color":"var(--ast-global-color-5)","background-image":"","background-repeat":"repeat","background-position":"center center","background-size":"auto","background-attachment":"scroll","background-type":"","background-media":"","overlay-type":"","overlay-color":"","overlay-opacity":"","overlay-gradient":""},"mobile":{"background-color":"var(--ast-global-color-5)","background-image":"","background-repeat":"repeat","background-position":"center center","background-size":"auto","background-attachment":"scroll","background-type":"","background-media":"","overlay-type":"","overlay-color":"","overlay-opacity":"","overlay-gradient":""}}},"product_brand":[],"product_cat":[244,188,1118],"product_tag":[],"class_list":{"0":"post-331809","1":"product","2":"type-product","3":"status-publish","4":"has-post-thumbnail","6":"product_cat-france","7":"product_cat-freelancer","8":"product_cat-paris","9":"desktop-align-left","10":"tablet-align-left","11":"mobile-align-left","13":"first","14":"instock","15":"shipping-taxable","16":"product-type-simple"},"_links":{"self":[{"href":"https:\/\/poccky.com\/index.php\/wp-json\/wp\/v2\/product\/331809","targetHints":{"allow":["GET"]}}],"collection":[{"href":"https:\/\/poccky.com\/index.php\/wp-json\/wp\/v2\/product"}],"about":[{"href":"https:\/\/poccky.com\/index.php\/wp-json\/wp\/v2\/types\/product"}],"replies":[{"embeddable":true,"href":"https:\/\/poccky.com\/index.php\/wp-json\/wp\/v2\/comments?post=331809"}],"wp:featuredmedia":[{"embeddable":true,"href":"https:\/\/poccky.com\/index.php\/wp-json\/wp\/v2\/media\/304714"}],"wp:attachment":[{"href":"https:\/\/poccky.com\/index.php\/wp-json\/wp\/v2\/media?parent=331809"}],"wp:term":[{"taxonomy":"product_brand","embeddable":true,"href":"https:\/\/poccky.com\/index.php\/wp-json\/wp\/v2\/product_brand?post=331809"},{"taxonomy":"product_cat","embeddable":true,"href":"https:\/\/poccky.com\/index.php\/wp-json\/wp\/v2\/product_cat?post=331809"},{"taxonomy":"product_tag","embeddable":true,"href":"https:\/\/poccky.com\/index.php\/wp-json\/wp\/v2\/product_tag?post=331809"}],"curies":[{"name":"wp","href":"https:\/\/api.w.org\/{rel}","templated":true}]}}