{"id":331298,"date":"2023-11-05T08:09:05","date_gmt":"2023-11-05T08:09:05","guid":{"rendered":"https:\/\/poccky.com\/?post_type=product&#038;p=331298"},"modified":"2023-11-05T08:09:09","modified_gmt":"2023-11-05T08:09:09","slug":"katrina-28","status":"publish","type":"product","link":"https:\/\/poccky.com\/index.php\/product\/katrina-28\/","title":{"rendered":"Katrina"},"content":{"rendered":"","protected":false},"excerpt":{"rendered":"<p>Ein Abendessen im gehobenen Ambiente. ein lockerer Abend im Club oder als Gespielin f\u00fcr eine hei\u00dfe Nacht \u2013 Katrina macht stets eine gute Figur und begeistert dabei durch ihre Aufgeschlossenheit und Neugier. Stilsicher passt sie ihr Aufreten dem jeweiligen Anlass an: sexy Kleid f\u00fcr den Besuch einer Ausstellung oder unauff\u00e4lig in Jeans und Top \u00e0 la \u201edas nette M\u00e4dchen von neben an\u201c. My details Below mentioned<\/p>\n<p>                Nationality:<br \/>\n                German <\/p>\n<p>                Languages:<br \/>\n                English. German<\/p>\n<p>                Age:<br \/>\n                28<\/p>\n<p>                Height:<br \/>\n                167<\/p>\n<p>                Hair:<br \/>\n                long blond<\/p>\n<p>                Eyes:<br \/>\n                bluephone_android Phone:<br \/>\n          +4917645998218Companionship rates:<\/p>\n<p>                  2 hours rate<br \/>\n                  500 EUR<\/p>\n<p>                  3 hours rate<br \/>\n                  600 EUR<\/p>\n<p>                  full night rate<br \/>\n                  1200 EUR<\/p>\n","protected":false},"featured_media":314612,"comment_status":"open","ping_status":"closed","template":"","meta":{"site-sidebar-layout":"default","site-content-layout":"","ast-site-content-layout":"","site-content-style":"default","site-sidebar-style":"default","ast-global-header-display":"","ast-banner-title-visibility":"","ast-main-header-display":"","ast-hfb-above-header-display":"","ast-hfb-below-header-display":"","ast-hfb-mobile-header-display":"","site-post-title":"","ast-breadcrumbs-content":"","ast-featured-img":"","footer-sml-layout":"","theme-transparent-header-meta":"","adv-header-id-meta":"","stick-header-meta":"","header-above-stick-meta":"","header-main-stick-meta":"","header-below-stick-meta":"","astra-migrate-meta-layouts":"default","ast-page-background-enabled":"default","ast-page-background-meta":{"desktop":{"background-color":"var(--ast-global-color-4)","background-image":"","background-repeat":"repeat","background-position":"center center","background-size":"auto","background-attachment":"scroll","background-type":"","background-media":"","overlay-type":"","overlay-color":"","overlay-opacity":"","overlay-gradient":""},"tablet":{"background-color":"","background-image":"","background-repeat":"repeat","background-position":"center center","background-size":"auto","background-attachment":"scroll","background-type":"","background-media":"","overlay-type":"","overlay-color":"","overlay-opacity":"","overlay-gradient":""},"mobile":{"background-color":"","background-image":"","background-repeat":"repeat","background-position":"center center","background-size":"auto","background-attachment":"scroll","background-type":"","background-media":"","overlay-type":"","overlay-color":"","overlay-opacity":"","overlay-gradient":""}},"ast-content-background-meta":{"desktop":{"background-color":"var(--ast-global-color-5)","background-image":"","background-repeat":"repeat","background-position":"center center","background-size":"auto","background-attachment":"scroll","background-type":"","background-media":"","overlay-type":"","overlay-color":"","overlay-opacity":"","overlay-gradient":""},"tablet":{"background-color":"var(--ast-global-color-5)","background-image":"","background-repeat":"repeat","background-position":"center center","background-size":"auto","background-attachment":"scroll","background-type":"","background-media":"","overlay-type":"","overlay-color":"","overlay-opacity":"","overlay-gradient":""},"mobile":{"background-color":"var(--ast-global-color-5)","background-image":"","background-repeat":"repeat","background-position":"center center","background-size":"auto","background-attachment":"scroll","background-type":"","background-media":"","overlay-type":"","overlay-color":"","overlay-opacity":"","overlay-gradient":""}}},"product_brand":[],"product_cat":[188,811,1150],"product_tag":[],"class_list":{"0":"post-331298","1":"product","2":"type-product","3":"status-publish","4":"has-post-thumbnail","6":"product_cat-freelancer","7":"product_cat-germany","8":"product_cat-stuttgart","9":"desktop-align-left","10":"tablet-align-left","11":"mobile-align-left","13":"first","14":"instock","15":"shipping-taxable","16":"product-type-simple"},"_links":{"self":[{"href":"https:\/\/poccky.com\/index.php\/wp-json\/wp\/v2\/product\/331298","targetHints":{"allow":["GET"]}}],"collection":[{"href":"https:\/\/poccky.com\/index.php\/wp-json\/wp\/v2\/product"}],"about":[{"href":"https:\/\/poccky.com\/index.php\/wp-json\/wp\/v2\/types\/product"}],"replies":[{"embeddable":true,"href":"https:\/\/poccky.com\/index.php\/wp-json\/wp\/v2\/comments?post=331298"}],"wp:featuredmedia":[{"embeddable":true,"href":"https:\/\/poccky.com\/index.php\/wp-json\/wp\/v2\/media\/314612"}],"wp:attachment":[{"href":"https:\/\/poccky.com\/index.php\/wp-json\/wp\/v2\/media?parent=331298"}],"wp:term":[{"taxonomy":"product_brand","embeddable":true,"href":"https:\/\/poccky.com\/index.php\/wp-json\/wp\/v2\/product_brand?post=331298"},{"taxonomy":"product_cat","embeddable":true,"href":"https:\/\/poccky.com\/index.php\/wp-json\/wp\/v2\/product_cat?post=331298"},{"taxonomy":"product_tag","embeddable":true,"href":"https:\/\/poccky.com\/index.php\/wp-json\/wp\/v2\/product_tag?post=331298"}],"curies":[{"name":"wp","href":"https:\/\/api.w.org\/{rel}","templated":true}]}}