{"id":331092,"date":"2023-11-05T07:38:40","date_gmt":"2023-11-05T07:38:40","guid":{"rendered":"https:\/\/poccky.com\/?post_type=product&#038;p=331092"},"modified":"2023-11-05T07:38:43","modified_gmt":"2023-11-05T07:38:43","slug":"jasmin-24","status":"publish","type":"product","link":"https:\/\/poccky.com\/index.php\/product\/jasmin-24\/","title":{"rendered":"Jasmin"},"content":{"rendered":"","protected":false},"excerpt":{"rendered":"<p>High Class Escort hat sich als eine der renommiertesten und exklusivsten Escort Agenturen etabliert. Als erstklassiger Escort Service bieten wir au\u00dfergew\u00f6hnliche und luxuri\u00f6se Escort Models f\u00fcr anspruchsvolle Gentleman. Zu jeder Zeit und f\u00fcr jeden gesellschaftlichen oder privaten Anlass bieten wir attraktive. charmante und vor allem kultivierte Escort Damen. die eine Klasse f\u00fcr sich sind. My details Below mentioned<\/p>\n<p>                Nationality:<br \/>\n                German <\/p>\n<p>                Languages:<br \/>\n                English. German<\/p>\n<p>                Age:<br \/>\n                34<\/p>\n<p>                Height:<br \/>\n                165<\/p>\n<p>                Hair:<br \/>\n                long brown<\/p>\n<p>                Eyes:<br \/>\n                brownphone_android Phone:<br \/>\n          +4917645998218Companionship rates:<\/p>\n<p>                  2 hours rate<br \/>\n                  500 EUR<\/p>\n<p>                  3 hours rate<br \/>\n                  600 EUR<\/p>\n<p>                  full night rate<br \/>\n                  1200 EUR<\/p>\n","protected":false},"featured_media":314545,"comment_status":"open","ping_status":"closed","template":"","meta":{"site-sidebar-layout":"default","site-content-layout":"","ast-site-content-layout":"","site-content-style":"default","site-sidebar-style":"default","ast-global-header-display":"","ast-banner-title-visibility":"","ast-main-header-display":"","ast-hfb-above-header-display":"","ast-hfb-below-header-display":"","ast-hfb-mobile-header-display":"","site-post-title":"","ast-breadcrumbs-content":"","ast-featured-img":"","footer-sml-layout":"","theme-transparent-header-meta":"","adv-header-id-meta":"","stick-header-meta":"","header-above-stick-meta":"","header-main-stick-meta":"","header-below-stick-meta":"","astra-migrate-meta-layouts":"default","ast-page-background-enabled":"default","ast-page-background-meta":{"desktop":{"background-color":"var(--ast-global-color-4)","background-image":"","background-repeat":"repeat","background-position":"center center","background-size":"auto","background-attachment":"scroll","background-type":"","background-media":"","overlay-type":"","overlay-color":"","overlay-opacity":"","overlay-gradient":""},"tablet":{"background-color":"","background-image":"","background-repeat":"repeat","background-position":"center center","background-size":"auto","background-attachment":"scroll","background-type":"","background-media":"","overlay-type":"","overlay-color":"","overlay-opacity":"","overlay-gradient":""},"mobile":{"background-color":"","background-image":"","background-repeat":"repeat","background-position":"center center","background-size":"auto","background-attachment":"scroll","background-type":"","background-media":"","overlay-type":"","overlay-color":"","overlay-opacity":"","overlay-gradient":""}},"ast-content-background-meta":{"desktop":{"background-color":"var(--ast-global-color-5)","background-image":"","background-repeat":"repeat","background-position":"center center","background-size":"auto","background-attachment":"scroll","background-type":"","background-media":"","overlay-type":"","overlay-color":"","overlay-opacity":"","overlay-gradient":""},"tablet":{"background-color":"var(--ast-global-color-5)","background-image":"","background-repeat":"repeat","background-position":"center center","background-size":"auto","background-attachment":"scroll","background-type":"","background-media":"","overlay-type":"","overlay-color":"","overlay-opacity":"","overlay-gradient":""},"mobile":{"background-color":"var(--ast-global-color-5)","background-image":"","background-repeat":"repeat","background-position":"center center","background-size":"auto","background-attachment":"scroll","background-type":"","background-media":"","overlay-type":"","overlay-color":"","overlay-opacity":"","overlay-gradient":""}}},"product_brand":[],"product_cat":[1166,188,811],"product_tag":[],"class_list":{"0":"post-331092","1":"product","2":"type-product","3":"status-publish","4":"has-post-thumbnail","6":"product_cat-cologne","7":"product_cat-freelancer","8":"product_cat-germany","9":"desktop-align-left","10":"tablet-align-left","11":"mobile-align-left","13":"first","14":"instock","15":"shipping-taxable","16":"product-type-simple"},"_links":{"self":[{"href":"https:\/\/poccky.com\/index.php\/wp-json\/wp\/v2\/product\/331092","targetHints":{"allow":["GET"]}}],"collection":[{"href":"https:\/\/poccky.com\/index.php\/wp-json\/wp\/v2\/product"}],"about":[{"href":"https:\/\/poccky.com\/index.php\/wp-json\/wp\/v2\/types\/product"}],"replies":[{"embeddable":true,"href":"https:\/\/poccky.com\/index.php\/wp-json\/wp\/v2\/comments?post=331092"}],"wp:featuredmedia":[{"embeddable":true,"href":"https:\/\/poccky.com\/index.php\/wp-json\/wp\/v2\/media\/314545"}],"wp:attachment":[{"href":"https:\/\/poccky.com\/index.php\/wp-json\/wp\/v2\/media?parent=331092"}],"wp:term":[{"taxonomy":"product_brand","embeddable":true,"href":"https:\/\/poccky.com\/index.php\/wp-json\/wp\/v2\/product_brand?post=331092"},{"taxonomy":"product_cat","embeddable":true,"href":"https:\/\/poccky.com\/index.php\/wp-json\/wp\/v2\/product_cat?post=331092"},{"taxonomy":"product_tag","embeddable":true,"href":"https:\/\/poccky.com\/index.php\/wp-json\/wp\/v2\/product_tag?post=331092"}],"curies":[{"name":"wp","href":"https:\/\/api.w.org\/{rel}","templated":true}]}}