{"id":331051,"date":"2023-11-05T07:33:09","date_gmt":"2023-11-05T07:33:09","guid":{"rendered":"https:\/\/poccky.com\/?post_type=product&#038;p=331051"},"modified":"2023-11-05T07:33:13","modified_gmt":"2023-11-05T07:33:13","slug":"leslie-2","status":"publish","type":"product","link":"https:\/\/poccky.com\/index.php\/product\/leslie-2\/","title":{"rendered":"Leslie"},"content":{"rendered":"","protected":false},"excerpt":{"rendered":"<p>Je suis disponible pour plan Cul sans lendemain ou r\u00e9gulier je re\u00e7ois .je me d\u00e9place chez vous. J\u2019aime qu\u2019on me p\u00e9n\u00e8tre profond\u00e9ment et j&#8217;aime aussi la sodomisation .Je sais rester discr\u00e8te afin de pr\u00e9server la tranquillit\u00e9 de tout un chacun. Alors si un plan sexe avec moi t\u2019int\u00e9resse.je suis disponible pour me d\u00e9placer et je recevoir aussi en appartement je suis calme et discr\u00e8te. je re\u00e7ois chez moi pareil pour un d\u00e9placement j&#8217;accepte toutes les prestations bain \u00e0 deux. sodomie .Baise simple avec caresse .Cuni. levrette .Fellation . Baise anal ou bucca . . Gorge profond. sodomi etc Service complet . Massage. Domination. F\u00e9minisation. Fist (donnant). Douche dor\u00e9e. Le sexe anal. French kissing . Veuillez me contacter par whatsapp_<br \/>\nNe pas me faire perdre mon temps \u00e0 vouloir fantasmer<br \/>\nMerci My details Below mentioned<\/p>\n<p>                Nationality:<br \/>\n                French <\/p>\n<p>                Languages:<br \/>\n                French<\/p>\n<p>                Age:<br \/>\n                25<\/p>\n<p>                Height:<br \/>\n                154<\/p>\n<p>                Weight:<br \/>\n                52<\/p>\n<p>                Hair:<br \/>\n                Longue Noir<\/p>\n<p>                Eyes:<br \/>\n                Noir<\/p>\n<p>                Measurements:<br \/>\n                52 41 48Companionship rates:<\/p>\n<p>                  1 hour rate<br \/>\n                  100 EUR<\/p>\n<p>                  2 hours rate<br \/>\n                  250 EUR<\/p>\n","protected":false},"featured_media":304480,"comment_status":"open","ping_status":"closed","template":"","meta":{"site-sidebar-layout":"default","site-content-layout":"","ast-site-content-layout":"","site-content-style":"default","site-sidebar-style":"default","ast-global-header-display":"","ast-banner-title-visibility":"","ast-main-header-display":"","ast-hfb-above-header-display":"","ast-hfb-below-header-display":"","ast-hfb-mobile-header-display":"","site-post-title":"","ast-breadcrumbs-content":"","ast-featured-img":"","footer-sml-layout":"","theme-transparent-header-meta":"","adv-header-id-meta":"","stick-header-meta":"","header-above-stick-meta":"","header-main-stick-meta":"","header-below-stick-meta":"","astra-migrate-meta-layouts":"default","ast-page-background-enabled":"default","ast-page-background-meta":{"desktop":{"background-color":"var(--ast-global-color-4)","background-image":"","background-repeat":"repeat","background-position":"center center","background-size":"auto","background-attachment":"scroll","background-type":"","background-media":"","overlay-type":"","overlay-color":"","overlay-opacity":"","overlay-gradient":""},"tablet":{"background-color":"","background-image":"","background-repeat":"repeat","background-position":"center center","background-size":"auto","background-attachment":"scroll","background-type":"","background-media":"","overlay-type":"","overlay-color":"","overlay-opacity":"","overlay-gradient":""},"mobile":{"background-color":"","background-image":"","background-repeat":"repeat","background-position":"center center","background-size":"auto","background-attachment":"scroll","background-type":"","background-media":"","overlay-type":"","overlay-color":"","overlay-opacity":"","overlay-gradient":""}},"ast-content-background-meta":{"desktop":{"background-color":"var(--ast-global-color-5)","background-image":"","background-repeat":"repeat","background-position":"center center","background-size":"auto","background-attachment":"scroll","background-type":"","background-media":"","overlay-type":"","overlay-color":"","overlay-opacity":"","overlay-gradient":""},"tablet":{"background-color":"var(--ast-global-color-5)","background-image":"","background-repeat":"repeat","background-position":"center center","background-size":"auto","background-attachment":"scroll","background-type":"","background-media":"","overlay-type":"","overlay-color":"","overlay-opacity":"","overlay-gradient":""},"mobile":{"background-color":"var(--ast-global-color-5)","background-image":"","background-repeat":"repeat","background-position":"center center","background-size":"auto","background-attachment":"scroll","background-type":"","background-media":"","overlay-type":"","overlay-color":"","overlay-opacity":"","overlay-gradient":""}}},"product_brand":[],"product_cat":[244,188,1118],"product_tag":[],"class_list":{"0":"post-331051","1":"product","2":"type-product","3":"status-publish","4":"has-post-thumbnail","6":"product_cat-france","7":"product_cat-freelancer","8":"product_cat-paris","9":"desktop-align-left","10":"tablet-align-left","11":"mobile-align-left","13":"first","14":"instock","15":"shipping-taxable","16":"product-type-simple"},"_links":{"self":[{"href":"https:\/\/poccky.com\/index.php\/wp-json\/wp\/v2\/product\/331051","targetHints":{"allow":["GET"]}}],"collection":[{"href":"https:\/\/poccky.com\/index.php\/wp-json\/wp\/v2\/product"}],"about":[{"href":"https:\/\/poccky.com\/index.php\/wp-json\/wp\/v2\/types\/product"}],"replies":[{"embeddable":true,"href":"https:\/\/poccky.com\/index.php\/wp-json\/wp\/v2\/comments?post=331051"}],"wp:featuredmedia":[{"embeddable":true,"href":"https:\/\/poccky.com\/index.php\/wp-json\/wp\/v2\/media\/304480"}],"wp:attachment":[{"href":"https:\/\/poccky.com\/index.php\/wp-json\/wp\/v2\/media?parent=331051"}],"wp:term":[{"taxonomy":"product_brand","embeddable":true,"href":"https:\/\/poccky.com\/index.php\/wp-json\/wp\/v2\/product_brand?post=331051"},{"taxonomy":"product_cat","embeddable":true,"href":"https:\/\/poccky.com\/index.php\/wp-json\/wp\/v2\/product_cat?post=331051"},{"taxonomy":"product_tag","embeddable":true,"href":"https:\/\/poccky.com\/index.php\/wp-json\/wp\/v2\/product_tag?post=331051"}],"curies":[{"name":"wp","href":"https:\/\/api.w.org\/{rel}","templated":true}]}}