{"id":329594,"date":"2023-11-04T16:25:04","date_gmt":"2023-11-04T16:25:04","guid":{"rendered":"https:\/\/poccky.com\/?post_type=product&#038;p=329594"},"modified":"2023-11-04T16:25:14","modified_gmt":"2023-11-04T16:25:14","slug":"asman-dubai","status":"publish","type":"product","link":"https:\/\/poccky.com\/index.php\/product\/asman-dubai\/","title":{"rendered":"Asman Dubai"},"content":{"rendered":"","protected":false},"excerpt":{"rendered":"<p>We Provide high-level pleasure. Our girls are from India. Pakistan . Morroco. Russia.  Ready for Dating . Dancin.G Drinkin.G Sex . Massage. Body to Body Massage and fulfill your demands. Satisfaction guaranteed  \u00d9\u02c6\u00d9\u2020\u00d8\u00ad\u00d9\u2020 \u00d9\u2020\u00d9\u201a\u00d8\u00af\u00d9\u2026 \u00d8\u00a7\u00d9\u201e\u00d9\u2026\u00d8\u00aa\u00d8\u00b9\u00d8\u00a9 \u00d8\u00b1\u00d9\u0081\u00d9\u0160\u00d8\u00b9 \u00d8\u00a7\u00d9\u201e\u00d9\u2026\u00d8\u00b3\u00d8\u00aa\u00d9\u02c6\u00d9\u2030. \u00d9\u201e\u00d8\u00af\u00d9\u0160\u00d9\u2020\u00d8\u00a7 \u00d8\u00a7\u00d9\u201e\u00d9\u0081\u00d8\u00aa\u00d9\u0160\u00d8\u00a7\u00d8\u00aa \u00d9\u2026\u00d9\u2020 \u00d8\u00a7\u00d9\u201e\u00d9\u2021\u00d9\u2020\u00d8\u00af \u00d9\u02c6\u00d8\u00a8\u00d8\u00a7\u00d9\u0192\u00d8\u00b3\u00d8\u00aa\u00d8\u00a7\u00d9\u2020 \u00d9\u02c6\u00d8\u00a7\u00d9\u201e\u00d9\u2026\u00d8\u00ba\u00d8\u00b1\u00d8\u00a8 \u00d9\u02c6\u00d8\u00b1\u00d9\u02c6\u00d8\u00b3\u00d9\u0160\u00d8\u00a7. \u00d8\u00ac\u00d8\u00a7\u00d9\u2021\u00d8\u00b2\u00d8\u00a9 \u00d9\u201e\u00d9\u201e\u00d8\u00aa\u00d8\u00b9\u00d8\u00a7\u00d8\u00b1\u00d9\u0081\u00d8\u0152 \u00d8\u00a7\u00d9\u201e\u00d8\u00b1\u00d9\u201a\u00d8\u00b5\u00d8\u0152 \u00d8\u00aa\u00d9\u2020\u00d8\u00a7\u00d9\u02c6\u00d9\u201e \u00d8\u00a7\u00d9\u201e\u00d9\u2026\u00d8\u00b4\u00d8\u00b1\u00d9\u02c6\u00d8\u00a8\u00d8\u00a7\u00d8\u00aa\u00d8\u0152 \u00d8\u00a7\u00d9\u201e\u00d8\u00ac\u00d9\u2020\u00d8\u00b3\u00d8\u0152 \u00d8\u00aa\u00d8\u00af\u00d9\u201e\u00d9\u0160\u00d9\u0192\u00d8\u0152 \u00d8\u00a7\u00d9\u201e\u00d8\u00ac\u00d8\u00b3\u00d9\u2026 \u00d9\u201e\u00d8\u00aa\u00d8\u00af\u00d9\u201e\u00d9\u0160\u00d9\u0192 \u00d8\u00a7\u00d9\u201e\u00d8\u00ac\u00d8\u00b3\u00d9\u2026 \u00d9\u02c6\u00d8\u00aa\u00d8\u00ad\u00d9\u201a\u00d9\u0160\u00d9\u201a \u00d9\u2026\u00d8\u00b7\u00d8\u00a7\u00d9\u201e\u00d8\u00a8\u00d9\u0192\u00d9\u2026. \u00d8\u00a7\u00d9\u201e\u00d8\u00a7\u00d8\u00b1\u00d8\u00aa\u00d9\u0160\u00d8\u00a7\u00d8\u00ad \u00d9\u2026\u00d8\u00b6\u00d9\u2026\u00d9\u02c6\u00d9\u2020\u00d8\u00a9 wanahn nuqaddim almuteat rafie almustawaa. ladayna alffttayat min alhind wabakistan walmaghrib warusia. jahizat lilttaearufa. alrruqus. tanawal almashrubata. aljuns. tdlyk. aljism litadlik aljism watahqiq matalibikum. alairtiah madmuna My details Below mentioned<\/p>\n<p>                Nationality:<br \/>\n                Arabic. Pakistani. Indian. Morrocan. Russian <\/p>\n<p>                Languages:<br \/>\n                English. Arabic. Urdu. Hindi<\/p>\n<p>                Age:<br \/>\n                20<\/p>\n<p>                Height:<br \/>\n                5&#8217;6<\/p>\n<p>                Weight:<br \/>\n                45-52<\/p>\n<p>                Hair:<br \/>\n                Long Blonde<\/p>\n<p>                Eyes:<br \/>\n                Brownphone_android Phone:<br \/>\n          971566389444<\/p>\n","protected":false},"featured_media":103858,"comment_status":"open","ping_status":"closed","template":"","meta":{"site-sidebar-layout":"default","site-content-layout":"","ast-site-content-layout":"","site-content-style":"default","site-sidebar-style":"default","ast-global-header-display":"","ast-banner-title-visibility":"","ast-main-header-display":"","ast-hfb-above-header-display":"","ast-hfb-below-header-display":"","ast-hfb-mobile-header-display":"","site-post-title":"","ast-breadcrumbs-content":"","ast-featured-img":"","footer-sml-layout":"","theme-transparent-header-meta":"","adv-header-id-meta":"","stick-header-meta":"","header-above-stick-meta":"","header-main-stick-meta":"","header-below-stick-meta":"","astra-migrate-meta-layouts":"default","ast-page-background-enabled":"default","ast-page-background-meta":{"desktop":{"background-color":"var(--ast-global-color-4)","background-image":"","background-repeat":"repeat","background-position":"center center","background-size":"auto","background-attachment":"scroll","background-type":"","background-media":"","overlay-type":"","overlay-color":"","overlay-opacity":"","overlay-gradient":""},"tablet":{"background-color":"","background-image":"","background-repeat":"repeat","background-position":"center center","background-size":"auto","background-attachment":"scroll","background-type":"","background-media":"","overlay-type":"","overlay-color":"","overlay-opacity":"","overlay-gradient":""},"mobile":{"background-color":"","background-image":"","background-repeat":"repeat","background-position":"center center","background-size":"auto","background-attachment":"scroll","background-type":"","background-media":"","overlay-type":"","overlay-color":"","overlay-opacity":"","overlay-gradient":""}},"ast-content-background-meta":{"desktop":{"background-color":"var(--ast-global-color-5)","background-image":"","background-repeat":"repeat","background-position":"center center","background-size":"auto","background-attachment":"scroll","background-type":"","background-media":"","overlay-type":"","overlay-color":"","overlay-opacity":"","overlay-gradient":""},"tablet":{"background-color":"var(--ast-global-color-5)","background-image":"","background-repeat":"repeat","background-position":"center center","background-size":"auto","background-attachment":"scroll","background-type":"","background-media":"","overlay-type":"","overlay-color":"","overlay-opacity":"","overlay-gradient":""},"mobile":{"background-color":"var(--ast-global-color-5)","background-image":"","background-repeat":"repeat","background-position":"center center","background-size":"auto","background-attachment":"scroll","background-type":"","background-media":"","overlay-type":"","overlay-color":"","overlay-opacity":"","overlay-gradient":""}}},"product_brand":[],"product_cat":[188,1145,815],"product_tag":[],"class_list":{"0":"post-329594","1":"product","2":"type-product","3":"status-publish","4":"has-post-thumbnail","6":"product_cat-freelancer","7":"product_cat-sharjah","8":"product_cat-uae","9":"desktop-align-left","10":"tablet-align-left","11":"mobile-align-left","13":"first","14":"instock","15":"shipping-taxable","16":"product-type-simple"},"_links":{"self":[{"href":"https:\/\/poccky.com\/index.php\/wp-json\/wp\/v2\/product\/329594","targetHints":{"allow":["GET"]}}],"collection":[{"href":"https:\/\/poccky.com\/index.php\/wp-json\/wp\/v2\/product"}],"about":[{"href":"https:\/\/poccky.com\/index.php\/wp-json\/wp\/v2\/types\/product"}],"replies":[{"embeddable":true,"href":"https:\/\/poccky.com\/index.php\/wp-json\/wp\/v2\/comments?post=329594"}],"wp:featuredmedia":[{"embeddable":true,"href":"https:\/\/poccky.com\/index.php\/wp-json\/wp\/v2\/media\/103858"}],"wp:attachment":[{"href":"https:\/\/poccky.com\/index.php\/wp-json\/wp\/v2\/media?parent=329594"}],"wp:term":[{"taxonomy":"product_brand","embeddable":true,"href":"https:\/\/poccky.com\/index.php\/wp-json\/wp\/v2\/product_brand?post=329594"},{"taxonomy":"product_cat","embeddable":true,"href":"https:\/\/poccky.com\/index.php\/wp-json\/wp\/v2\/product_cat?post=329594"},{"taxonomy":"product_tag","embeddable":true,"href":"https:\/\/poccky.com\/index.php\/wp-json\/wp\/v2\/product_tag?post=329594"}],"curies":[{"name":"wp","href":"https:\/\/api.w.org\/{rel}","templated":true}]}}