{"id":329154,"date":"2023-11-04T10:04:22","date_gmt":"2023-11-04T10:04:22","guid":{"rendered":"https:\/\/poccky.com\/?post_type=product&#038;p=329154"},"modified":"2023-11-04T10:04:24","modified_gmt":"2023-11-04T10:04:24","slug":"20271","status":"publish","type":"product","link":"https:\/\/poccky.com\/index.php\/product\/20271\/","title":{"rendered":"20271"},"content":{"rendered":"","protected":false},"excerpt":{"rendered":"<p>Bonjour et bienvenue sur mon profil.je suis Josiane charmante jeune femme tr\u00e8s douce.affectueuse et pleine d \u00e9nergie pour les hommes de bon gout.j&#8217;appr\u00e9cie les relations passionnelles et fusionnelles<br \/>\nLe choix parfait pour les monsieur qui appr\u00e9cient les meilleures choses dans la vie.<br \/>\nJe vous invite a passer des moments agr\u00e9ables et complices dans mon appartement prive propre et discret.<br \/>\nJe me d\u00e9place \u00e9galement.si vous souhaitez trouver une bonne compagnie.venez faire ma connaissance.<br \/>\nJe vous propose : UN BON MOMENT DE D\u00c9TENTE ET DE RELAXATION TOTALE.DE LONGS PR\u00c9LIMINAIRE.Cunnilingus.levrette.une bonne fellation gorge profond nature.<br \/>\nJ aime TOUTES POSITIONS VAGINAL. CARESSES 69 MASSAGE SENSUEL EMBRASE Je vous donnerais beaucoup de plaisir&#8230;Je re\u00e7ois avec plaisir les gentleman avec le respect et une<br \/>\nhygi\u00e8ne irr\u00e9prochable.la bonne humeur est indispensables a la r\u00e9ussite de notre RDV.<br \/>\nPour prendre rendez-vous veillez bien me contacter par Sms et Whatsapp au<\/p>\n<p>A BIENT\u00d4T DANS MES BRAS J\u2019ai un appartement s\u00e9curis\u00e9 et je me d\u00e9place \u00e9galement.n&#8217;oubliez pas de me dire depuis quel site vous m&#8217;aviez contacter. My details Below mentioned<\/p>\n<p>                Nationality:<br \/>\n                French <\/p>\n<p>                Languages:<br \/>\n                FrenchCompanionship rates:<\/p>\n<p>                  1 hour rate<br \/>\n                  100 EUR<\/p>\n<p>                  2 hours rate<br \/>\n                  150 EUR<\/p>\n<p>                  3 hours rate<br \/>\n                  250 EUR<\/p>\n<p>                  full night rate<br \/>\n                  600 EUR<\/p>\n","protected":false},"featured_media":298441,"comment_status":"open","ping_status":"closed","template":"","meta":{"site-sidebar-layout":"default","site-content-layout":"","ast-site-content-layout":"","site-content-style":"default","site-sidebar-style":"default","ast-global-header-display":"","ast-banner-title-visibility":"","ast-main-header-display":"","ast-hfb-above-header-display":"","ast-hfb-below-header-display":"","ast-hfb-mobile-header-display":"","site-post-title":"","ast-breadcrumbs-content":"","ast-featured-img":"","footer-sml-layout":"","theme-transparent-header-meta":"","adv-header-id-meta":"","stick-header-meta":"","header-above-stick-meta":"","header-main-stick-meta":"","header-below-stick-meta":"","astra-migrate-meta-layouts":"default","ast-page-background-enabled":"default","ast-page-background-meta":{"desktop":{"background-color":"var(--ast-global-color-4)","background-image":"","background-repeat":"repeat","background-position":"center center","background-size":"auto","background-attachment":"scroll","background-type":"","background-media":"","overlay-type":"","overlay-color":"","overlay-opacity":"","overlay-gradient":""},"tablet":{"background-color":"","background-image":"","background-repeat":"repeat","background-position":"center center","background-size":"auto","background-attachment":"scroll","background-type":"","background-media":"","overlay-type":"","overlay-color":"","overlay-opacity":"","overlay-gradient":""},"mobile":{"background-color":"","background-image":"","background-repeat":"repeat","background-position":"center center","background-size":"auto","background-attachment":"scroll","background-type":"","background-media":"","overlay-type":"","overlay-color":"","overlay-opacity":"","overlay-gradient":""}},"ast-content-background-meta":{"desktop":{"background-color":"var(--ast-global-color-5)","background-image":"","background-repeat":"repeat","background-position":"center center","background-size":"auto","background-attachment":"scroll","background-type":"","background-media":"","overlay-type":"","overlay-color":"","overlay-opacity":"","overlay-gradient":""},"tablet":{"background-color":"var(--ast-global-color-5)","background-image":"","background-repeat":"repeat","background-position":"center center","background-size":"auto","background-attachment":"scroll","background-type":"","background-media":"","overlay-type":"","overlay-color":"","overlay-opacity":"","overlay-gradient":""},"mobile":{"background-color":"var(--ast-global-color-5)","background-image":"","background-repeat":"repeat","background-position":"center center","background-size":"auto","background-attachment":"scroll","background-type":"","background-media":"","overlay-type":"","overlay-color":"","overlay-opacity":"","overlay-gradient":""}}},"product_brand":[],"product_cat":[244,188,1118],"product_tag":[],"class_list":{"0":"post-329154","1":"product","2":"type-product","3":"status-publish","4":"has-post-thumbnail","6":"product_cat-france","7":"product_cat-freelancer","8":"product_cat-paris","9":"desktop-align-left","10":"tablet-align-left","11":"mobile-align-left","13":"first","14":"instock","15":"shipping-taxable","16":"product-type-simple"},"_links":{"self":[{"href":"https:\/\/poccky.com\/index.php\/wp-json\/wp\/v2\/product\/329154","targetHints":{"allow":["GET"]}}],"collection":[{"href":"https:\/\/poccky.com\/index.php\/wp-json\/wp\/v2\/product"}],"about":[{"href":"https:\/\/poccky.com\/index.php\/wp-json\/wp\/v2\/types\/product"}],"replies":[{"embeddable":true,"href":"https:\/\/poccky.com\/index.php\/wp-json\/wp\/v2\/comments?post=329154"}],"wp:featuredmedia":[{"embeddable":true,"href":"https:\/\/poccky.com\/index.php\/wp-json\/wp\/v2\/media\/298441"}],"wp:attachment":[{"href":"https:\/\/poccky.com\/index.php\/wp-json\/wp\/v2\/media?parent=329154"}],"wp:term":[{"taxonomy":"product_brand","embeddable":true,"href":"https:\/\/poccky.com\/index.php\/wp-json\/wp\/v2\/product_brand?post=329154"},{"taxonomy":"product_cat","embeddable":true,"href":"https:\/\/poccky.com\/index.php\/wp-json\/wp\/v2\/product_cat?post=329154"},{"taxonomy":"product_tag","embeddable":true,"href":"https:\/\/poccky.com\/index.php\/wp-json\/wp\/v2\/product_tag?post=329154"}],"curies":[{"name":"wp","href":"https:\/\/api.w.org\/{rel}","templated":true}]}}