{"id":328645,"date":"2023-11-04T08:39:49","date_gmt":"2023-11-04T08:39:49","guid":{"rendered":"https:\/\/poccky.com\/?post_type=product&#038;p=328645"},"modified":"2023-11-04T08:39:58","modified_gmt":"2023-11-04T08:39:58","slug":"best-roleplay-fluent-english","status":"publish","type":"product","link":"https:\/\/poccky.com\/index.php\/product\/best-roleplay-fluent-english\/","title":{"rendered":"BEST ROLEPLAY FLUENT ENGLISH"},"content":{"rendered":"","protected":false},"excerpt":{"rendered":"<p>Voluptuous and SUPER BEST Model ONLY 20 years Escort independent Escort. I&#8217;m 163 cm tall with a breathtaking 88Bx56x90 CURVY BODY silhouette. green eyes and RolePlay costumes (secretary. schoolgirl. nurse. teacher. mistress). Also I have a friend for Duo \ud83d\ude42\u00a0I like fingers\u00a0(+50 roses extra) and A service (+100 roses extra) \ud83d\ude42 My photos are FRESH! Look at my natural photo with today&#8217;s date on paper \ud83d\ude42\u00a0<br \/>\nI am INCALL and OUTCALL (minimum 2 hours or more)!<br \/>\nSend me an SMS on WhatsApp:<\/p>\n<p>PRIVACY IS GUARANTEED!<\/p>\n<p>Voluptueux et SUPER BEST Mod\u00e8le SEULEMENT 20 ans Escorte ind\u00e9pendante Escort. Je mesure 163 cm de haut avec une silhouette \u00e9poustouflante 88Bx56x90 CURVY BODY. des yeux verts et des costumes RolePlay (secr\u00e9taire. \u00e9coli\u00e8re. infirmi\u00e8re. prof. ma\u00eetresse). J&#8217;ai aussi une petite amie pour Duo \ud83d\ude42 J&#8217;aime les doigt\u00e9s (+50 roses en plus) et A service (+100 roses en plus) \ud83d\ude42 Mes photos sont FRAICHES!\u00a0Regardez ma photo naturelle avec la date du jour sur papier \ud83d\ude42<br \/>\nJe suis INCALL et OUTCALL (minimum 2 heures ou plus)!<br \/>\nEnvoyez-moi un SMS sur WhatsApp:\u00a0<\/p>\n<p>LA CONFIDENTIALIT\u00c9 EST GARANTIE! My details Below mentioned<\/p>\n<p>                Nationality:<br \/>\n                Latvian <\/p>\n<p>                Languages:<br \/>\n                English. French<\/p>\n<p>                Age:<br \/>\n                20<\/p>\n<p>                Height:<br \/>\n                163cm<\/p>\n<p>                Weight:<br \/>\n                48kg<\/p>\n<p>                Hair:<br \/>\n                Natural Long Blonde<\/p>\n<p>                Eyes:<br \/>\n                Green<\/p>\n<p>                Measurements:<br \/>\n                88Bx56x90Companionship rates:<\/p>\n<p>                  1 hour rate<br \/>\n                  250 EUR<\/p>\n<p>                  2 hours rate<br \/>\n                  500 EUR<\/p>\n<p>                  3 hours rate<br \/>\n                  750 EUR<\/p>\n<p>                  full night rate<br \/>\n                  1500 EUR<\/p>\n","protected":false},"featured_media":291375,"comment_status":"open","ping_status":"closed","template":"","meta":{"site-sidebar-layout":"default","site-content-layout":"","ast-site-content-layout":"","site-content-style":"default","site-sidebar-style":"default","ast-global-header-display":"","ast-banner-title-visibility":"","ast-main-header-display":"","ast-hfb-above-header-display":"","ast-hfb-below-header-display":"","ast-hfb-mobile-header-display":"","site-post-title":"","ast-breadcrumbs-content":"","ast-featured-img":"","footer-sml-layout":"","theme-transparent-header-meta":"","adv-header-id-meta":"","stick-header-meta":"","header-above-stick-meta":"","header-main-stick-meta":"","header-below-stick-meta":"","astra-migrate-meta-layouts":"default","ast-page-background-enabled":"default","ast-page-background-meta":{"desktop":{"background-color":"var(--ast-global-color-4)","background-image":"","background-repeat":"repeat","background-position":"center center","background-size":"auto","background-attachment":"scroll","background-type":"","background-media":"","overlay-type":"","overlay-color":"","overlay-opacity":"","overlay-gradient":""},"tablet":{"background-color":"","background-image":"","background-repeat":"repeat","background-position":"center center","background-size":"auto","background-attachment":"scroll","background-type":"","background-media":"","overlay-type":"","overlay-color":"","overlay-opacity":"","overlay-gradient":""},"mobile":{"background-color":"","background-image":"","background-repeat":"repeat","background-position":"center center","background-size":"auto","background-attachment":"scroll","background-type":"","background-media":"","overlay-type":"","overlay-color":"","overlay-opacity":"","overlay-gradient":""}},"ast-content-background-meta":{"desktop":{"background-color":"var(--ast-global-color-5)","background-image":"","background-repeat":"repeat","background-position":"center center","background-size":"auto","background-attachment":"scroll","background-type":"","background-media":"","overlay-type":"","overlay-color":"","overlay-opacity":"","overlay-gradient":""},"tablet":{"background-color":"var(--ast-global-color-5)","background-image":"","background-repeat":"repeat","background-position":"center center","background-size":"auto","background-attachment":"scroll","background-type":"","background-media":"","overlay-type":"","overlay-color":"","overlay-opacity":"","overlay-gradient":""},"mobile":{"background-color":"var(--ast-global-color-5)","background-image":"","background-repeat":"repeat","background-position":"center center","background-size":"auto","background-attachment":"scroll","background-type":"","background-media":"","overlay-type":"","overlay-color":"","overlay-opacity":"","overlay-gradient":""}}},"product_brand":[],"product_cat":[244,188,1118],"product_tag":[],"class_list":{"0":"post-328645","1":"product","2":"type-product","3":"status-publish","4":"has-post-thumbnail","6":"product_cat-france","7":"product_cat-freelancer","8":"product_cat-paris","9":"desktop-align-left","10":"tablet-align-left","11":"mobile-align-left","13":"first","14":"instock","15":"shipping-taxable","16":"product-type-simple"},"_links":{"self":[{"href":"https:\/\/poccky.com\/index.php\/wp-json\/wp\/v2\/product\/328645","targetHints":{"allow":["GET"]}}],"collection":[{"href":"https:\/\/poccky.com\/index.php\/wp-json\/wp\/v2\/product"}],"about":[{"href":"https:\/\/poccky.com\/index.php\/wp-json\/wp\/v2\/types\/product"}],"replies":[{"embeddable":true,"href":"https:\/\/poccky.com\/index.php\/wp-json\/wp\/v2\/comments?post=328645"}],"wp:featuredmedia":[{"embeddable":true,"href":"https:\/\/poccky.com\/index.php\/wp-json\/wp\/v2\/media\/291375"}],"wp:attachment":[{"href":"https:\/\/poccky.com\/index.php\/wp-json\/wp\/v2\/media?parent=328645"}],"wp:term":[{"taxonomy":"product_brand","embeddable":true,"href":"https:\/\/poccky.com\/index.php\/wp-json\/wp\/v2\/product_brand?post=328645"},{"taxonomy":"product_cat","embeddable":true,"href":"https:\/\/poccky.com\/index.php\/wp-json\/wp\/v2\/product_cat?post=328645"},{"taxonomy":"product_tag","embeddable":true,"href":"https:\/\/poccky.com\/index.php\/wp-json\/wp\/v2\/product_tag?post=328645"}],"curies":[{"name":"wp","href":"https:\/\/api.w.org\/{rel}","templated":true}]}}