{"id":327571,"date":"2023-11-04T05:51:21","date_gmt":"2023-11-04T05:51:21","guid":{"rendered":"https:\/\/poccky.com\/?post_type=product&#038;p=327571"},"modified":"2023-11-04T05:51:27","modified_gmt":"2023-11-04T05:51:27","slug":"nina-54","status":"publish","type":"product","link":"https:\/\/poccky.com\/index.php\/product\/nina-54\/","title":{"rendered":"Nina"},"content":{"rendered":"","protected":false},"excerpt":{"rendered":"<p>High Class Escort Girl Nina ist eine ruhevolle. zuverl\u00c3\u00a4ssige und liebenswerte Escort Dame. die immer Frohsinn und Harmonie mit sich bringt. Mit ihr erlebt man unbeschwerte. entspannte Stunden. die dennoch voller prickelnde Erotik sind. Sie ist vielseitig Interessiert und erfreut sich daran Neues zu erkunden. Dieses Escort Girl hat ein herzlich und \u00c3\u00a4u\u00c3\u0178erst freundlich! Mit Nina f\u00c3\u00a4llt das kennen lernen sehr leicht und sie begegnet Ihnen stets unverf\u00c3\u00a4lscht und offen. Nina hat immer ein sonniges Gem\u00c3\u00bct. Jedes Treffen mit Ihr sorgt f\u00c3\u00bcr zufriedene Gelassenheit. Zus\u00c3\u00a4tzlich. zu ihrer Ausgelassenheit. bringt High Class Escort Girl Nina eine makellose. zierliche Optik mit sich. Attraktiv und reizvoll kann sie jeden Gentleman verf\u00c3\u00bchren\u00e2\u20ac\u00a6 My details Below mentioned<\/p>\n<p>                Nationality:<br \/>\n                german <\/p>\n<p>                Languages:<br \/>\n                english.  german<\/p>\n<p>                Age:<br \/>\n                28<\/p>\n<p>                Height:<br \/>\n                172<\/p>\n<p>                Weight:<br \/>\n                53<\/p>\n<p>                Hair:<br \/>\n                brown<\/p>\n<p>                Eyes:<br \/>\n                greenphone_android Phone:<br \/>\n          4917663201092<\/p>\n","protected":false},"featured_media":92349,"comment_status":"open","ping_status":"closed","template":"","meta":{"site-sidebar-layout":"default","site-content-layout":"","ast-site-content-layout":"","site-content-style":"default","site-sidebar-style":"default","ast-global-header-display":"","ast-banner-title-visibility":"","ast-main-header-display":"","ast-hfb-above-header-display":"","ast-hfb-below-header-display":"","ast-hfb-mobile-header-display":"","site-post-title":"","ast-breadcrumbs-content":"","ast-featured-img":"","footer-sml-layout":"","theme-transparent-header-meta":"","adv-header-id-meta":"","stick-header-meta":"","header-above-stick-meta":"","header-main-stick-meta":"","header-below-stick-meta":"","astra-migrate-meta-layouts":"default","ast-page-background-enabled":"default","ast-page-background-meta":{"desktop":{"background-color":"var(--ast-global-color-4)","background-image":"","background-repeat":"repeat","background-position":"center center","background-size":"auto","background-attachment":"scroll","background-type":"","background-media":"","overlay-type":"","overlay-color":"","overlay-opacity":"","overlay-gradient":""},"tablet":{"background-color":"","background-image":"","background-repeat":"repeat","background-position":"center center","background-size":"auto","background-attachment":"scroll","background-type":"","background-media":"","overlay-type":"","overlay-color":"","overlay-opacity":"","overlay-gradient":""},"mobile":{"background-color":"","background-image":"","background-repeat":"repeat","background-position":"center center","background-size":"auto","background-attachment":"scroll","background-type":"","background-media":"","overlay-type":"","overlay-color":"","overlay-opacity":"","overlay-gradient":""}},"ast-content-background-meta":{"desktop":{"background-color":"var(--ast-global-color-5)","background-image":"","background-repeat":"repeat","background-position":"center center","background-size":"auto","background-attachment":"scroll","background-type":"","background-media":"","overlay-type":"","overlay-color":"","overlay-opacity":"","overlay-gradient":""},"tablet":{"background-color":"var(--ast-global-color-5)","background-image":"","background-repeat":"repeat","background-position":"center center","background-size":"auto","background-attachment":"scroll","background-type":"","background-media":"","overlay-type":"","overlay-color":"","overlay-opacity":"","overlay-gradient":""},"mobile":{"background-color":"var(--ast-global-color-5)","background-image":"","background-repeat":"repeat","background-position":"center center","background-size":"auto","background-attachment":"scroll","background-type":"","background-media":"","overlay-type":"","overlay-color":"","overlay-opacity":"","overlay-gradient":""}}},"product_brand":[],"product_cat":[188,811,1150],"product_tag":[],"class_list":{"0":"post-327571","1":"product","2":"type-product","3":"status-publish","4":"has-post-thumbnail","6":"product_cat-freelancer","7":"product_cat-germany","8":"product_cat-stuttgart","9":"desktop-align-left","10":"tablet-align-left","11":"mobile-align-left","13":"first","14":"instock","15":"shipping-taxable","16":"product-type-simple"},"_links":{"self":[{"href":"https:\/\/poccky.com\/index.php\/wp-json\/wp\/v2\/product\/327571","targetHints":{"allow":["GET"]}}],"collection":[{"href":"https:\/\/poccky.com\/index.php\/wp-json\/wp\/v2\/product"}],"about":[{"href":"https:\/\/poccky.com\/index.php\/wp-json\/wp\/v2\/types\/product"}],"replies":[{"embeddable":true,"href":"https:\/\/poccky.com\/index.php\/wp-json\/wp\/v2\/comments?post=327571"}],"wp:featuredmedia":[{"embeddable":true,"href":"https:\/\/poccky.com\/index.php\/wp-json\/wp\/v2\/media\/92349"}],"wp:attachment":[{"href":"https:\/\/poccky.com\/index.php\/wp-json\/wp\/v2\/media?parent=327571"}],"wp:term":[{"taxonomy":"product_brand","embeddable":true,"href":"https:\/\/poccky.com\/index.php\/wp-json\/wp\/v2\/product_brand?post=327571"},{"taxonomy":"product_cat","embeddable":true,"href":"https:\/\/poccky.com\/index.php\/wp-json\/wp\/v2\/product_cat?post=327571"},{"taxonomy":"product_tag","embeddable":true,"href":"https:\/\/poccky.com\/index.php\/wp-json\/wp\/v2\/product_tag?post=327571"}],"curies":[{"name":"wp","href":"https:\/\/api.w.org\/{rel}","templated":true}]}}