{"id":327484,"date":"2023-11-04T05:37:40","date_gmt":"2023-11-04T05:37:40","guid":{"rendered":"https:\/\/poccky.com\/?post_type=product&#038;p=327484"},"modified":"2023-11-04T05:37:49","modified_gmt":"2023-11-04T05:37:49","slug":"romy-weiler","status":"publish","type":"product","link":"https:\/\/poccky.com\/index.php\/product\/romy-weiler\/","title":{"rendered":"Romy Weiler"},"content":{"rendered":"","protected":false},"excerpt":{"rendered":"<p>Romy ist eine klassische. vollbusige Sch\u00c3\u00b6nheit. die trotzdem nicht mir ihren knackigen Kurven geizt. Denn auch mit ihren 40 Jahren hat diese Granate noch einen echten Traumk\u00c3\u00b6rper vorzuweisen. den sie zudem sehr stilsicher einzukleiden wei\u00c3\u0178. Neben den M\u00c3\u00a4nnern ist die Mode die ganz gro\u00c3\u0178e Leidenschaft von Romy. die mit ihrer offenen und einladenden Art daf\u00c3\u00bcr sorgt. dass Sie sich gleich bei ihr rundum wohlf\u00c3\u00bchlen werden. Romy hat schon so manch lustvolles Abenteuer erlebt und ist ihren hocherotischen W\u00c3\u00bcnschen gegen\u00c3\u00bcber daher sehr neugierig. Setzen Sie ihre geheimsten Fantasien mit Romy endlich in die Tat um.  Bei einer Ganzk\u00c3\u00b6rpermassage. die diese sinnliche Grazie mit viel Fingerspitzengef\u00c3\u00bchl durchf\u00c3\u00bchrt. werden Sie nur so dahinschmelzen. Sehns\u00c3\u00bcchtig fiebert die sinnliche Sch\u00c3\u00b6nheit der n\u00c3\u00a4chsten Liebesnacht mit Ihnen entgegen. in denen sie ihre K\u00c3\u00bcnste in den Dienste Ihrer Luststeigerung stellen darf. Denn nur wenn Sie den H\u00c3\u00b6hepunkt Ihres Lebens erleben. ist Romy mit sich zufrieden. Ihre Zungenfertigkeit wird Sie dabei geradezu in den siebten Himmel der Ekstase befl\u00c3\u00bcgeln. My details Below mentioned<\/p>\n<p>                Nationality:<br \/>\n                german <\/p>\n<p>                Languages:<br \/>\n                german.  english<\/p>\n<p>                Age:<br \/>\n                40<\/p>\n<p>                Height:<br \/>\n                166 cm<\/p>\n<p>                Weight:<br \/>\n                58kg<\/p>\n<p>                Hair:<br \/>\n                long black<\/p>\n<p>                Eyes:<br \/>\n                blue<\/p>\n<p>                Measurements:<br \/>\n                92-61-98phone_android Phone:<br \/>\n          491746644659<\/p>\n","protected":false},"featured_media":101721,"comment_status":"open","ping_status":"closed","template":"","meta":{"site-sidebar-layout":"default","site-content-layout":"","ast-site-content-layout":"","site-content-style":"default","site-sidebar-style":"default","ast-global-header-display":"","ast-banner-title-visibility":"","ast-main-header-display":"","ast-hfb-above-header-display":"","ast-hfb-below-header-display":"","ast-hfb-mobile-header-display":"","site-post-title":"","ast-breadcrumbs-content":"","ast-featured-img":"","footer-sml-layout":"","theme-transparent-header-meta":"","adv-header-id-meta":"","stick-header-meta":"","header-above-stick-meta":"","header-main-stick-meta":"","header-below-stick-meta":"","astra-migrate-meta-layouts":"default","ast-page-background-enabled":"default","ast-page-background-meta":{"desktop":{"background-color":"var(--ast-global-color-4)","background-image":"","background-repeat":"repeat","background-position":"center center","background-size":"auto","background-attachment":"scroll","background-type":"","background-media":"","overlay-type":"","overlay-color":"","overlay-opacity":"","overlay-gradient":""},"tablet":{"background-color":"","background-image":"","background-repeat":"repeat","background-position":"center center","background-size":"auto","background-attachment":"scroll","background-type":"","background-media":"","overlay-type":"","overlay-color":"","overlay-opacity":"","overlay-gradient":""},"mobile":{"background-color":"","background-image":"","background-repeat":"repeat","background-position":"center center","background-size":"auto","background-attachment":"scroll","background-type":"","background-media":"","overlay-type":"","overlay-color":"","overlay-opacity":"","overlay-gradient":""}},"ast-content-background-meta":{"desktop":{"background-color":"var(--ast-global-color-5)","background-image":"","background-repeat":"repeat","background-position":"center center","background-size":"auto","background-attachment":"scroll","background-type":"","background-media":"","overlay-type":"","overlay-color":"","overlay-opacity":"","overlay-gradient":""},"tablet":{"background-color":"var(--ast-global-color-5)","background-image":"","background-repeat":"repeat","background-position":"center center","background-size":"auto","background-attachment":"scroll","background-type":"","background-media":"","overlay-type":"","overlay-color":"","overlay-opacity":"","overlay-gradient":""},"mobile":{"background-color":"var(--ast-global-color-5)","background-image":"","background-repeat":"repeat","background-position":"center center","background-size":"auto","background-attachment":"scroll","background-type":"","background-media":"","overlay-type":"","overlay-color":"","overlay-opacity":"","overlay-gradient":""}}},"product_brand":[],"product_cat":[188,811,1150],"product_tag":[],"class_list":{"0":"post-327484","1":"product","2":"type-product","3":"status-publish","4":"has-post-thumbnail","6":"product_cat-freelancer","7":"product_cat-germany","8":"product_cat-stuttgart","9":"desktop-align-left","10":"tablet-align-left","11":"mobile-align-left","13":"first","14":"instock","15":"shipping-taxable","16":"product-type-simple"},"_links":{"self":[{"href":"https:\/\/poccky.com\/index.php\/wp-json\/wp\/v2\/product\/327484","targetHints":{"allow":["GET"]}}],"collection":[{"href":"https:\/\/poccky.com\/index.php\/wp-json\/wp\/v2\/product"}],"about":[{"href":"https:\/\/poccky.com\/index.php\/wp-json\/wp\/v2\/types\/product"}],"replies":[{"embeddable":true,"href":"https:\/\/poccky.com\/index.php\/wp-json\/wp\/v2\/comments?post=327484"}],"wp:featuredmedia":[{"embeddable":true,"href":"https:\/\/poccky.com\/index.php\/wp-json\/wp\/v2\/media\/101721"}],"wp:attachment":[{"href":"https:\/\/poccky.com\/index.php\/wp-json\/wp\/v2\/media?parent=327484"}],"wp:term":[{"taxonomy":"product_brand","embeddable":true,"href":"https:\/\/poccky.com\/index.php\/wp-json\/wp\/v2\/product_brand?post=327484"},{"taxonomy":"product_cat","embeddable":true,"href":"https:\/\/poccky.com\/index.php\/wp-json\/wp\/v2\/product_cat?post=327484"},{"taxonomy":"product_tag","embeddable":true,"href":"https:\/\/poccky.com\/index.php\/wp-json\/wp\/v2\/product_tag?post=327484"}],"curies":[{"name":"wp","href":"https:\/\/api.w.org\/{rel}","templated":true}]}}