{"id":326420,"date":"2023-11-04T02:52:48","date_gmt":"2023-11-04T02:52:48","guid":{"rendered":"https:\/\/poccky.com\/?post_type=product&#038;p=326420"},"modified":"2023-11-04T02:52:55","modified_gmt":"2023-11-04T02:52:55","slug":"hej-jag-r-sarah-visit-me","status":"publish","type":"product","link":"https:\/\/poccky.com\/index.php\/product\/hej-jag-r-sarah-visit-me\/","title":{"rendered":"Hej jag r Sarah Visit Me"},"content":{"rendered":"","protected":false},"excerpt":{"rendered":"<p>Ung och sugen p\u00e5 att utveckla mina sexuella erfarenheter men det g\u00e4ller ju att hitta n\u00e5gon som \u00e4r lika galen som mi.G \u00e5lder \u00e4r inte s\u00e5 viktigt f\u00f6r mig utan mer att det k\u00e4nns r\u00e4tt mellan oss. Jag \u00e4r \u00f6ppen f\u00f6r att testa det mesta med r\u00e4tt man. s\u00e5 om du k\u00e4nner att du skulle kunna vara den mannen som jag saknar i mitt liv f\u00f6r att kunna uppleva mina sexuella dr\u00f6mmar med s\u00e5 h\u00f6r av dig<br \/>\nMeddela mig h\u00e4r om du vill tr\u00e4ffa mig: https:\/\/s.id\/5fGkK My details Below mentioned<\/p>\n<p>                Nationality:<br \/>\n                Swedish <\/p>\n<p>                Languages:<br \/>\n                English. Swedish<\/p>\n<p>                Age:<br \/>\n                21<\/p>\n<p>                Height:<br \/>\n                156<\/p>\n<p>                Weight:<br \/>\n                56<\/p>\n<p>                Hair:<br \/>\n                brown<\/p>\n<p>                Eyes:<br \/>\n                blue<\/p>\n","protected":false},"featured_media":282862,"comment_status":"open","ping_status":"closed","template":"","meta":{"site-sidebar-layout":"default","site-content-layout":"","ast-site-content-layout":"","site-content-style":"default","site-sidebar-style":"default","ast-global-header-display":"","ast-banner-title-visibility":"","ast-main-header-display":"","ast-hfb-above-header-display":"","ast-hfb-below-header-display":"","ast-hfb-mobile-header-display":"","site-post-title":"","ast-breadcrumbs-content":"","ast-featured-img":"","footer-sml-layout":"","theme-transparent-header-meta":"","adv-header-id-meta":"","stick-header-meta":"","header-above-stick-meta":"","header-main-stick-meta":"","header-below-stick-meta":"","astra-migrate-meta-layouts":"default","ast-page-background-enabled":"default","ast-page-background-meta":{"desktop":{"background-color":"var(--ast-global-color-4)","background-image":"","background-repeat":"repeat","background-position":"center center","background-size":"auto","background-attachment":"scroll","background-type":"","background-media":"","overlay-type":"","overlay-color":"","overlay-opacity":"","overlay-gradient":""},"tablet":{"background-color":"","background-image":"","background-repeat":"repeat","background-position":"center center","background-size":"auto","background-attachment":"scroll","background-type":"","background-media":"","overlay-type":"","overlay-color":"","overlay-opacity":"","overlay-gradient":""},"mobile":{"background-color":"","background-image":"","background-repeat":"repeat","background-position":"center center","background-size":"auto","background-attachment":"scroll","background-type":"","background-media":"","overlay-type":"","overlay-color":"","overlay-opacity":"","overlay-gradient":""}},"ast-content-background-meta":{"desktop":{"background-color":"var(--ast-global-color-5)","background-image":"","background-repeat":"repeat","background-position":"center center","background-size":"auto","background-attachment":"scroll","background-type":"","background-media":"","overlay-type":"","overlay-color":"","overlay-opacity":"","overlay-gradient":""},"tablet":{"background-color":"var(--ast-global-color-5)","background-image":"","background-repeat":"repeat","background-position":"center center","background-size":"auto","background-attachment":"scroll","background-type":"","background-media":"","overlay-type":"","overlay-color":"","overlay-opacity":"","overlay-gradient":""},"mobile":{"background-color":"var(--ast-global-color-5)","background-image":"","background-repeat":"repeat","background-position":"center center","background-size":"auto","background-attachment":"scroll","background-type":"","background-media":"","overlay-type":"","overlay-color":"","overlay-opacity":"","overlay-gradient":""}}},"product_brand":[],"product_cat":[188,1115,957],"product_tag":[],"class_list":{"0":"post-326420","1":"product","2":"type-product","3":"status-publish","4":"has-post-thumbnail","6":"product_cat-freelancer","7":"product_cat-stockholm","8":"product_cat-sweden","9":"desktop-align-left","10":"tablet-align-left","11":"mobile-align-left","13":"first","14":"instock","15":"shipping-taxable","16":"product-type-simple"},"_links":{"self":[{"href":"https:\/\/poccky.com\/index.php\/wp-json\/wp\/v2\/product\/326420","targetHints":{"allow":["GET"]}}],"collection":[{"href":"https:\/\/poccky.com\/index.php\/wp-json\/wp\/v2\/product"}],"about":[{"href":"https:\/\/poccky.com\/index.php\/wp-json\/wp\/v2\/types\/product"}],"replies":[{"embeddable":true,"href":"https:\/\/poccky.com\/index.php\/wp-json\/wp\/v2\/comments?post=326420"}],"wp:featuredmedia":[{"embeddable":true,"href":"https:\/\/poccky.com\/index.php\/wp-json\/wp\/v2\/media\/282862"}],"wp:attachment":[{"href":"https:\/\/poccky.com\/index.php\/wp-json\/wp\/v2\/media?parent=326420"}],"wp:term":[{"taxonomy":"product_brand","embeddable":true,"href":"https:\/\/poccky.com\/index.php\/wp-json\/wp\/v2\/product_brand?post=326420"},{"taxonomy":"product_cat","embeddable":true,"href":"https:\/\/poccky.com\/index.php\/wp-json\/wp\/v2\/product_cat?post=326420"},{"taxonomy":"product_tag","embeddable":true,"href":"https:\/\/poccky.com\/index.php\/wp-json\/wp\/v2\/product_tag?post=326420"}],"curies":[{"name":"wp","href":"https:\/\/api.w.org\/{rel}","templated":true}]}}