{"id":326109,"date":"2023-11-04T02:04:40","date_gmt":"2023-11-04T02:04:40","guid":{"rendered":"https:\/\/poccky.com\/?post_type=product&#038;p=326109"},"modified":"2023-11-04T02:04:48","modified_gmt":"2023-11-04T02:04:48","slug":"agustin-young-top-19x6-palermo","status":"publish","type":"product","link":"https:\/\/poccky.com\/index.php\/product\/agustin-young-top-19x6-palermo\/","title":{"rendered":"Agustin Young Top 19&#215;6 Palermo"},"content":{"rendered":"","protected":false},"excerpt":{"rendered":"<p>Agust\u00edn. 24 yrs old student living in Buenos Aires. I&#8217;m versatile. more a top.I like to hook up. kissin.G and fast pumping lol I also enjoy role-playing games. I go to hotel rooms or residentials.<br \/>\nI only reply on Whatsapp. Wanna meet?<\/p>\n<p>Soy Agust\u00edn. 24 a\u00f1os. de visita por Capital. Soy vers\u00e1til. m\u00e1s activo. muy aguantador. Me gusta mucho la franela. los besos. el juego de roles. Me gusta mucho coger Hago hoteles o domicilios.<br \/>\nS\u00f3lo contesto por whatsapp. Nos vemos? My details Below mentioned<\/p>\n<p>                Nationality:<br \/>\n                Argentinean <\/p>\n<p>                Languages:<br \/>\n                Spanish<\/p>\n<p>                Age:<br \/>\n                4<\/p>\n<p>                Height:<br \/>\n                175<\/p>\n<p>                Weight:<br \/>\n                65 <\/p>\n<p>                Hair:<br \/>\n                short brown<\/p>\n<p>                Eyes:<br \/>\n                brownphone_android Phone:<br \/>\n          2236328047Companionship rates:<\/p>\n<p>                  1 hour rate<br \/>\n                  100 USD<\/p>\n<p>                  2 hours rate<br \/>\n                  170 USD<\/p>\n<p>                  3 hours rate<br \/>\n                  250 USD<\/p>\n<p>                  full night rate<br \/>\n                  500 USD<\/p>\n","protected":false},"featured_media":280338,"comment_status":"open","ping_status":"closed","template":"","meta":{"site-sidebar-layout":"default","site-content-layout":"","ast-site-content-layout":"","site-content-style":"default","site-sidebar-style":"default","ast-global-header-display":"","ast-banner-title-visibility":"","ast-main-header-display":"","ast-hfb-above-header-display":"","ast-hfb-below-header-display":"","ast-hfb-mobile-header-display":"","site-post-title":"","ast-breadcrumbs-content":"","ast-featured-img":"","footer-sml-layout":"","theme-transparent-header-meta":"","adv-header-id-meta":"","stick-header-meta":"","header-above-stick-meta":"","header-main-stick-meta":"","header-below-stick-meta":"","astra-migrate-meta-layouts":"default","ast-page-background-enabled":"default","ast-page-background-meta":{"desktop":{"background-color":"var(--ast-global-color-4)","background-image":"","background-repeat":"repeat","background-position":"center center","background-size":"auto","background-attachment":"scroll","background-type":"","background-media":"","overlay-type":"","overlay-color":"","overlay-opacity":"","overlay-gradient":""},"tablet":{"background-color":"","background-image":"","background-repeat":"repeat","background-position":"center center","background-size":"auto","background-attachment":"scroll","background-type":"","background-media":"","overlay-type":"","overlay-color":"","overlay-opacity":"","overlay-gradient":""},"mobile":{"background-color":"","background-image":"","background-repeat":"repeat","background-position":"center center","background-size":"auto","background-attachment":"scroll","background-type":"","background-media":"","overlay-type":"","overlay-color":"","overlay-opacity":"","overlay-gradient":""}},"ast-content-background-meta":{"desktop":{"background-color":"var(--ast-global-color-5)","background-image":"","background-repeat":"repeat","background-position":"center center","background-size":"auto","background-attachment":"scroll","background-type":"","background-media":"","overlay-type":"","overlay-color":"","overlay-opacity":"","overlay-gradient":""},"tablet":{"background-color":"var(--ast-global-color-5)","background-image":"","background-repeat":"repeat","background-position":"center center","background-size":"auto","background-attachment":"scroll","background-type":"","background-media":"","overlay-type":"","overlay-color":"","overlay-opacity":"","overlay-gradient":""},"mobile":{"background-color":"var(--ast-global-color-5)","background-image":"","background-repeat":"repeat","background-position":"center center","background-size":"auto","background-attachment":"scroll","background-type":"","background-media":"","overlay-type":"","overlay-color":"","overlay-opacity":"","overlay-gradient":""}}},"product_brand":[],"product_cat":[823,1132,188],"product_tag":[],"class_list":{"0":"post-326109","1":"product","2":"type-product","3":"status-publish","4":"has-post-thumbnail","6":"product_cat-argentina","7":"product_cat-buenos-aires","8":"product_cat-freelancer","9":"desktop-align-left","10":"tablet-align-left","11":"mobile-align-left","13":"first","14":"instock","15":"shipping-taxable","16":"product-type-simple"},"_links":{"self":[{"href":"https:\/\/poccky.com\/index.php\/wp-json\/wp\/v2\/product\/326109","targetHints":{"allow":["GET"]}}],"collection":[{"href":"https:\/\/poccky.com\/index.php\/wp-json\/wp\/v2\/product"}],"about":[{"href":"https:\/\/poccky.com\/index.php\/wp-json\/wp\/v2\/types\/product"}],"replies":[{"embeddable":true,"href":"https:\/\/poccky.com\/index.php\/wp-json\/wp\/v2\/comments?post=326109"}],"wp:featuredmedia":[{"embeddable":true,"href":"https:\/\/poccky.com\/index.php\/wp-json\/wp\/v2\/media\/280338"}],"wp:attachment":[{"href":"https:\/\/poccky.com\/index.php\/wp-json\/wp\/v2\/media?parent=326109"}],"wp:term":[{"taxonomy":"product_brand","embeddable":true,"href":"https:\/\/poccky.com\/index.php\/wp-json\/wp\/v2\/product_brand?post=326109"},{"taxonomy":"product_cat","embeddable":true,"href":"https:\/\/poccky.com\/index.php\/wp-json\/wp\/v2\/product_cat?post=326109"},{"taxonomy":"product_tag","embeddable":true,"href":"https:\/\/poccky.com\/index.php\/wp-json\/wp\/v2\/product_tag?post=326109"}],"curies":[{"name":"wp","href":"https:\/\/api.w.org\/{rel}","templated":true}]}}