{"id":325857,"date":"2023-11-04T01:24:21","date_gmt":"2023-11-04T01:24:21","guid":{"rendered":"https:\/\/poccky.com\/?post_type=product&#038;p=325857"},"modified":"2023-11-04T01:24:28","modified_gmt":"2023-11-04T01:24:28","slug":"jessica001","status":"publish","type":"product","link":"https:\/\/poccky.com\/index.php\/product\/jessica001\/","title":{"rendered":"Jessica001"},"content":{"rendered":"","protected":false},"excerpt":{"rendered":"<p>Je suis jessica . une jeune femme de 24 ans tr\u00e8s belle. mes photos sont bien r\u00e9elles. Je vous propose de vous recevoir dans un joli APPA ou de vous rejoindre \u00e0 votre h\u00f4tel en toute discr\u00e9tion. Etant tr\u00e8s s\u00e9lective. je me r\u00e9serve le droit de refuser ou d\u2019accepter notre rencontre je fais les rencontre de plan voiture . je vous offrirai mon corps quelques soit les positions qu&#8217;il vous plaira d&#8217;essayer anal sexe?? parce que j&#8217;aime trop la sodomie De l&#8217;\u00e9rotisme \u00e0 fleur de peau et une plastique parfaite. Mes traits sont fins. charmants et innocents. je recois en lingerie avec une porte jarretelle je serai ta caprice remplir de luxure?&#8230;&#8230;.JE vous affine avec pr\u00e9tention que vous allez vouloir r\u00e9p\u00e9ter notre pr\u00e9miere exp\u00e9rience intime; Je r\u00e9alise tout type de massage. J&#8217;aime les baisers avec la langue. les caresses et les pr\u00e9liminaires. Je suis dans le 11e arrdt de Paris. metro Bastille contatctez moi whatsapp ou sms My details Below mentioned<\/p>\n<p>                Nationality:<br \/>\n                Colombian <\/p>\n<p>                Age:<br \/>\n                23<\/p>\n<p>                Weight:<br \/>\n                52<\/p>\n<p>                Hair:<br \/>\n                noir<\/p>\n<p>                Eyes:<br \/>\n                noir<\/p>\n<p>                Measurements:<br \/>\n                90 62  88Companionship rates:<\/p>\n<p>                  1 hour rate<br \/>\n                  150 EUR<\/p>\n<p>                  2 hours rate<br \/>\n                  200 EUR<\/p>\n<p>                  3 hours rate<br \/>\n                  260 EUR<\/p>\n<p>                  full night rate<br \/>\n                  500 EUR<\/p>\n","protected":false},"featured_media":280235,"comment_status":"open","ping_status":"closed","template":"","meta":{"site-sidebar-layout":"default","site-content-layout":"","ast-site-content-layout":"","site-content-style":"default","site-sidebar-style":"default","ast-global-header-display":"","ast-banner-title-visibility":"","ast-main-header-display":"","ast-hfb-above-header-display":"","ast-hfb-below-header-display":"","ast-hfb-mobile-header-display":"","site-post-title":"","ast-breadcrumbs-content":"","ast-featured-img":"","footer-sml-layout":"","theme-transparent-header-meta":"","adv-header-id-meta":"","stick-header-meta":"","header-above-stick-meta":"","header-main-stick-meta":"","header-below-stick-meta":"","astra-migrate-meta-layouts":"default","ast-page-background-enabled":"default","ast-page-background-meta":{"desktop":{"background-color":"var(--ast-global-color-4)","background-image":"","background-repeat":"repeat","background-position":"center center","background-size":"auto","background-attachment":"scroll","background-type":"","background-media":"","overlay-type":"","overlay-color":"","overlay-opacity":"","overlay-gradient":""},"tablet":{"background-color":"","background-image":"","background-repeat":"repeat","background-position":"center center","background-size":"auto","background-attachment":"scroll","background-type":"","background-media":"","overlay-type":"","overlay-color":"","overlay-opacity":"","overlay-gradient":""},"mobile":{"background-color":"","background-image":"","background-repeat":"repeat","background-position":"center center","background-size":"auto","background-attachment":"scroll","background-type":"","background-media":"","overlay-type":"","overlay-color":"","overlay-opacity":"","overlay-gradient":""}},"ast-content-background-meta":{"desktop":{"background-color":"var(--ast-global-color-5)","background-image":"","background-repeat":"repeat","background-position":"center center","background-size":"auto","background-attachment":"scroll","background-type":"","background-media":"","overlay-type":"","overlay-color":"","overlay-opacity":"","overlay-gradient":""},"tablet":{"background-color":"var(--ast-global-color-5)","background-image":"","background-repeat":"repeat","background-position":"center center","background-size":"auto","background-attachment":"scroll","background-type":"","background-media":"","overlay-type":"","overlay-color":"","overlay-opacity":"","overlay-gradient":""},"mobile":{"background-color":"var(--ast-global-color-5)","background-image":"","background-repeat":"repeat","background-position":"center center","background-size":"auto","background-attachment":"scroll","background-type":"","background-media":"","overlay-type":"","overlay-color":"","overlay-opacity":"","overlay-gradient":""}}},"product_brand":[],"product_cat":[244,188,1118],"product_tag":[],"class_list":{"0":"post-325857","1":"product","2":"type-product","3":"status-publish","4":"has-post-thumbnail","6":"product_cat-france","7":"product_cat-freelancer","8":"product_cat-paris","9":"desktop-align-left","10":"tablet-align-left","11":"mobile-align-left","13":"first","14":"instock","15":"shipping-taxable","16":"product-type-simple"},"_links":{"self":[{"href":"https:\/\/poccky.com\/index.php\/wp-json\/wp\/v2\/product\/325857","targetHints":{"allow":["GET"]}}],"collection":[{"href":"https:\/\/poccky.com\/index.php\/wp-json\/wp\/v2\/product"}],"about":[{"href":"https:\/\/poccky.com\/index.php\/wp-json\/wp\/v2\/types\/product"}],"replies":[{"embeddable":true,"href":"https:\/\/poccky.com\/index.php\/wp-json\/wp\/v2\/comments?post=325857"}],"wp:featuredmedia":[{"embeddable":true,"href":"https:\/\/poccky.com\/index.php\/wp-json\/wp\/v2\/media\/280235"}],"wp:attachment":[{"href":"https:\/\/poccky.com\/index.php\/wp-json\/wp\/v2\/media?parent=325857"}],"wp:term":[{"taxonomy":"product_brand","embeddable":true,"href":"https:\/\/poccky.com\/index.php\/wp-json\/wp\/v2\/product_brand?post=325857"},{"taxonomy":"product_cat","embeddable":true,"href":"https:\/\/poccky.com\/index.php\/wp-json\/wp\/v2\/product_cat?post=325857"},{"taxonomy":"product_tag","embeddable":true,"href":"https:\/\/poccky.com\/index.php\/wp-json\/wp\/v2\/product_tag?post=325857"}],"curies":[{"name":"wp","href":"https:\/\/api.w.org\/{rel}","templated":true}]}}