{"id":325811,"date":"2023-11-04T01:17:05","date_gmt":"2023-11-04T01:17:05","guid":{"rendered":"https:\/\/poccky.com\/?post_type=product&#038;p=325811"},"modified":"2023-11-04T01:17:14","modified_gmt":"2023-11-04T01:17:14","slug":"tracey-2","status":"publish","type":"product","link":"https:\/\/poccky.com\/index.php\/product\/tracey-2\/","title":{"rendered":"TRACEY"},"content":{"rendered":"","protected":false},"excerpt":{"rendered":"<p>Dame sexy pour un vrai homme! Fille temp\u00e9rament. veut se familiariser avec les connaisseurs de formes \u00e9l\u00e9gantes pour des sommets inoubliables! J&#8217;aime toutes sortes de sexe. de fantaisie. de jeux. de d\u00e9couvrir de nouvelles facettes du plaisir. Ensemble. nous pouvons r\u00e9aliser les fantasmes les plus exquis et les plus audacieux. Je t&#8217;attends!<\/p>\n<p>69. A-rimmin.G All Kind of fantasies. Ball Licking and Suckin.G CIF. CIM. COB. Company for dinner. Deep throat. DFK. Different Positions. Dirtytalk. Doggy style. Erotic massage. ExtraBall. Facesittin.G Fetish. Fingerin.G Fistin.G Foot fetish. French kissin.G Gang Ban.G GFE. Golden Shower Givin.G Group sex. My details Below mentioned<\/p>\n<p>                Nationality:<br \/>\n                Swedish <\/p>\n<p>                Languages:<br \/>\n                English. French<\/p>\n<p>                Age:<br \/>\n                20<\/p>\n<p>                Height:<br \/>\n                168<\/p>\n<p>                Weight:<br \/>\n                48<\/p>\n<p>                Hair:<br \/>\n                Blonde<\/p>\n<p>                Eyes:<br \/>\n                gray<\/p>\n<p>                Measurements:<br \/>\n                89-57-88Companionship rates:<\/p>\n<p>                  1 hour rate<br \/>\n                  300 EUR<\/p>\n<p>                  2 hours rate<br \/>\n                  500 EUR<\/p>\n<p>                  3 hours rate<br \/>\n                  600 EUR<\/p>\n","protected":false},"featured_media":272159,"comment_status":"open","ping_status":"closed","template":"","meta":{"site-sidebar-layout":"default","site-content-layout":"","ast-site-content-layout":"","site-content-style":"default","site-sidebar-style":"default","ast-global-header-display":"","ast-banner-title-visibility":"","ast-main-header-display":"","ast-hfb-above-header-display":"","ast-hfb-below-header-display":"","ast-hfb-mobile-header-display":"","site-post-title":"","ast-breadcrumbs-content":"","ast-featured-img":"","footer-sml-layout":"","theme-transparent-header-meta":"","adv-header-id-meta":"","stick-header-meta":"","header-above-stick-meta":"","header-main-stick-meta":"","header-below-stick-meta":"","astra-migrate-meta-layouts":"default","ast-page-background-enabled":"default","ast-page-background-meta":{"desktop":{"background-color":"var(--ast-global-color-4)","background-image":"","background-repeat":"repeat","background-position":"center center","background-size":"auto","background-attachment":"scroll","background-type":"","background-media":"","overlay-type":"","overlay-color":"","overlay-opacity":"","overlay-gradient":""},"tablet":{"background-color":"","background-image":"","background-repeat":"repeat","background-position":"center center","background-size":"auto","background-attachment":"scroll","background-type":"","background-media":"","overlay-type":"","overlay-color":"","overlay-opacity":"","overlay-gradient":""},"mobile":{"background-color":"","background-image":"","background-repeat":"repeat","background-position":"center center","background-size":"auto","background-attachment":"scroll","background-type":"","background-media":"","overlay-type":"","overlay-color":"","overlay-opacity":"","overlay-gradient":""}},"ast-content-background-meta":{"desktop":{"background-color":"var(--ast-global-color-5)","background-image":"","background-repeat":"repeat","background-position":"center center","background-size":"auto","background-attachment":"scroll","background-type":"","background-media":"","overlay-type":"","overlay-color":"","overlay-opacity":"","overlay-gradient":""},"tablet":{"background-color":"var(--ast-global-color-5)","background-image":"","background-repeat":"repeat","background-position":"center center","background-size":"auto","background-attachment":"scroll","background-type":"","background-media":"","overlay-type":"","overlay-color":"","overlay-opacity":"","overlay-gradient":""},"mobile":{"background-color":"var(--ast-global-color-5)","background-image":"","background-repeat":"repeat","background-position":"center center","background-size":"auto","background-attachment":"scroll","background-type":"","background-media":"","overlay-type":"","overlay-color":"","overlay-opacity":"","overlay-gradient":""}}},"product_brand":[],"product_cat":[244,188,1118],"product_tag":[],"class_list":{"0":"post-325811","1":"product","2":"type-product","3":"status-publish","4":"has-post-thumbnail","6":"product_cat-france","7":"product_cat-freelancer","8":"product_cat-paris","9":"desktop-align-left","10":"tablet-align-left","11":"mobile-align-left","13":"first","14":"instock","15":"shipping-taxable","16":"product-type-simple"},"_links":{"self":[{"href":"https:\/\/poccky.com\/index.php\/wp-json\/wp\/v2\/product\/325811","targetHints":{"allow":["GET"]}}],"collection":[{"href":"https:\/\/poccky.com\/index.php\/wp-json\/wp\/v2\/product"}],"about":[{"href":"https:\/\/poccky.com\/index.php\/wp-json\/wp\/v2\/types\/product"}],"replies":[{"embeddable":true,"href":"https:\/\/poccky.com\/index.php\/wp-json\/wp\/v2\/comments?post=325811"}],"wp:featuredmedia":[{"embeddable":true,"href":"https:\/\/poccky.com\/index.php\/wp-json\/wp\/v2\/media\/272159"}],"wp:attachment":[{"href":"https:\/\/poccky.com\/index.php\/wp-json\/wp\/v2\/media?parent=325811"}],"wp:term":[{"taxonomy":"product_brand","embeddable":true,"href":"https:\/\/poccky.com\/index.php\/wp-json\/wp\/v2\/product_brand?post=325811"},{"taxonomy":"product_cat","embeddable":true,"href":"https:\/\/poccky.com\/index.php\/wp-json\/wp\/v2\/product_cat?post=325811"},{"taxonomy":"product_tag","embeddable":true,"href":"https:\/\/poccky.com\/index.php\/wp-json\/wp\/v2\/product_tag?post=325811"}],"curies":[{"name":"wp","href":"https:\/\/api.w.org\/{rel}","templated":true}]}}