{"id":325285,"date":"2023-11-03T23:50:46","date_gmt":"2023-11-03T23:50:46","guid":{"rendered":"https:\/\/poccky.com\/?post_type=product&#038;p=325285"},"modified":"2023-11-03T23:50:53","modified_gmt":"2023-11-03T23:50:53","slug":"lorena-teen","status":"publish","type":"product","link":"https:\/\/poccky.com\/index.php\/product\/lorena-teen\/","title":{"rendered":"Lorena Teen"},"content":{"rendered":"","protected":false},"excerpt":{"rendered":"<p>Me considero una chica cari\u00f1osa y divertida. que disfruta con placer cada caricia sobre mi piel suave que proporciona mi juventud. con mis cabellos rojizos y ojos marrones. Disfruto mucho del sexo oral y anal. todo con su respectiva protecci\u00f3n para seguridad de ambos. Puedo ofrecerte masajes eroticos o de relajaci\u00f3n. tambi\u00e9n cumplo fantas\u00edas que usted proponga y si en su ocurrencia quiere recorrer la ciudad. con gusto te mostrar\u00e9 lo lindo de mi tierra recidencial. Puedo ser acompa\u00f1ante de cualquier \u00edndole tanto como eventos o en citas. Si te encuentras en la ciudad con tus amigos. puedo organizar una reuni\u00f3n con mis compa\u00f1eras.<\/p>\n<p>Estoy a disposici\u00f3n de darle una sensual y placentera compa\u00f1\u00eda al caballero que lo deje conforme a lo acord\u00e9 de mis descripci\u00f3n<br \/>\nLa higiene y la elocuencia es muy bien considerado para que el encuentro sea c\u00e1lido. ya sea en la intimidad o una salida<br \/>\nMe gusta que el caballero sea divertido. respetuoso y abierto a cualquier idea. Mi idea es que tambi\u00e9n me ayude econ\u00f3micamente a concretar mis futuros proyectos<\/p>\n<p>Puedes dejar un msj en WhatsApp para coordinar una cita en tu alojamiento o hotel. ya que no dispongo de un lugar propio. No entiendo llamadas o mensajes de texto. Respeta mis tiempos y lo tratare con mejores beneficios.<br \/>\nSolo contesto mensajes de WhatsApp My details Below mentioned<\/p>\n<p>                Nationality:<br \/>\n                Argentinean <\/p>\n<p>                Languages:<br \/>\n                Spanish<\/p>\n<p>                Age:<br \/>\n                20<\/p>\n<p>                Height:<br \/>\n                1.65<\/p>\n<p>                Weight:<br \/>\n                56 kg<\/p>\n<p>                Hair:<br \/>\n                Pelirrojo largo<\/p>\n<p>                Eyes:<br \/>\n                Marron<\/p>\n<p>                Measurements:<br \/>\n                90-65-100phone_android Phone:<br \/>\n          1151039516Companionship rates:<\/p>\n<p>                  1 hour rate<br \/>\n                  150 USD<\/p>\n<p>                  2 hours rate<br \/>\n                  250 USD<\/p>\n<p>                  3 hours rate<br \/>\n                  400 USD<\/p>\n<p>                  full night rate<br \/>\n                  900 USD<\/p>\n","protected":false},"featured_media":282054,"comment_status":"open","ping_status":"closed","template":"","meta":{"site-sidebar-layout":"default","site-content-layout":"","ast-site-content-layout":"","site-content-style":"default","site-sidebar-style":"default","ast-global-header-display":"","ast-banner-title-visibility":"","ast-main-header-display":"","ast-hfb-above-header-display":"","ast-hfb-below-header-display":"","ast-hfb-mobile-header-display":"","site-post-title":"","ast-breadcrumbs-content":"","ast-featured-img":"","footer-sml-layout":"","theme-transparent-header-meta":"","adv-header-id-meta":"","stick-header-meta":"","header-above-stick-meta":"","header-main-stick-meta":"","header-below-stick-meta":"","astra-migrate-meta-layouts":"default","ast-page-background-enabled":"default","ast-page-background-meta":{"desktop":{"background-color":"var(--ast-global-color-4)","background-image":"","background-repeat":"repeat","background-position":"center center","background-size":"auto","background-attachment":"scroll","background-type":"","background-media":"","overlay-type":"","overlay-color":"","overlay-opacity":"","overlay-gradient":""},"tablet":{"background-color":"","background-image":"","background-repeat":"repeat","background-position":"center center","background-size":"auto","background-attachment":"scroll","background-type":"","background-media":"","overlay-type":"","overlay-color":"","overlay-opacity":"","overlay-gradient":""},"mobile":{"background-color":"","background-image":"","background-repeat":"repeat","background-position":"center center","background-size":"auto","background-attachment":"scroll","background-type":"","background-media":"","overlay-type":"","overlay-color":"","overlay-opacity":"","overlay-gradient":""}},"ast-content-background-meta":{"desktop":{"background-color":"var(--ast-global-color-5)","background-image":"","background-repeat":"repeat","background-position":"center center","background-size":"auto","background-attachment":"scroll","background-type":"","background-media":"","overlay-type":"","overlay-color":"","overlay-opacity":"","overlay-gradient":""},"tablet":{"background-color":"var(--ast-global-color-5)","background-image":"","background-repeat":"repeat","background-position":"center center","background-size":"auto","background-attachment":"scroll","background-type":"","background-media":"","overlay-type":"","overlay-color":"","overlay-opacity":"","overlay-gradient":""},"mobile":{"background-color":"var(--ast-global-color-5)","background-image":"","background-repeat":"repeat","background-position":"center center","background-size":"auto","background-attachment":"scroll","background-type":"","background-media":"","overlay-type":"","overlay-color":"","overlay-opacity":"","overlay-gradient":""}}},"product_brand":[],"product_cat":[823,1132,188],"product_tag":[],"class_list":{"0":"post-325285","1":"product","2":"type-product","3":"status-publish","4":"has-post-thumbnail","6":"product_cat-argentina","7":"product_cat-buenos-aires","8":"product_cat-freelancer","9":"desktop-align-left","10":"tablet-align-left","11":"mobile-align-left","13":"first","14":"instock","15":"shipping-taxable","16":"product-type-simple"},"_links":{"self":[{"href":"https:\/\/poccky.com\/index.php\/wp-json\/wp\/v2\/product\/325285","targetHints":{"allow":["GET"]}}],"collection":[{"href":"https:\/\/poccky.com\/index.php\/wp-json\/wp\/v2\/product"}],"about":[{"href":"https:\/\/poccky.com\/index.php\/wp-json\/wp\/v2\/types\/product"}],"replies":[{"embeddable":true,"href":"https:\/\/poccky.com\/index.php\/wp-json\/wp\/v2\/comments?post=325285"}],"wp:featuredmedia":[{"embeddable":true,"href":"https:\/\/poccky.com\/index.php\/wp-json\/wp\/v2\/media\/282054"}],"wp:attachment":[{"href":"https:\/\/poccky.com\/index.php\/wp-json\/wp\/v2\/media?parent=325285"}],"wp:term":[{"taxonomy":"product_brand","embeddable":true,"href":"https:\/\/poccky.com\/index.php\/wp-json\/wp\/v2\/product_brand?post=325285"},{"taxonomy":"product_cat","embeddable":true,"href":"https:\/\/poccky.com\/index.php\/wp-json\/wp\/v2\/product_cat?post=325285"},{"taxonomy":"product_tag","embeddable":true,"href":"https:\/\/poccky.com\/index.php\/wp-json\/wp\/v2\/product_tag?post=325285"}],"curies":[{"name":"wp","href":"https:\/\/api.w.org\/{rel}","templated":true}]}}