{"id":325104,"date":"2023-11-03T23:20:42","date_gmt":"2023-11-03T23:20:42","guid":{"rendered":"https:\/\/poccky.com\/?post_type=product&#038;p=325104"},"modified":"2023-11-03T23:20:44","modified_gmt":"2023-11-03T23:20:44","slug":"dony-man-in-stockholm-full-service","status":"publish","type":"product","link":"https:\/\/poccky.com\/index.php\/product\/dony-man-in-stockholm-full-service\/","title":{"rendered":"Dony Man In Stockholm Full Service"},"content":{"rendered":"","protected":false},"excerpt":{"rendered":"<p>Hej jag \u00e4r en kille p\u00e5 23 \u00e5r. Som tr\u00e4nar regelbundet jag \u00e4r helt ny p\u00e5 det h\u00e4r men jag ger ful service. Jag \u00e4r en lungn person och diskret framf\u00f6r allt. Jag \u00e4r v\u00e4ldigt \u00f6ppen f\u00f6r f\u00f6rslag s\u00e5 om du \u00e4r ute efter n\u00e5got som piggar upp din vardag s\u00e5 har du hittat helt r\u00e4tt. Jag g\u00f6r enbart outcal det vill s\u00e4ga att jag kommer hem till dig eller hotel vilket nu k\u00e4nns b\u00e4st f\u00f6r dig.En posetiv sak ocks\u00e5 som jag f\u00e5r oftast h\u00f6ra \u00e4r att jag \u00e4r l\u00e4tt att prata med och att jag \u00e4r en bra lyssnare.Du f\u00e5r kontakta mig p\u00e5 min mail s\u00e5 kan vi komma \u00f6verens om vad du \u00f6nskar dig och du f\u00e5r j\u00e4tte J\u00e4rna skriva lite om dig sj\u00e4lv. My details Below mentioned<\/p>\n<p>                Nationality:<br \/>\n                Swedish <\/p>\n<p>                Languages:<br \/>\n                English. Swedish<\/p>\n<p>                Age:<br \/>\n                23<\/p>\n<p>                Height:<br \/>\n                190cm<\/p>\n<p>                Weight:<br \/>\n                100kg<\/p>\n<p>                Hair:<br \/>\n                short<\/p>\n<p>                Eyes:<br \/>\n                Blue<\/p>\n<p>                Measurements:<br \/>\n                +25cmCompanionship rates:<\/p>\n<p>                  1 hour rate<br \/>\n                  1500 SEK<\/p>\n<p>                  2 hours rate<br \/>\n                  2500 SEK<\/p>\n<p>                  3 hours rate<br \/>\n                  3500 SEK<\/p>\n<p>                  full night rate<br \/>\n                  9000 SEK<\/p>\n","protected":false},"featured_media":268205,"comment_status":"open","ping_status":"closed","template":"","meta":{"site-sidebar-layout":"default","site-content-layout":"","ast-site-content-layout":"","site-content-style":"default","site-sidebar-style":"default","ast-global-header-display":"","ast-banner-title-visibility":"","ast-main-header-display":"","ast-hfb-above-header-display":"","ast-hfb-below-header-display":"","ast-hfb-mobile-header-display":"","site-post-title":"","ast-breadcrumbs-content":"","ast-featured-img":"","footer-sml-layout":"","theme-transparent-header-meta":"","adv-header-id-meta":"","stick-header-meta":"","header-above-stick-meta":"","header-main-stick-meta":"","header-below-stick-meta":"","astra-migrate-meta-layouts":"default","ast-page-background-enabled":"default","ast-page-background-meta":{"desktop":{"background-color":"var(--ast-global-color-4)","background-image":"","background-repeat":"repeat","background-position":"center center","background-size":"auto","background-attachment":"scroll","background-type":"","background-media":"","overlay-type":"","overlay-color":"","overlay-opacity":"","overlay-gradient":""},"tablet":{"background-color":"","background-image":"","background-repeat":"repeat","background-position":"center center","background-size":"auto","background-attachment":"scroll","background-type":"","background-media":"","overlay-type":"","overlay-color":"","overlay-opacity":"","overlay-gradient":""},"mobile":{"background-color":"","background-image":"","background-repeat":"repeat","background-position":"center center","background-size":"auto","background-attachment":"scroll","background-type":"","background-media":"","overlay-type":"","overlay-color":"","overlay-opacity":"","overlay-gradient":""}},"ast-content-background-meta":{"desktop":{"background-color":"var(--ast-global-color-5)","background-image":"","background-repeat":"repeat","background-position":"center center","background-size":"auto","background-attachment":"scroll","background-type":"","background-media":"","overlay-type":"","overlay-color":"","overlay-opacity":"","overlay-gradient":""},"tablet":{"background-color":"var(--ast-global-color-5)","background-image":"","background-repeat":"repeat","background-position":"center center","background-size":"auto","background-attachment":"scroll","background-type":"","background-media":"","overlay-type":"","overlay-color":"","overlay-opacity":"","overlay-gradient":""},"mobile":{"background-color":"var(--ast-global-color-5)","background-image":"","background-repeat":"repeat","background-position":"center center","background-size":"auto","background-attachment":"scroll","background-type":"","background-media":"","overlay-type":"","overlay-color":"","overlay-opacity":"","overlay-gradient":""}}},"product_brand":[],"product_cat":[188,1115,957],"product_tag":[],"class_list":{"0":"post-325104","1":"product","2":"type-product","3":"status-publish","4":"has-post-thumbnail","6":"product_cat-freelancer","7":"product_cat-stockholm","8":"product_cat-sweden","9":"desktop-align-left","10":"tablet-align-left","11":"mobile-align-left","13":"first","14":"instock","15":"shipping-taxable","16":"product-type-simple"},"_links":{"self":[{"href":"https:\/\/poccky.com\/index.php\/wp-json\/wp\/v2\/product\/325104","targetHints":{"allow":["GET"]}}],"collection":[{"href":"https:\/\/poccky.com\/index.php\/wp-json\/wp\/v2\/product"}],"about":[{"href":"https:\/\/poccky.com\/index.php\/wp-json\/wp\/v2\/types\/product"}],"replies":[{"embeddable":true,"href":"https:\/\/poccky.com\/index.php\/wp-json\/wp\/v2\/comments?post=325104"}],"wp:featuredmedia":[{"embeddable":true,"href":"https:\/\/poccky.com\/index.php\/wp-json\/wp\/v2\/media\/268205"}],"wp:attachment":[{"href":"https:\/\/poccky.com\/index.php\/wp-json\/wp\/v2\/media?parent=325104"}],"wp:term":[{"taxonomy":"product_brand","embeddable":true,"href":"https:\/\/poccky.com\/index.php\/wp-json\/wp\/v2\/product_brand?post=325104"},{"taxonomy":"product_cat","embeddable":true,"href":"https:\/\/poccky.com\/index.php\/wp-json\/wp\/v2\/product_cat?post=325104"},{"taxonomy":"product_tag","embeddable":true,"href":"https:\/\/poccky.com\/index.php\/wp-json\/wp\/v2\/product_tag?post=325104"}],"curies":[{"name":"wp","href":"https:\/\/api.w.org\/{rel}","templated":true}]}}