{"id":323774,"date":"2023-11-03T19:26:08","date_gmt":"2023-11-03T19:26:08","guid":{"rendered":"https:\/\/poccky.com\/?post_type=product&#038;p=323774"},"modified":"2023-11-03T19:26:14","modified_gmt":"2023-11-03T19:26:14","slug":"escorte-stephanie","status":"publish","type":"product","link":"https:\/\/poccky.com\/index.php\/product\/escorte-stephanie\/","title":{"rendered":"Escorte Stephanie"},"content":{"rendered":"","protected":false},"excerpt":{"rendered":"<p>Beaut\u00e9 naturelle. je m&#8217;appelle St\u00e9phanie. magnifique escorte ind\u00e9pendante .j&#8217;ai de l&#8217;exp\u00e9rience avec les d\u00e9butants et je suis certainement la plus belle escorte \u00e0 d\u00e9couvrir dans la r\u00e9gion &#8230;.tr\u00e8s sexy et douce .<br \/>\nTotalement \u00e0 votre disposition pour vous faire go\u00fbter ma jeunesse et ma sensualit\u00e9 . Je suis une perfectionniste quand il s\u2019agit de satisfaire et d\u00e9passer vos attentes .. Soyez ouvert avec moi concernant vos envie et jeux de r\u00f4les . La r\u00e9alisation de vos d\u00e9sirs satisfait habituellement les miens &#8230; Mon c\u00f4t\u00e9 exp\u00e9riment\u00e9 vous permettra de r\u00e9aliser vos fantasmes. Je propose escorting de standing pour Hommes et Couples bas\u00e9s sur le respect et la discr\u00e9tion totale . Aimant les hommes g\u00e9n\u00e9reux . respectueux et d\u00e9contract\u00e9s. je me d\u00e9place et je re\u00e7ois \u00e9galement.vous pouvez me contacter sur Whatsapp avec mon num\u00e9ro. My details Below mentioned<\/p>\n<p>                Nationality:<br \/>\n                French <\/p>\n<p>                Languages:<br \/>\n                French<\/p>\n<p>                Age:<br \/>\n                24<\/p>\n<p>                Height:<br \/>\n                174<\/p>\n<p>                Weight:<br \/>\n                60<\/p>\n<p>                Hair:<br \/>\n                black<\/p>\n<p>                Eyes:<br \/>\n                blue<\/p>\n<p>                Measurements:<br \/>\n                90-62-90<\/p>\n","protected":false},"featured_media":268428,"comment_status":"open","ping_status":"closed","template":"","meta":{"site-sidebar-layout":"default","site-content-layout":"","ast-site-content-layout":"","site-content-style":"default","site-sidebar-style":"default","ast-global-header-display":"","ast-banner-title-visibility":"","ast-main-header-display":"","ast-hfb-above-header-display":"","ast-hfb-below-header-display":"","ast-hfb-mobile-header-display":"","site-post-title":"","ast-breadcrumbs-content":"","ast-featured-img":"","footer-sml-layout":"","theme-transparent-header-meta":"","adv-header-id-meta":"","stick-header-meta":"","header-above-stick-meta":"","header-main-stick-meta":"","header-below-stick-meta":"","astra-migrate-meta-layouts":"default","ast-page-background-enabled":"default","ast-page-background-meta":{"desktop":{"background-color":"var(--ast-global-color-4)","background-image":"","background-repeat":"repeat","background-position":"center center","background-size":"auto","background-attachment":"scroll","background-type":"","background-media":"","overlay-type":"","overlay-color":"","overlay-opacity":"","overlay-gradient":""},"tablet":{"background-color":"","background-image":"","background-repeat":"repeat","background-position":"center center","background-size":"auto","background-attachment":"scroll","background-type":"","background-media":"","overlay-type":"","overlay-color":"","overlay-opacity":"","overlay-gradient":""},"mobile":{"background-color":"","background-image":"","background-repeat":"repeat","background-position":"center center","background-size":"auto","background-attachment":"scroll","background-type":"","background-media":"","overlay-type":"","overlay-color":"","overlay-opacity":"","overlay-gradient":""}},"ast-content-background-meta":{"desktop":{"background-color":"var(--ast-global-color-5)","background-image":"","background-repeat":"repeat","background-position":"center center","background-size":"auto","background-attachment":"scroll","background-type":"","background-media":"","overlay-type":"","overlay-color":"","overlay-opacity":"","overlay-gradient":""},"tablet":{"background-color":"var(--ast-global-color-5)","background-image":"","background-repeat":"repeat","background-position":"center center","background-size":"auto","background-attachment":"scroll","background-type":"","background-media":"","overlay-type":"","overlay-color":"","overlay-opacity":"","overlay-gradient":""},"mobile":{"background-color":"var(--ast-global-color-5)","background-image":"","background-repeat":"repeat","background-position":"center center","background-size":"auto","background-attachment":"scroll","background-type":"","background-media":"","overlay-type":"","overlay-color":"","overlay-opacity":"","overlay-gradient":""}}},"product_brand":[],"product_cat":[244,188,1118],"product_tag":[],"class_list":{"0":"post-323774","1":"product","2":"type-product","3":"status-publish","4":"has-post-thumbnail","6":"product_cat-france","7":"product_cat-freelancer","8":"product_cat-paris","9":"desktop-align-left","10":"tablet-align-left","11":"mobile-align-left","13":"first","14":"instock","15":"shipping-taxable","16":"product-type-simple"},"_links":{"self":[{"href":"https:\/\/poccky.com\/index.php\/wp-json\/wp\/v2\/product\/323774","targetHints":{"allow":["GET"]}}],"collection":[{"href":"https:\/\/poccky.com\/index.php\/wp-json\/wp\/v2\/product"}],"about":[{"href":"https:\/\/poccky.com\/index.php\/wp-json\/wp\/v2\/types\/product"}],"replies":[{"embeddable":true,"href":"https:\/\/poccky.com\/index.php\/wp-json\/wp\/v2\/comments?post=323774"}],"wp:featuredmedia":[{"embeddable":true,"href":"https:\/\/poccky.com\/index.php\/wp-json\/wp\/v2\/media\/268428"}],"wp:attachment":[{"href":"https:\/\/poccky.com\/index.php\/wp-json\/wp\/v2\/media?parent=323774"}],"wp:term":[{"taxonomy":"product_brand","embeddable":true,"href":"https:\/\/poccky.com\/index.php\/wp-json\/wp\/v2\/product_brand?post=323774"},{"taxonomy":"product_cat","embeddable":true,"href":"https:\/\/poccky.com\/index.php\/wp-json\/wp\/v2\/product_cat?post=323774"},{"taxonomy":"product_tag","embeddable":true,"href":"https:\/\/poccky.com\/index.php\/wp-json\/wp\/v2\/product_tag?post=323774"}],"curies":[{"name":"wp","href":"https:\/\/api.w.org\/{rel}","templated":true}]}}