{"id":323517,"date":"2023-10-30T19:04:38","date_gmt":"2023-10-30T19:04:38","guid":{"rendered":"https:\/\/poccky.com\/?post_type=product&#038;p=323517"},"modified":"2023-10-30T19:04:50","modified_gmt":"2023-10-30T19:04:50","slug":"massage-ghubrah-vietnamese-masseuse-in-muscat","status":"publish","type":"product","link":"https:\/\/poccky.com\/index.php\/product\/massage-ghubrah-vietnamese-masseuse-in-muscat\/","title":{"rendered":"massage &#8211;  ghubrah \u2013 Vietnamese masseuse in Muscat"},"content":{"rendered":"","protected":false},"excerpt":{"rendered":"<p>T\u00ean t\u00f4i l\u00e0 Ami. t\u00f4i l\u00e0 m &#8211; t c\u00f4 g\u00e1i Vi &#8211; t Nam. &#8211; \u00e2y l\u00e0 h\u00ecnh  &#8211; nh th &#8211; t 100% c &#8211; a t\u00f4i. t\u00f4i mu &#8211; n g &#8211; p t &#8211; t c &#8211;  c\u00e1c b &#8211; n. T\u00f4i s &#8211;  l\u00e0m cho b &#8211; n h &#8211; nh ph\u00fac nh &#8211;   &#8211;  &#8211;  &#8211; c  &#8211;  v &#8211; i m &#8211; t ng &#8211;  &#8211; i y\u00eau. Vui l\u00f2ng li\u00ean h &#8211;  WhatsApp  &#8211;  &#8211;  bi &#8211; t th\u00eam .c\u00e1c anh s &#8211;  c &#8211; m nh &#8211; n  &#8211;  &#8211;  &#8211; c s &#8211;  kh\u00e1c bi &#8211; t v &#8211; i c\u00e1c c\u00f4 g\u00e1i kh\u00e1c. Orientation &#8211; Heterosexual Height &#8211; 170 cm \/ 5 &#8211; 7 &#8211;   Ethnicity &#8211;  &#8211; Asian Bust &#8211; Medium Age &#8211; 24 Shaved &#8211; No Smokes &#8211;  &#8211; Yes Hair color &#8211; Brunette Nationality &#8211; Vietnamese  Gender &#8211; Female City &#8211; Muscat<br \/>\nOman+968 78 741 189<\/p>\n","protected":false},"featured_media":204604,"comment_status":"open","ping_status":"closed","template":"","meta":{"site-sidebar-layout":"default","site-content-layout":"","ast-site-content-layout":"","site-content-style":"default","site-sidebar-style":"default","ast-global-header-display":"","ast-banner-title-visibility":"","ast-main-header-display":"","ast-hfb-above-header-display":"","ast-hfb-below-header-display":"","ast-hfb-mobile-header-display":"","site-post-title":"","ast-breadcrumbs-content":"","ast-featured-img":"","footer-sml-layout":"","theme-transparent-header-meta":"","adv-header-id-meta":"","stick-header-meta":"","header-above-stick-meta":"","header-main-stick-meta":"","header-below-stick-meta":"","astra-migrate-meta-layouts":"default","ast-page-background-enabled":"default","ast-page-background-meta":{"desktop":{"background-color":"var(--ast-global-color-4)","background-image":"","background-repeat":"repeat","background-position":"center center","background-size":"auto","background-attachment":"scroll","background-type":"","background-media":"","overlay-type":"","overlay-color":"","overlay-opacity":"","overlay-gradient":""},"tablet":{"background-color":"","background-image":"","background-repeat":"repeat","background-position":"center center","background-size":"auto","background-attachment":"scroll","background-type":"","background-media":"","overlay-type":"","overlay-color":"","overlay-opacity":"","overlay-gradient":""},"mobile":{"background-color":"","background-image":"","background-repeat":"repeat","background-position":"center center","background-size":"auto","background-attachment":"scroll","background-type":"","background-media":"","overlay-type":"","overlay-color":"","overlay-opacity":"","overlay-gradient":""}},"ast-content-background-meta":{"desktop":{"background-color":"var(--ast-global-color-5)","background-image":"","background-repeat":"repeat","background-position":"center center","background-size":"auto","background-attachment":"scroll","background-type":"","background-media":"","overlay-type":"","overlay-color":"","overlay-opacity":"","overlay-gradient":""},"tablet":{"background-color":"var(--ast-global-color-5)","background-image":"","background-repeat":"repeat","background-position":"center center","background-size":"auto","background-attachment":"scroll","background-type":"","background-media":"","overlay-type":"","overlay-color":"","overlay-opacity":"","overlay-gradient":""},"mobile":{"background-color":"var(--ast-global-color-5)","background-image":"","background-repeat":"repeat","background-position":"center center","background-size":"auto","background-attachment":"scroll","background-type":"","background-media":"","overlay-type":"","overlay-color":"","overlay-opacity":"","overlay-gradient":""}}},"product_brand":[],"product_cat":[188,1126,242],"product_tag":[],"class_list":{"0":"post-323517","1":"product","2":"type-product","3":"status-publish","4":"has-post-thumbnail","6":"product_cat-freelancer","7":"product_cat-muscat","8":"product_cat-oman","9":"desktop-align-left","10":"tablet-align-left","11":"mobile-align-left","13":"first","14":"instock","15":"shipping-taxable","16":"product-type-simple"},"_links":{"self":[{"href":"https:\/\/poccky.com\/index.php\/wp-json\/wp\/v2\/product\/323517","targetHints":{"allow":["GET"]}}],"collection":[{"href":"https:\/\/poccky.com\/index.php\/wp-json\/wp\/v2\/product"}],"about":[{"href":"https:\/\/poccky.com\/index.php\/wp-json\/wp\/v2\/types\/product"}],"replies":[{"embeddable":true,"href":"https:\/\/poccky.com\/index.php\/wp-json\/wp\/v2\/comments?post=323517"}],"wp:featuredmedia":[{"embeddable":true,"href":"https:\/\/poccky.com\/index.php\/wp-json\/wp\/v2\/media\/204604"}],"wp:attachment":[{"href":"https:\/\/poccky.com\/index.php\/wp-json\/wp\/v2\/media?parent=323517"}],"wp:term":[{"taxonomy":"product_brand","embeddable":true,"href":"https:\/\/poccky.com\/index.php\/wp-json\/wp\/v2\/product_brand?post=323517"},{"taxonomy":"product_cat","embeddable":true,"href":"https:\/\/poccky.com\/index.php\/wp-json\/wp\/v2\/product_cat?post=323517"},{"taxonomy":"product_tag","embeddable":true,"href":"https:\/\/poccky.com\/index.php\/wp-json\/wp\/v2\/product_tag?post=323517"}],"curies":[{"name":"wp","href":"https:\/\/api.w.org\/{rel}","templated":true}]}}