{"id":323222,"date":"2023-10-30T15:13:58","date_gmt":"2023-10-30T15:13:58","guid":{"rendered":"https:\/\/poccky.com\/?post_type=product&#038;p=323222"},"modified":"2023-10-30T15:14:05","modified_gmt":"2023-10-30T15:14:05","slug":"mie-good-service-south-korean-masseuse-in-muscat","status":"publish","type":"product","link":"https:\/\/poccky.com\/index.php\/product\/mie-good-service-south-korean-masseuse-in-muscat\/","title":{"rendered":"Mie good service \u2013 South Korean masseuse in Muscat"},"content":{"rendered":"","protected":false},"excerpt":{"rendered":"<p>Xin ch\u00e0o gi?i th??ng l?u Muscat<br \/>\nEm l\u00e0 mie  ??n t? s? s? hoa anh ?\u00e0o<br \/>\nEm c\u00f2n r?t tr? khi ??t ch\u00e2n ??n v?i Oman<br \/>\nEm mong v?i kinh nghi?m l\u00e0m t\u00ecnh kh\u00f4ng bao n? h\u00f4n ki?u ph\u00e1p .. c\u00f9ng nh?ng tuy?t chi\u00eau ri\u00eang c?a m\u00ecnh s? gi\u00fap g\u00e2y nghi?n t?i c\u00e1c qu\u00fd \u00f4ng.em s? l\u00e0m t?t d?ch v? mass Age &#8211;  oil c\u00f9ng love .. kh\u00f4ng v?i.nh? nh\u00e0ng..c?m ?n ?\u00e3 ??c v\u00e0 gh\u00e9 qua trang web c?a em..??t l?ch S?m n\u00e0o! Orientation &#8211; Heterosexual Height &#8211; 159 cm \/ 5?3?  Ethnicity &#8211;  &#8211; Asian Bust &#8211; Medium Age &#8211; 25 Shaved &#8211; Yes Smokes &#8211; ?No Hair color &#8211; Black Nationality &#8211; South Korean  Gender &#8211; Female City &#8211; Muscat<br \/>\nOman+968 78 714 279<\/p>\n","protected":false},"featured_media":208958,"comment_status":"open","ping_status":"closed","template":"","meta":{"site-sidebar-layout":"default","site-content-layout":"","ast-site-content-layout":"","site-content-style":"default","site-sidebar-style":"default","ast-global-header-display":"","ast-banner-title-visibility":"","ast-main-header-display":"","ast-hfb-above-header-display":"","ast-hfb-below-header-display":"","ast-hfb-mobile-header-display":"","site-post-title":"","ast-breadcrumbs-content":"","ast-featured-img":"","footer-sml-layout":"","theme-transparent-header-meta":"","adv-header-id-meta":"","stick-header-meta":"","header-above-stick-meta":"","header-main-stick-meta":"","header-below-stick-meta":"","astra-migrate-meta-layouts":"default","ast-page-background-enabled":"default","ast-page-background-meta":{"desktop":{"background-color":"var(--ast-global-color-4)","background-image":"","background-repeat":"repeat","background-position":"center center","background-size":"auto","background-attachment":"scroll","background-type":"","background-media":"","overlay-type":"","overlay-color":"","overlay-opacity":"","overlay-gradient":""},"tablet":{"background-color":"","background-image":"","background-repeat":"repeat","background-position":"center center","background-size":"auto","background-attachment":"scroll","background-type":"","background-media":"","overlay-type":"","overlay-color":"","overlay-opacity":"","overlay-gradient":""},"mobile":{"background-color":"","background-image":"","background-repeat":"repeat","background-position":"center center","background-size":"auto","background-attachment":"scroll","background-type":"","background-media":"","overlay-type":"","overlay-color":"","overlay-opacity":"","overlay-gradient":""}},"ast-content-background-meta":{"desktop":{"background-color":"var(--ast-global-color-5)","background-image":"","background-repeat":"repeat","background-position":"center center","background-size":"auto","background-attachment":"scroll","background-type":"","background-media":"","overlay-type":"","overlay-color":"","overlay-opacity":"","overlay-gradient":""},"tablet":{"background-color":"var(--ast-global-color-5)","background-image":"","background-repeat":"repeat","background-position":"center center","background-size":"auto","background-attachment":"scroll","background-type":"","background-media":"","overlay-type":"","overlay-color":"","overlay-opacity":"","overlay-gradient":""},"mobile":{"background-color":"var(--ast-global-color-5)","background-image":"","background-repeat":"repeat","background-position":"center center","background-size":"auto","background-attachment":"scroll","background-type":"","background-media":"","overlay-type":"","overlay-color":"","overlay-opacity":"","overlay-gradient":""}}},"product_brand":[],"product_cat":[188,1126,242],"product_tag":[],"class_list":{"0":"post-323222","1":"product","2":"type-product","3":"status-publish","4":"has-post-thumbnail","6":"product_cat-freelancer","7":"product_cat-muscat","8":"product_cat-oman","9":"desktop-align-left","10":"tablet-align-left","11":"mobile-align-left","13":"first","14":"instock","15":"shipping-taxable","16":"product-type-simple"},"_links":{"self":[{"href":"https:\/\/poccky.com\/index.php\/wp-json\/wp\/v2\/product\/323222","targetHints":{"allow":["GET"]}}],"collection":[{"href":"https:\/\/poccky.com\/index.php\/wp-json\/wp\/v2\/product"}],"about":[{"href":"https:\/\/poccky.com\/index.php\/wp-json\/wp\/v2\/types\/product"}],"replies":[{"embeddable":true,"href":"https:\/\/poccky.com\/index.php\/wp-json\/wp\/v2\/comments?post=323222"}],"wp:featuredmedia":[{"embeddable":true,"href":"https:\/\/poccky.com\/index.php\/wp-json\/wp\/v2\/media\/208958"}],"wp:attachment":[{"href":"https:\/\/poccky.com\/index.php\/wp-json\/wp\/v2\/media?parent=323222"}],"wp:term":[{"taxonomy":"product_brand","embeddable":true,"href":"https:\/\/poccky.com\/index.php\/wp-json\/wp\/v2\/product_brand?post=323222"},{"taxonomy":"product_cat","embeddable":true,"href":"https:\/\/poccky.com\/index.php\/wp-json\/wp\/v2\/product_cat?post=323222"},{"taxonomy":"product_tag","embeddable":true,"href":"https:\/\/poccky.com\/index.php\/wp-json\/wp\/v2\/product_tag?post=323222"}],"curies":[{"name":"wp","href":"https:\/\/api.w.org\/{rel}","templated":true}]}}