{"id":322901,"date":"2023-10-30T13:21:54","date_gmt":"2023-10-30T13:21:54","guid":{"rendered":"https:\/\/poccky.com\/?post_type=product&#038;p=322901"},"modified":"2023-10-30T13:22:03","modified_gmt":"2023-10-30T13:22:03","slug":"masseuse-russe-russian-escort-in-monaco","status":"publish","type":"product","link":"https:\/\/poccky.com\/index.php\/product\/masseuse-russe-russian-escort-in-monaco\/","title":{"rendered":"Masseuse Russe \u2013 Russian escort in Monaco"},"content":{"rendered":"","protected":false},"excerpt":{"rendered":"<p>Bonjour.Bienvenue au mass Age &#8211;  Bien \u00eatre. Je suis une masseuse Famme Russe. certifi\u00e9e. Dipl\u00f4me  professionnelle et exp\u00e9riment\u00e9e offrant des services de tous types de mass Age &#8211; s. Dans un environnement propre et confortable. vous \u00e9viterez le stress quotidien. vous relaxerez. restaurerez force et harmonie. J&#8217;utilise l&#8217;huile de Bio sans odeur. la musique relaxante et surtout mes comp\u00e9tences professionnelles et mes mains. qui d\u00e9g Age &#8211; nt de la chaleur. du positif et de l&#8217;harmonie. Vous pouvez utiliser la douche et le linge propre. Uniquement sur RDV et SVP avice moins 1 heure.P.S Je suis une masseuse professionnelle. J&#8217;ai une formation et un dipl\u00f4me en chiropratique. Je connais bien l\u2019anatomie et suis capable de travailler avec le corps pour d\u00e9tendre le syst\u00e8me musculaire et soul Age &#8211; r les sympt\u00f4mes de la douleur. Mon travail est professionnel et de grande qualit\u00e9. Sachant que presque tous les hommes apr\u00e8s le mass Age &#8211;  veulent un peu de d\u00e9tente intime. Je peux permettre et faire une finition manuelle&#8230; Merci pour votre comprention. Orientation &#8211; Heterosexual Height &#8211; 174 cm \/ 5?9?  Ethnicity &#8211;  &#8211; White Bust &#8211; Large Age &#8211; 38 Shaved &#8211; Partially Smokes &#8211; ?No Hair color &#8211; Blonde Nationality &#8211; Russian  Gender &#8211; Female City &#8211; Monaco331000000000<\/p>\n","protected":false},"featured_media":218450,"comment_status":"open","ping_status":"closed","template":"","meta":{"site-sidebar-layout":"default","site-content-layout":"","ast-site-content-layout":"","site-content-style":"default","site-sidebar-style":"default","ast-global-header-display":"","ast-banner-title-visibility":"","ast-main-header-display":"","ast-hfb-above-header-display":"","ast-hfb-below-header-display":"","ast-hfb-mobile-header-display":"","site-post-title":"","ast-breadcrumbs-content":"","ast-featured-img":"","footer-sml-layout":"","theme-transparent-header-meta":"","adv-header-id-meta":"","stick-header-meta":"","header-above-stick-meta":"","header-main-stick-meta":"","header-below-stick-meta":"","astra-migrate-meta-layouts":"default","ast-page-background-enabled":"default","ast-page-background-meta":{"desktop":{"background-color":"var(--ast-global-color-4)","background-image":"","background-repeat":"repeat","background-position":"center center","background-size":"auto","background-attachment":"scroll","background-type":"","background-media":"","overlay-type":"","overlay-color":"","overlay-opacity":"","overlay-gradient":""},"tablet":{"background-color":"","background-image":"","background-repeat":"repeat","background-position":"center center","background-size":"auto","background-attachment":"scroll","background-type":"","background-media":"","overlay-type":"","overlay-color":"","overlay-opacity":"","overlay-gradient":""},"mobile":{"background-color":"","background-image":"","background-repeat":"repeat","background-position":"center center","background-size":"auto","background-attachment":"scroll","background-type":"","background-media":"","overlay-type":"","overlay-color":"","overlay-opacity":"","overlay-gradient":""}},"ast-content-background-meta":{"desktop":{"background-color":"var(--ast-global-color-5)","background-image":"","background-repeat":"repeat","background-position":"center center","background-size":"auto","background-attachment":"scroll","background-type":"","background-media":"","overlay-type":"","overlay-color":"","overlay-opacity":"","overlay-gradient":""},"tablet":{"background-color":"var(--ast-global-color-5)","background-image":"","background-repeat":"repeat","background-position":"center center","background-size":"auto","background-attachment":"scroll","background-type":"","background-media":"","overlay-type":"","overlay-color":"","overlay-opacity":"","overlay-gradient":""},"mobile":{"background-color":"var(--ast-global-color-5)","background-image":"","background-repeat":"repeat","background-position":"center center","background-size":"auto","background-attachment":"scroll","background-type":"","background-media":"","overlay-type":"","overlay-color":"","overlay-opacity":"","overlay-gradient":""}}},"product_brand":[],"product_cat":[188,911,1119],"product_tag":[],"class_list":{"0":"post-322901","1":"product","2":"type-product","3":"status-publish","4":"has-post-thumbnail","6":"product_cat-freelancer","7":"product_cat-monaco","8":"product_cat-monte-carlo","9":"desktop-align-left","10":"tablet-align-left","11":"mobile-align-left","13":"first","14":"instock","15":"shipping-taxable","16":"product-type-simple"},"_links":{"self":[{"href":"https:\/\/poccky.com\/index.php\/wp-json\/wp\/v2\/product\/322901","targetHints":{"allow":["GET"]}}],"collection":[{"href":"https:\/\/poccky.com\/index.php\/wp-json\/wp\/v2\/product"}],"about":[{"href":"https:\/\/poccky.com\/index.php\/wp-json\/wp\/v2\/types\/product"}],"replies":[{"embeddable":true,"href":"https:\/\/poccky.com\/index.php\/wp-json\/wp\/v2\/comments?post=322901"}],"wp:featuredmedia":[{"embeddable":true,"href":"https:\/\/poccky.com\/index.php\/wp-json\/wp\/v2\/media\/218450"}],"wp:attachment":[{"href":"https:\/\/poccky.com\/index.php\/wp-json\/wp\/v2\/media?parent=322901"}],"wp:term":[{"taxonomy":"product_brand","embeddable":true,"href":"https:\/\/poccky.com\/index.php\/wp-json\/wp\/v2\/product_brand?post=322901"},{"taxonomy":"product_cat","embeddable":true,"href":"https:\/\/poccky.com\/index.php\/wp-json\/wp\/v2\/product_cat?post=322901"},{"taxonomy":"product_tag","embeddable":true,"href":"https:\/\/poccky.com\/index.php\/wp-json\/wp\/v2\/product_tag?post=322901"}],"curies":[{"name":"wp","href":"https:\/\/api.w.org\/{rel}","templated":true}]}}