{"id":322338,"date":"2023-10-30T09:50:22","date_gmt":"2023-10-30T09:50:22","guid":{"rendered":"https:\/\/poccky.com\/?post_type=product&#038;p=322338"},"modified":"2023-10-30T09:50:30","modified_gmt":"2023-10-30T09:50:30","slug":"mila-masaje-italian-masseuse-in-madrid","status":"publish","type":"product","link":"https:\/\/poccky.com\/index.php\/product\/mila-masaje-italian-masseuse-in-madrid\/","title":{"rendered":"Mila Masaje \u2013 Italian masseuse in Madrid"},"content":{"rendered":"","protected":false},"excerpt":{"rendered":"<p>Hola cari\u00f1o. Me llamo Mila.<br \/>\nTITULADA EN MASAJE que te ofrece un trato de calidad.\u00a0Me gusta disfrutar de mis masajes y hacer sentir ideal. te har\u00e1  despertar  los sentidos. <\/p>\n<p>masajes er\u00f3ticos<br \/>\nMi finalidad es ayudarte a encontrar el bienestar. la relajaci\u00f3n y la paz interior por medio de delicados masajes sensuales y relajantes. Recup\u00e9rate de la fatiga a trav\u00e9s del arte del tacto. hasta el \u00faltimo de tus m\u00fasculos relajado.<\/p>\n<p>Masajes cuerpo a cuerpo Masaje T\u00e1ntrico. Masaje Mutuo. Masaje Lingam. Quiromasaje. Masajista Titulado.<\/p>\n<p>Para m\u00e1s informaci\u00f3n puedes escribirme.<\/p>\n<p>Masaje en Hotel o  barrio Salamanca. Orientation &#8211; Heterosexual Height &#8211; 165 cm \/ 5?5?  Ethnicity &#8211;  &#8211; White Bust &#8211; Medium Age &#8211; 22 Shaved &#8211; Partially Smokes &#8211; ?No Hair color &#8211; Blonde Nationality &#8211; Italian  Gender &#8211; Female City &#8211; Madrid<br \/>\nSpain+34 613 682 442<\/p>\n","protected":false},"featured_media":219164,"comment_status":"open","ping_status":"closed","template":"","meta":{"site-sidebar-layout":"default","site-content-layout":"","ast-site-content-layout":"","site-content-style":"default","site-sidebar-style":"default","ast-global-header-display":"","ast-banner-title-visibility":"","ast-main-header-display":"","ast-hfb-above-header-display":"","ast-hfb-below-header-display":"","ast-hfb-mobile-header-display":"","site-post-title":"","ast-breadcrumbs-content":"","ast-featured-img":"","footer-sml-layout":"","theme-transparent-header-meta":"","adv-header-id-meta":"","stick-header-meta":"","header-above-stick-meta":"","header-main-stick-meta":"","header-below-stick-meta":"","astra-migrate-meta-layouts":"default","ast-page-background-enabled":"default","ast-page-background-meta":{"desktop":{"background-color":"var(--ast-global-color-4)","background-image":"","background-repeat":"repeat","background-position":"center center","background-size":"auto","background-attachment":"scroll","background-type":"","background-media":"","overlay-type":"","overlay-color":"","overlay-opacity":"","overlay-gradient":""},"tablet":{"background-color":"","background-image":"","background-repeat":"repeat","background-position":"center center","background-size":"auto","background-attachment":"scroll","background-type":"","background-media":"","overlay-type":"","overlay-color":"","overlay-opacity":"","overlay-gradient":""},"mobile":{"background-color":"","background-image":"","background-repeat":"repeat","background-position":"center center","background-size":"auto","background-attachment":"scroll","background-type":"","background-media":"","overlay-type":"","overlay-color":"","overlay-opacity":"","overlay-gradient":""}},"ast-content-background-meta":{"desktop":{"background-color":"var(--ast-global-color-5)","background-image":"","background-repeat":"repeat","background-position":"center center","background-size":"auto","background-attachment":"scroll","background-type":"","background-media":"","overlay-type":"","overlay-color":"","overlay-opacity":"","overlay-gradient":""},"tablet":{"background-color":"var(--ast-global-color-5)","background-image":"","background-repeat":"repeat","background-position":"center center","background-size":"auto","background-attachment":"scroll","background-type":"","background-media":"","overlay-type":"","overlay-color":"","overlay-opacity":"","overlay-gradient":""},"mobile":{"background-color":"var(--ast-global-color-5)","background-image":"","background-repeat":"repeat","background-position":"center center","background-size":"auto","background-attachment":"scroll","background-type":"","background-media":"","overlay-type":"","overlay-color":"","overlay-opacity":"","overlay-gradient":""}}},"product_brand":[],"product_cat":[188,1116,1014],"product_tag":[],"class_list":{"0":"post-322338","1":"product","2":"type-product","3":"status-publish","4":"has-post-thumbnail","6":"product_cat-freelancer","7":"product_cat-madrid","8":"product_cat-spain","9":"desktop-align-left","10":"tablet-align-left","11":"mobile-align-left","13":"first","14":"instock","15":"shipping-taxable","16":"product-type-simple"},"_links":{"self":[{"href":"https:\/\/poccky.com\/index.php\/wp-json\/wp\/v2\/product\/322338","targetHints":{"allow":["GET"]}}],"collection":[{"href":"https:\/\/poccky.com\/index.php\/wp-json\/wp\/v2\/product"}],"about":[{"href":"https:\/\/poccky.com\/index.php\/wp-json\/wp\/v2\/types\/product"}],"replies":[{"embeddable":true,"href":"https:\/\/poccky.com\/index.php\/wp-json\/wp\/v2\/comments?post=322338"}],"wp:featuredmedia":[{"embeddable":true,"href":"https:\/\/poccky.com\/index.php\/wp-json\/wp\/v2\/media\/219164"}],"wp:attachment":[{"href":"https:\/\/poccky.com\/index.php\/wp-json\/wp\/v2\/media?parent=322338"}],"wp:term":[{"taxonomy":"product_brand","embeddable":true,"href":"https:\/\/poccky.com\/index.php\/wp-json\/wp\/v2\/product_brand?post=322338"},{"taxonomy":"product_cat","embeddable":true,"href":"https:\/\/poccky.com\/index.php\/wp-json\/wp\/v2\/product_cat?post=322338"},{"taxonomy":"product_tag","embeddable":true,"href":"https:\/\/poccky.com\/index.php\/wp-json\/wp\/v2\/product_tag?post=322338"}],"curies":[{"name":"wp","href":"https:\/\/api.w.org\/{rel}","templated":true}]}}