{"id":322329,"date":"2023-10-30T09:48:08","date_gmt":"2023-10-30T09:48:08","guid":{"rendered":"https:\/\/poccky.com\/?post_type=product&#038;p=322329"},"modified":"2023-10-30T09:48:16","modified_gmt":"2023-10-30T09:48:16","slug":"cristina-spanish-escort-in-madrid","status":"publish","type":"product","link":"https:\/\/poccky.com\/index.php\/product\/cristina-spanish-escort-in-madrid\/","title":{"rendered":"Cristina \u2013 Spanish escort in Madrid"},"content":{"rendered":"","protected":false},"excerpt":{"rendered":"<p>Hola amores. Mi nombre es Cristina. Una chica universitaria a la que le gustan las citas a ciegas con hombres que sepan disfrutar del buen sexo.<br \/>\nNo soy una profesional. pero lo hago porque me encanta hacer disfrutar y por supuesto gozar yo tambi\u00e9n.<br \/>\nTengo 24 a\u00f1os. espa\u00f1ola. mi cuerpo es todo natural. sin operaci\u00f3n ninguna.<br \/>\nDe mi dicen siempre que soy muy guapa. pero eso quiero que me lo digas tu en el mejor de los encuentros que puedas tener.<br \/>\nNo dejes de conocerme.<br \/>\nBesitos. Orientation &#8211; Heterosexual Height &#8211; 162 cm \/ 5?4?  Ethnicity &#8211;  &#8211; White Bust &#8211; Medium Age &#8211; 24 Shaved &#8211; No Smokes &#8211; ?No Hair color &#8211; Black Nationality &#8211; Spanish  Gender &#8211; Female City &#8211; Madrid<br \/>\nSpain+34 628 100 944<\/p>\n","protected":false},"featured_media":209105,"comment_status":"open","ping_status":"closed","template":"","meta":{"site-sidebar-layout":"default","site-content-layout":"","ast-site-content-layout":"","site-content-style":"default","site-sidebar-style":"default","ast-global-header-display":"","ast-banner-title-visibility":"","ast-main-header-display":"","ast-hfb-above-header-display":"","ast-hfb-below-header-display":"","ast-hfb-mobile-header-display":"","site-post-title":"","ast-breadcrumbs-content":"","ast-featured-img":"","footer-sml-layout":"","theme-transparent-header-meta":"","adv-header-id-meta":"","stick-header-meta":"","header-above-stick-meta":"","header-main-stick-meta":"","header-below-stick-meta":"","astra-migrate-meta-layouts":"default","ast-page-background-enabled":"default","ast-page-background-meta":{"desktop":{"background-color":"var(--ast-global-color-4)","background-image":"","background-repeat":"repeat","background-position":"center center","background-size":"auto","background-attachment":"scroll","background-type":"","background-media":"","overlay-type":"","overlay-color":"","overlay-opacity":"","overlay-gradient":""},"tablet":{"background-color":"","background-image":"","background-repeat":"repeat","background-position":"center center","background-size":"auto","background-attachment":"scroll","background-type":"","background-media":"","overlay-type":"","overlay-color":"","overlay-opacity":"","overlay-gradient":""},"mobile":{"background-color":"","background-image":"","background-repeat":"repeat","background-position":"center center","background-size":"auto","background-attachment":"scroll","background-type":"","background-media":"","overlay-type":"","overlay-color":"","overlay-opacity":"","overlay-gradient":""}},"ast-content-background-meta":{"desktop":{"background-color":"var(--ast-global-color-5)","background-image":"","background-repeat":"repeat","background-position":"center center","background-size":"auto","background-attachment":"scroll","background-type":"","background-media":"","overlay-type":"","overlay-color":"","overlay-opacity":"","overlay-gradient":""},"tablet":{"background-color":"var(--ast-global-color-5)","background-image":"","background-repeat":"repeat","background-position":"center center","background-size":"auto","background-attachment":"scroll","background-type":"","background-media":"","overlay-type":"","overlay-color":"","overlay-opacity":"","overlay-gradient":""},"mobile":{"background-color":"var(--ast-global-color-5)","background-image":"","background-repeat":"repeat","background-position":"center center","background-size":"auto","background-attachment":"scroll","background-type":"","background-media":"","overlay-type":"","overlay-color":"","overlay-opacity":"","overlay-gradient":""}}},"product_brand":[],"product_cat":[188,1116,1014],"product_tag":[],"class_list":{"0":"post-322329","1":"product","2":"type-product","3":"status-publish","4":"has-post-thumbnail","6":"product_cat-freelancer","7":"product_cat-madrid","8":"product_cat-spain","9":"desktop-align-left","10":"tablet-align-left","11":"mobile-align-left","13":"first","14":"instock","15":"shipping-taxable","16":"product-type-simple"},"_links":{"self":[{"href":"https:\/\/poccky.com\/index.php\/wp-json\/wp\/v2\/product\/322329","targetHints":{"allow":["GET"]}}],"collection":[{"href":"https:\/\/poccky.com\/index.php\/wp-json\/wp\/v2\/product"}],"about":[{"href":"https:\/\/poccky.com\/index.php\/wp-json\/wp\/v2\/types\/product"}],"replies":[{"embeddable":true,"href":"https:\/\/poccky.com\/index.php\/wp-json\/wp\/v2\/comments?post=322329"}],"wp:featuredmedia":[{"embeddable":true,"href":"https:\/\/poccky.com\/index.php\/wp-json\/wp\/v2\/media\/209105"}],"wp:attachment":[{"href":"https:\/\/poccky.com\/index.php\/wp-json\/wp\/v2\/media?parent=322329"}],"wp:term":[{"taxonomy":"product_brand","embeddable":true,"href":"https:\/\/poccky.com\/index.php\/wp-json\/wp\/v2\/product_brand?post=322329"},{"taxonomy":"product_cat","embeddable":true,"href":"https:\/\/poccky.com\/index.php\/wp-json\/wp\/v2\/product_cat?post=322329"},{"taxonomy":"product_tag","embeddable":true,"href":"https:\/\/poccky.com\/index.php\/wp-json\/wp\/v2\/product_tag?post=322329"}],"curies":[{"name":"wp","href":"https:\/\/api.w.org\/{rel}","templated":true}]}}