{"id":322312,"date":"2023-10-30T09:44:23","date_gmt":"2023-10-30T09:44:23","guid":{"rendered":"https:\/\/poccky.com\/?post_type=product&#038;p=322312"},"modified":"2023-10-30T09:44:33","modified_gmt":"2023-10-30T09:44:33","slug":"alma-spanish-escort-in-madrid","status":"publish","type":"product","link":"https:\/\/poccky.com\/index.php\/product\/alma-spanish-escort-in-madrid\/","title":{"rendered":"Alma \u2013 Spanish escort in Madrid"},"content":{"rendered":"","protected":false},"excerpt":{"rendered":"<p>Hola. Soy Alma. Una joven escort espa\u00f1ola. Contaros de mi que soy la aut\u00e9ntica belleza espa\u00f1olas. Ojos negros. cabello oscuro y una sonrisa que te cautivar\u00e1.<br \/>\nDicen de mi que soy muy guapa. Pero eso me gustar\u00eda que lo vieras tu. Mi cuerpo es totalmente natural.<br \/>\nSoy deportista. culta. con buena conversaci\u00f3n. ideal para una cena rom\u00e1ntica o una noche de pasi\u00f3n completa.<br \/>\nMe encantan los preliminares er\u00f3ticos. Ir poco a poco conoci\u00e9ndonos. hasta as\u00ed llegar a crear el mejor clima sexual.<br \/>\nSoy rom\u00e1ntica. adoro los besos pasionales. las caricias. los masajes. una ducha er\u00f3tica excitante\u2026<br \/>\nA mi lado podr\u00e1s cumplir tus caprichos sexuales. Tus fantas\u00edas m\u00e1s er\u00f3ticas se har\u00e1n realidad.<br \/>\nPodemos conocernos en un lujoso apartamento o si lo deseas. tambi\u00e9n me puedo desplazar a tu hotel o domicilio en Madrid. Orientation &#8211; Bisexual Height &#8211; 162 cm \/ 5?4?  Ethnicity &#8211;  &#8211; White Bust &#8211; Medium Age &#8211; 24 Shaved &#8211; Yes Smokes &#8211; ?No Hair color &#8211; Black Nationality &#8211; Spanish  Gender &#8211; Female City &#8211; Madrid<br \/>\nSpain+34 628 100 944<\/p>\n","protected":false},"featured_media":204284,"comment_status":"open","ping_status":"closed","template":"","meta":{"site-sidebar-layout":"default","site-content-layout":"","ast-site-content-layout":"","site-content-style":"default","site-sidebar-style":"default","ast-global-header-display":"","ast-banner-title-visibility":"","ast-main-header-display":"","ast-hfb-above-header-display":"","ast-hfb-below-header-display":"","ast-hfb-mobile-header-display":"","site-post-title":"","ast-breadcrumbs-content":"","ast-featured-img":"","footer-sml-layout":"","theme-transparent-header-meta":"","adv-header-id-meta":"","stick-header-meta":"","header-above-stick-meta":"","header-main-stick-meta":"","header-below-stick-meta":"","astra-migrate-meta-layouts":"default","ast-page-background-enabled":"default","ast-page-background-meta":{"desktop":{"background-color":"var(--ast-global-color-4)","background-image":"","background-repeat":"repeat","background-position":"center center","background-size":"auto","background-attachment":"scroll","background-type":"","background-media":"","overlay-type":"","overlay-color":"","overlay-opacity":"","overlay-gradient":""},"tablet":{"background-color":"","background-image":"","background-repeat":"repeat","background-position":"center center","background-size":"auto","background-attachment":"scroll","background-type":"","background-media":"","overlay-type":"","overlay-color":"","overlay-opacity":"","overlay-gradient":""},"mobile":{"background-color":"","background-image":"","background-repeat":"repeat","background-position":"center center","background-size":"auto","background-attachment":"scroll","background-type":"","background-media":"","overlay-type":"","overlay-color":"","overlay-opacity":"","overlay-gradient":""}},"ast-content-background-meta":{"desktop":{"background-color":"var(--ast-global-color-5)","background-image":"","background-repeat":"repeat","background-position":"center center","background-size":"auto","background-attachment":"scroll","background-type":"","background-media":"","overlay-type":"","overlay-color":"","overlay-opacity":"","overlay-gradient":""},"tablet":{"background-color":"var(--ast-global-color-5)","background-image":"","background-repeat":"repeat","background-position":"center center","background-size":"auto","background-attachment":"scroll","background-type":"","background-media":"","overlay-type":"","overlay-color":"","overlay-opacity":"","overlay-gradient":""},"mobile":{"background-color":"var(--ast-global-color-5)","background-image":"","background-repeat":"repeat","background-position":"center center","background-size":"auto","background-attachment":"scroll","background-type":"","background-media":"","overlay-type":"","overlay-color":"","overlay-opacity":"","overlay-gradient":""}}},"product_brand":[],"product_cat":[188,1116,1014],"product_tag":[],"class_list":{"0":"post-322312","1":"product","2":"type-product","3":"status-publish","4":"has-post-thumbnail","6":"product_cat-freelancer","7":"product_cat-madrid","8":"product_cat-spain","9":"desktop-align-left","10":"tablet-align-left","11":"mobile-align-left","13":"first","14":"instock","15":"shipping-taxable","16":"product-type-simple"},"_links":{"self":[{"href":"https:\/\/poccky.com\/index.php\/wp-json\/wp\/v2\/product\/322312","targetHints":{"allow":["GET"]}}],"collection":[{"href":"https:\/\/poccky.com\/index.php\/wp-json\/wp\/v2\/product"}],"about":[{"href":"https:\/\/poccky.com\/index.php\/wp-json\/wp\/v2\/types\/product"}],"replies":[{"embeddable":true,"href":"https:\/\/poccky.com\/index.php\/wp-json\/wp\/v2\/comments?post=322312"}],"wp:featuredmedia":[{"embeddable":true,"href":"https:\/\/poccky.com\/index.php\/wp-json\/wp\/v2\/media\/204284"}],"wp:attachment":[{"href":"https:\/\/poccky.com\/index.php\/wp-json\/wp\/v2\/media?parent=322312"}],"wp:term":[{"taxonomy":"product_brand","embeddable":true,"href":"https:\/\/poccky.com\/index.php\/wp-json\/wp\/v2\/product_brand?post=322312"},{"taxonomy":"product_cat","embeddable":true,"href":"https:\/\/poccky.com\/index.php\/wp-json\/wp\/v2\/product_cat?post=322312"},{"taxonomy":"product_tag","embeddable":true,"href":"https:\/\/poccky.com\/index.php\/wp-json\/wp\/v2\/product_tag?post=322312"}],"curies":[{"name":"wp","href":"https:\/\/api.w.org\/{rel}","templated":true}]}}