{"id":322307,"date":"2023-10-30T09:43:12","date_gmt":"2023-10-30T09:43:12","guid":{"rendered":"https:\/\/poccky.com\/?post_type=product&#038;p=322307"},"modified":"2023-10-30T09:43:18","modified_gmt":"2023-10-30T09:43:18","slug":"celeste-venta-de-videollamadas-colombian-escort-in-madrid","status":"publish","type":"product","link":"https:\/\/poccky.com\/index.php\/product\/celeste-venta-de-videollamadas-colombian-escort-in-madrid\/","title":{"rendered":"Celeste Venta De Videollamadas \u2013 Colombian escort in Madrid"},"content":{"rendered":"","protected":false},"excerpt":{"rendered":"<p>TODA UNA ACTRIZ PORNO EN LA CAMA SIN LIMITES LOS MEJORES GEMIDOS SQUIRT BDSM<br \/>\nSoy todo lo que buscas amor. no dudes en preguntar por mis servicios adicionales. ponte en contacto conmigo para que te enteres acerca de todas las cositas ricas que podremos hacer juntos. te va a encantar mi personalidad y mi cuerpo<\/p>\n<p>Soy una chica tremendamente caliente. he llegado para brindarte puro placer. te dejare disfrutar de mi cuerpo las veces que desees. juntos daremos rienda suelta a nuestras fantas\u00edas. nuestra cita ser\u00e1 de puro placer y pasi\u00f3n. estoy deseosa de ti.<\/p>\n<p>Comun\u00edcate conmigo para poder darte mucha m\u00e1s informaci\u00f3n sobre mis servicios. mis tarifas y mis horarios. te atender\u00e9 con mucho gusto. ll\u00e1mame<\/p>\n<p>Instagram @diamondescorts1<\/p>\n<p>facebook:escortsdiamondquilla<\/p>\n<p>twitter escortsdimoand1 Orientation &#8211; Bisexual Height &#8211; 170 cm \/ 5?7?  Ethnicity &#8211;  &#8211; Latina Bust &#8211; Medium Age &#8211; 21 Shaved &#8211; Yes Smokes &#8211; ?No Hair color &#8211; Red Nationality &#8211; Colombian  Gender &#8211; Female City &#8211; Madrid<br \/>\nSpain+57 323 336 2410<\/p>\n","protected":false},"featured_media":208315,"comment_status":"open","ping_status":"closed","template":"","meta":{"site-sidebar-layout":"default","site-content-layout":"","ast-site-content-layout":"","site-content-style":"default","site-sidebar-style":"default","ast-global-header-display":"","ast-banner-title-visibility":"","ast-main-header-display":"","ast-hfb-above-header-display":"","ast-hfb-below-header-display":"","ast-hfb-mobile-header-display":"","site-post-title":"","ast-breadcrumbs-content":"","ast-featured-img":"","footer-sml-layout":"","theme-transparent-header-meta":"","adv-header-id-meta":"","stick-header-meta":"","header-above-stick-meta":"","header-main-stick-meta":"","header-below-stick-meta":"","astra-migrate-meta-layouts":"default","ast-page-background-enabled":"default","ast-page-background-meta":{"desktop":{"background-color":"var(--ast-global-color-4)","background-image":"","background-repeat":"repeat","background-position":"center center","background-size":"auto","background-attachment":"scroll","background-type":"","background-media":"","overlay-type":"","overlay-color":"","overlay-opacity":"","overlay-gradient":""},"tablet":{"background-color":"","background-image":"","background-repeat":"repeat","background-position":"center center","background-size":"auto","background-attachment":"scroll","background-type":"","background-media":"","overlay-type":"","overlay-color":"","overlay-opacity":"","overlay-gradient":""},"mobile":{"background-color":"","background-image":"","background-repeat":"repeat","background-position":"center center","background-size":"auto","background-attachment":"scroll","background-type":"","background-media":"","overlay-type":"","overlay-color":"","overlay-opacity":"","overlay-gradient":""}},"ast-content-background-meta":{"desktop":{"background-color":"var(--ast-global-color-5)","background-image":"","background-repeat":"repeat","background-position":"center center","background-size":"auto","background-attachment":"scroll","background-type":"","background-media":"","overlay-type":"","overlay-color":"","overlay-opacity":"","overlay-gradient":""},"tablet":{"background-color":"var(--ast-global-color-5)","background-image":"","background-repeat":"repeat","background-position":"center center","background-size":"auto","background-attachment":"scroll","background-type":"","background-media":"","overlay-type":"","overlay-color":"","overlay-opacity":"","overlay-gradient":""},"mobile":{"background-color":"var(--ast-global-color-5)","background-image":"","background-repeat":"repeat","background-position":"center center","background-size":"auto","background-attachment":"scroll","background-type":"","background-media":"","overlay-type":"","overlay-color":"","overlay-opacity":"","overlay-gradient":""}}},"product_brand":[],"product_cat":[188,1116,1014],"product_tag":[],"class_list":{"0":"post-322307","1":"product","2":"type-product","3":"status-publish","4":"has-post-thumbnail","6":"product_cat-freelancer","7":"product_cat-madrid","8":"product_cat-spain","9":"desktop-align-left","10":"tablet-align-left","11":"mobile-align-left","13":"first","14":"instock","15":"shipping-taxable","16":"product-type-simple"},"_links":{"self":[{"href":"https:\/\/poccky.com\/index.php\/wp-json\/wp\/v2\/product\/322307","targetHints":{"allow":["GET"]}}],"collection":[{"href":"https:\/\/poccky.com\/index.php\/wp-json\/wp\/v2\/product"}],"about":[{"href":"https:\/\/poccky.com\/index.php\/wp-json\/wp\/v2\/types\/product"}],"replies":[{"embeddable":true,"href":"https:\/\/poccky.com\/index.php\/wp-json\/wp\/v2\/comments?post=322307"}],"wp:featuredmedia":[{"embeddable":true,"href":"https:\/\/poccky.com\/index.php\/wp-json\/wp\/v2\/media\/208315"}],"wp:attachment":[{"href":"https:\/\/poccky.com\/index.php\/wp-json\/wp\/v2\/media?parent=322307"}],"wp:term":[{"taxonomy":"product_brand","embeddable":true,"href":"https:\/\/poccky.com\/index.php\/wp-json\/wp\/v2\/product_brand?post=322307"},{"taxonomy":"product_cat","embeddable":true,"href":"https:\/\/poccky.com\/index.php\/wp-json\/wp\/v2\/product_cat?post=322307"},{"taxonomy":"product_tag","embeddable":true,"href":"https:\/\/poccky.com\/index.php\/wp-json\/wp\/v2\/product_tag?post=322307"}],"curies":[{"name":"wp","href":"https:\/\/api.w.org\/{rel}","templated":true}]}}