{"id":322268,"date":"2023-10-30T09:32:45","date_gmt":"2023-10-30T09:32:45","guid":{"rendered":"https:\/\/poccky.com\/?post_type=product&#038;p=322268"},"modified":"2023-10-30T09:33:02","modified_gmt":"2023-10-30T09:33:02","slug":"barbara-colombian-escort-in-madrid","status":"publish","type":"product","link":"https:\/\/poccky.com\/index.php\/product\/barbara-colombian-escort-in-madrid\/","title":{"rendered":"Barbara \u2013 Colombian escort in Madrid"},"content":{"rendered":"","protected":false},"excerpt":{"rendered":"<p>Barbara es una mujer joven y hermosa con una figura esbelta y curvas exquisitas que llaman la atenci\u00f3n de cualquiera que la vea. Su piel es suave y c\u00e1lida. y su cabello largo y sedoso cae con elegancia sobre sus hombros. Tiene unos ojos oscuros y profundos que sugieren una intensidad apasionada. y su sonrisa coqueta y juguetona sugiere que sabe exactamente c\u00f3mo agradar a sus clientes.<\/p>\n<p>Como masajista. Barbara es experta en el arte del tacto y la relajaci\u00f3n. y su t\u00e9cnica es suave y sensual. capaz de liberar tensiones y proporcionar un profundo bienestar. Sus manos son h\u00e1biles y diestras. capaces de acariciar el cuerpo con una gracia y suavidad inigualables. Orientation &#8211; Bisexual Height &#8211; 160 cm \/ 5?3?  Ethnicity &#8211;  &#8211; Latina Bust &#8211; Small Age &#8211; 19 Shaved &#8211; Partially Smokes &#8211; ?No Hair color &#8211; Brunette Nationality &#8211; Colombian  Gender &#8211; Female City &#8211; Madrid<br \/>\nSpain+34 642 473 082<\/p>\n","protected":false},"featured_media":206527,"comment_status":"open","ping_status":"closed","template":"","meta":{"site-sidebar-layout":"default","site-content-layout":"","ast-site-content-layout":"","site-content-style":"default","site-sidebar-style":"default","ast-global-header-display":"","ast-banner-title-visibility":"","ast-main-header-display":"","ast-hfb-above-header-display":"","ast-hfb-below-header-display":"","ast-hfb-mobile-header-display":"","site-post-title":"","ast-breadcrumbs-content":"","ast-featured-img":"","footer-sml-layout":"","theme-transparent-header-meta":"","adv-header-id-meta":"","stick-header-meta":"","header-above-stick-meta":"","header-main-stick-meta":"","header-below-stick-meta":"","astra-migrate-meta-layouts":"default","ast-page-background-enabled":"default","ast-page-background-meta":{"desktop":{"background-color":"var(--ast-global-color-4)","background-image":"","background-repeat":"repeat","background-position":"center center","background-size":"auto","background-attachment":"scroll","background-type":"","background-media":"","overlay-type":"","overlay-color":"","overlay-opacity":"","overlay-gradient":""},"tablet":{"background-color":"","background-image":"","background-repeat":"repeat","background-position":"center center","background-size":"auto","background-attachment":"scroll","background-type":"","background-media":"","overlay-type":"","overlay-color":"","overlay-opacity":"","overlay-gradient":""},"mobile":{"background-color":"","background-image":"","background-repeat":"repeat","background-position":"center center","background-size":"auto","background-attachment":"scroll","background-type":"","background-media":"","overlay-type":"","overlay-color":"","overlay-opacity":"","overlay-gradient":""}},"ast-content-background-meta":{"desktop":{"background-color":"var(--ast-global-color-5)","background-image":"","background-repeat":"repeat","background-position":"center center","background-size":"auto","background-attachment":"scroll","background-type":"","background-media":"","overlay-type":"","overlay-color":"","overlay-opacity":"","overlay-gradient":""},"tablet":{"background-color":"var(--ast-global-color-5)","background-image":"","background-repeat":"repeat","background-position":"center center","background-size":"auto","background-attachment":"scroll","background-type":"","background-media":"","overlay-type":"","overlay-color":"","overlay-opacity":"","overlay-gradient":""},"mobile":{"background-color":"var(--ast-global-color-5)","background-image":"","background-repeat":"repeat","background-position":"center center","background-size":"auto","background-attachment":"scroll","background-type":"","background-media":"","overlay-type":"","overlay-color":"","overlay-opacity":"","overlay-gradient":""}}},"product_brand":[],"product_cat":[188,1116,1014],"product_tag":[],"class_list":{"0":"post-322268","1":"product","2":"type-product","3":"status-publish","4":"has-post-thumbnail","6":"product_cat-freelancer","7":"product_cat-madrid","8":"product_cat-spain","9":"desktop-align-left","10":"tablet-align-left","11":"mobile-align-left","13":"first","14":"instock","15":"shipping-taxable","16":"product-type-simple"},"_links":{"self":[{"href":"https:\/\/poccky.com\/index.php\/wp-json\/wp\/v2\/product\/322268","targetHints":{"allow":["GET"]}}],"collection":[{"href":"https:\/\/poccky.com\/index.php\/wp-json\/wp\/v2\/product"}],"about":[{"href":"https:\/\/poccky.com\/index.php\/wp-json\/wp\/v2\/types\/product"}],"replies":[{"embeddable":true,"href":"https:\/\/poccky.com\/index.php\/wp-json\/wp\/v2\/comments?post=322268"}],"wp:featuredmedia":[{"embeddable":true,"href":"https:\/\/poccky.com\/index.php\/wp-json\/wp\/v2\/media\/206527"}],"wp:attachment":[{"href":"https:\/\/poccky.com\/index.php\/wp-json\/wp\/v2\/media?parent=322268"}],"wp:term":[{"taxonomy":"product_brand","embeddable":true,"href":"https:\/\/poccky.com\/index.php\/wp-json\/wp\/v2\/product_brand?post=322268"},{"taxonomy":"product_cat","embeddable":true,"href":"https:\/\/poccky.com\/index.php\/wp-json\/wp\/v2\/product_cat?post=322268"},{"taxonomy":"product_tag","embeddable":true,"href":"https:\/\/poccky.com\/index.php\/wp-json\/wp\/v2\/product_tag?post=322268"}],"curies":[{"name":"wp","href":"https:\/\/api.w.org\/{rel}","templated":true}]}}