{"id":307754,"date":"2023-10-29T21:26:12","date_gmt":"2023-10-29T21:26:12","guid":{"rendered":"https:\/\/poccky.com\/?post_type=product&#038;p=307754"},"modified":"2023-10-29T21:26:13","modified_gmt":"2023-10-29T21:26:13","slug":"diodea-epos-l-oriente-sposa-l-occidente","status":"publish","type":"product","link":"https:\/\/poccky.com\/index.php\/product\/diodea-epos-l-oriente-sposa-l-occidente\/","title":{"rendered":"Diodea Epos L Oriente Sposa L Occidente"},"content":{"rendered":"","protected":false},"excerpt":{"rendered":"<p>Salve. mi chiamo Diodea Epos e sono di origini nepalesi. ma italianissima di adozione. Le foto che vedi sono create da me e scattate con l\u2019autoscatto. dunque puoi subito dedurre il mio tipo erotismo. Posso inviarti altre foto molto peculiari. L&#8217;oriente sposa l&#8217;occidente in un mix inedito. . . . . . che potrai vedere subito nel mio video su questa pagina.<\/p>\n<p>Vorrei incontrare ESCLUSIVAMENTE uomini di ELEVATO profilo socio-culturale perch\u00e9 \u00e8 per me piacevole intrattenere conversazioni di pi\u00f9 alto livello. arricchirmi e arricchire intellettualmente. Non uso auto referenziarmi ritenendo BANALE e di poco gusto tale atteggiamento reiterato. Un incontro \u00e8 piacevole se si \u00e8 complici in DUE e per agevolare questo quindi mi pongo con tatto a partire da un annuncio.<br \/>\nInoltre. mi piace modificare terminologie da copione quali &#8220;servizi&#8221; con frasi come &#8220;esperienze&#8221;. . . . . .<\/p>\n<p>Avrai gi\u00e0 notato che mostro il mio volto essendo libera da legami familiari. ad ogni modo so cosa significa il concetto &#8220;usare discrezione&#8221;. Non mi sono graditi gli incontri dell\u2019ultimo momento e di fretta. Ricevo in hotel in centro a Roma e casa periferia sud est.<br \/>\nAVVISAMI CON ALMENO 4 ORE DI ANTICIPO!<br \/>\nL\u2019uomo di livello avr\u00e0 gi\u00e0 intuito la singolarit\u00e0 del mio annuncio e conceder\u00e0 a se stesso di certo momenti inediti e Speciali con me.<\/p>\n<p>Disponibile anche per cene. week-end e viaggi in Italia e all&#8217;estero. My details Below mentioned<\/p>\n<p>                Age:<br \/>\n                35<\/p>\n<p>                Height:<br \/>\n                155<\/p>\n<p>                Weight:<br \/>\n                45<\/p>\n<p>                Hair:<br \/>\n                Neri<\/p>\n<p>                Eyes:<br \/>\n                Neri<\/p>\n<p>                Measurements:<br \/>\n                82-60-82phone_android Phone:<br \/>\n          3282532733<\/p>\n","protected":false},"featured_media":171796,"comment_status":"open","ping_status":"closed","template":"","meta":{"site-sidebar-layout":"default","site-content-layout":"","ast-site-content-layout":"","site-content-style":"default","site-sidebar-style":"default","ast-global-header-display":"","ast-banner-title-visibility":"","ast-main-header-display":"","ast-hfb-above-header-display":"","ast-hfb-below-header-display":"","ast-hfb-mobile-header-display":"","site-post-title":"","ast-breadcrumbs-content":"","ast-featured-img":"","footer-sml-layout":"","theme-transparent-header-meta":"","adv-header-id-meta":"","stick-header-meta":"","header-above-stick-meta":"","header-main-stick-meta":"","header-below-stick-meta":"","astra-migrate-meta-layouts":"default","ast-page-background-enabled":"default","ast-page-background-meta":{"desktop":{"background-color":"var(--ast-global-color-4)","background-image":"","background-repeat":"repeat","background-position":"center center","background-size":"auto","background-attachment":"scroll","background-type":"","background-media":"","overlay-type":"","overlay-color":"","overlay-opacity":"","overlay-gradient":""},"tablet":{"background-color":"","background-image":"","background-repeat":"repeat","background-position":"center center","background-size":"auto","background-attachment":"scroll","background-type":"","background-media":"","overlay-type":"","overlay-color":"","overlay-opacity":"","overlay-gradient":""},"mobile":{"background-color":"","background-image":"","background-repeat":"repeat","background-position":"center center","background-size":"auto","background-attachment":"scroll","background-type":"","background-media":"","overlay-type":"","overlay-color":"","overlay-opacity":"","overlay-gradient":""}},"ast-content-background-meta":{"desktop":{"background-color":"var(--ast-global-color-5)","background-image":"","background-repeat":"repeat","background-position":"center center","background-size":"auto","background-attachment":"scroll","background-type":"","background-media":"","overlay-type":"","overlay-color":"","overlay-opacity":"","overlay-gradient":""},"tablet":{"background-color":"var(--ast-global-color-5)","background-image":"","background-repeat":"repeat","background-position":"center center","background-size":"auto","background-attachment":"scroll","background-type":"","background-media":"","overlay-type":"","overlay-color":"","overlay-opacity":"","overlay-gradient":""},"mobile":{"background-color":"var(--ast-global-color-5)","background-image":"","background-repeat":"repeat","background-position":"center center","background-size":"auto","background-attachment":"scroll","background-type":"","background-media":"","overlay-type":"","overlay-color":"","overlay-opacity":"","overlay-gradient":""}}},"product_brand":[],"product_cat":[188,809,810],"product_tag":[],"class_list":{"0":"post-307754","1":"product","2":"type-product","3":"status-publish","4":"has-post-thumbnail","6":"product_cat-freelancer","7":"product_cat-italy","8":"product_cat-rome","9":"desktop-align-left","10":"tablet-align-left","11":"mobile-align-left","13":"first","14":"instock","15":"shipping-taxable","16":"product-type-simple"},"_links":{"self":[{"href":"https:\/\/poccky.com\/index.php\/wp-json\/wp\/v2\/product\/307754","targetHints":{"allow":["GET"]}}],"collection":[{"href":"https:\/\/poccky.com\/index.php\/wp-json\/wp\/v2\/product"}],"about":[{"href":"https:\/\/poccky.com\/index.php\/wp-json\/wp\/v2\/types\/product"}],"replies":[{"embeddable":true,"href":"https:\/\/poccky.com\/index.php\/wp-json\/wp\/v2\/comments?post=307754"}],"wp:featuredmedia":[{"embeddable":true,"href":"https:\/\/poccky.com\/index.php\/wp-json\/wp\/v2\/media\/171796"}],"wp:attachment":[{"href":"https:\/\/poccky.com\/index.php\/wp-json\/wp\/v2\/media?parent=307754"}],"wp:term":[{"taxonomy":"product_brand","embeddable":true,"href":"https:\/\/poccky.com\/index.php\/wp-json\/wp\/v2\/product_brand?post=307754"},{"taxonomy":"product_cat","embeddable":true,"href":"https:\/\/poccky.com\/index.php\/wp-json\/wp\/v2\/product_cat?post=307754"},{"taxonomy":"product_tag","embeddable":true,"href":"https:\/\/poccky.com\/index.php\/wp-json\/wp\/v2\/product_tag?post=307754"}],"curies":[{"name":"wp","href":"https:\/\/api.w.org\/{rel}","templated":true}]}}