{"id":306198,"date":"2023-10-29T20:10:36","date_gmt":"2023-10-29T20:10:36","guid":{"rendered":"https:\/\/poccky.com\/?post_type=product&#038;p=306198"},"modified":"2023-10-29T20:10:37","modified_gmt":"2023-10-29T20:10:37","slug":"votre-petite-amie-japonaise-riko","status":"publish","type":"product","link":"https:\/\/poccky.com\/index.php\/product\/votre-petite-amie-japonaise-riko\/","title":{"rendered":"Votre Petite Amie Japonaise Riko"},"content":{"rendered":"","protected":false},"excerpt":{"rendered":"<p>Cher messieurs de go\u00fbt. si votre vie a besoin d\u2019un moment bien color\u00e9 et m\u00e9lodieux\u2026<\/p>\n<p>???<\/p>\n<p>Parfois je suis un lys blanc distingu\u00e9. parfois je suis une rose ensorcelante.<br \/>\nPrenez plaisir de mes couleurs et de mes parfums vari\u00e9s. ainsi que de mes p\u00e9tales velout\u00e9s\u2026<\/p>\n<p>Je suis aussi comme un grand violon.\u00a0<br \/>\nUn grand violon ne joue pas de la musique par lui-m\u00eame.\u00a0<br \/>\nSi vous me traitez avec douceur et avec passion. nous pourrons improviser de belles m\u00e9lodies.\u00a0<br \/>\nCes\u00a0m\u00e9lodies pourront varier. tant\u00f4t c\u00e2lines et moelleuses. tant\u00f4t passionn\u00e9es et dramatiques.<br \/>\n\u2026Profitons de\u00a0notre s\u00e9ance m\u00e9lodieuse et sensuelle.<\/p>\n<p>???<\/p>\n<p>Si vous cherchez une escorte Japonaise qui parle le fran\u00e7ais \u00e0 Hongkon.G probablement je suis la seule disponible.<br \/>\nCependant. ce n&#8217;est pas uniquement cette raison que vous me choisirez&#8230; S&#8217;il vous pla\u00eet visitez mon site Web.<\/p>\n<p>*Je me suis v\u00e9rifi\u00e9e et \u00e9tablie ma r\u00e9putation.<br \/>\nP411: P194633<\/p>\n<p>???<\/p>\n<p>Riko Suzuki &#8211; LA FLEUR DE TOKYO My details Below mentioned<\/p>\n<p>                Nationality:<br \/>\n                Japanese <\/p>\n<p>                Languages:<br \/>\n                English. French. Japanese<\/p>\n<p>                Age:<br \/>\n                27<\/p>\n<p>                Height:<br \/>\n                158<\/p>\n<p>                Weight:<br \/>\n                48<\/p>\n<p>                Hair:<br \/>\n                Longs et bruns<\/p>\n<p>                Eyes:<br \/>\n                Bruns<\/p>\n<p>                Measurements:<br \/>\n                83-60-85<\/p>\n","protected":false},"featured_media":168976,"comment_status":"open","ping_status":"closed","template":"","meta":{"site-sidebar-layout":"default","site-content-layout":"","ast-site-content-layout":"","site-content-style":"default","site-sidebar-style":"default","ast-global-header-display":"","ast-banner-title-visibility":"","ast-main-header-display":"","ast-hfb-above-header-display":"","ast-hfb-below-header-display":"","ast-hfb-mobile-header-display":"","site-post-title":"","ast-breadcrumbs-content":"","ast-featured-img":"","footer-sml-layout":"","theme-transparent-header-meta":"","adv-header-id-meta":"","stick-header-meta":"","header-above-stick-meta":"","header-main-stick-meta":"","header-below-stick-meta":"","astra-migrate-meta-layouts":"default","ast-page-background-enabled":"default","ast-page-background-meta":{"desktop":{"background-color":"var(--ast-global-color-4)","background-image":"","background-repeat":"repeat","background-position":"center center","background-size":"auto","background-attachment":"scroll","background-type":"","background-media":"","overlay-type":"","overlay-color":"","overlay-opacity":"","overlay-gradient":""},"tablet":{"background-color":"","background-image":"","background-repeat":"repeat","background-position":"center center","background-size":"auto","background-attachment":"scroll","background-type":"","background-media":"","overlay-type":"","overlay-color":"","overlay-opacity":"","overlay-gradient":""},"mobile":{"background-color":"","background-image":"","background-repeat":"repeat","background-position":"center center","background-size":"auto","background-attachment":"scroll","background-type":"","background-media":"","overlay-type":"","overlay-color":"","overlay-opacity":"","overlay-gradient":""}},"ast-content-background-meta":{"desktop":{"background-color":"var(--ast-global-color-5)","background-image":"","background-repeat":"repeat","background-position":"center center","background-size":"auto","background-attachment":"scroll","background-type":"","background-media":"","overlay-type":"","overlay-color":"","overlay-opacity":"","overlay-gradient":""},"tablet":{"background-color":"var(--ast-global-color-5)","background-image":"","background-repeat":"repeat","background-position":"center center","background-size":"auto","background-attachment":"scroll","background-type":"","background-media":"","overlay-type":"","overlay-color":"","overlay-opacity":"","overlay-gradient":""},"mobile":{"background-color":"var(--ast-global-color-5)","background-image":"","background-repeat":"repeat","background-position":"center center","background-size":"auto","background-attachment":"scroll","background-type":"","background-media":"","overlay-type":"","overlay-color":"","overlay-opacity":"","overlay-gradient":""}}},"product_brand":[],"product_cat":[1026,188,1124],"product_tag":[],"class_list":{"0":"post-306198","1":"product","2":"type-product","3":"status-publish","4":"has-post-thumbnail","6":"product_cat-china","7":"product_cat-freelancer","8":"product_cat-hongkong","9":"desktop-align-left","10":"tablet-align-left","11":"mobile-align-left","13":"first","14":"instock","15":"shipping-taxable","16":"product-type-simple"},"_links":{"self":[{"href":"https:\/\/poccky.com\/index.php\/wp-json\/wp\/v2\/product\/306198","targetHints":{"allow":["GET"]}}],"collection":[{"href":"https:\/\/poccky.com\/index.php\/wp-json\/wp\/v2\/product"}],"about":[{"href":"https:\/\/poccky.com\/index.php\/wp-json\/wp\/v2\/types\/product"}],"replies":[{"embeddable":true,"href":"https:\/\/poccky.com\/index.php\/wp-json\/wp\/v2\/comments?post=306198"}],"wp:featuredmedia":[{"embeddable":true,"href":"https:\/\/poccky.com\/index.php\/wp-json\/wp\/v2\/media\/168976"}],"wp:attachment":[{"href":"https:\/\/poccky.com\/index.php\/wp-json\/wp\/v2\/media?parent=306198"}],"wp:term":[{"taxonomy":"product_brand","embeddable":true,"href":"https:\/\/poccky.com\/index.php\/wp-json\/wp\/v2\/product_brand?post=306198"},{"taxonomy":"product_cat","embeddable":true,"href":"https:\/\/poccky.com\/index.php\/wp-json\/wp\/v2\/product_cat?post=306198"},{"taxonomy":"product_tag","embeddable":true,"href":"https:\/\/poccky.com\/index.php\/wp-json\/wp\/v2\/product_tag?post=306198"}],"curies":[{"name":"wp","href":"https:\/\/api.w.org\/{rel}","templated":true}]}}